{"id":2575,"date":"2020-04-14T17:02:08","date_gmt":"2020-04-14T20:02:08","guid":{"rendered":"http:\/\/www.terapiaschinesas.com.br\/?page_id=2575"},"modified":"2020-09-03T11:17:17","modified_gmt":"2020-09-03T14:17:17","slug":"medicina-chinesa","status":"publish","type":"page","link":"https:\/\/www.terapiaschinesas.com.br\/index.php\/medicina-chinesa\/","title":{"rendered":"Medicina Chinesa"},"content":{"rendered":"<p>A Medicina Tradicional Chinesa \u00e9 uma ci\u00eancia milenar chinesa, fruto da tradi\u00e7\u00e3o taoista, que possui pouco em comum com a medicina ocidental, alop\u00e1tica, e que incorpora cinco \u00e1reas principais:<\/p>\n<p>1. <strong><a href=\"https:\/\/www.terapiaschinesas.com.br\/index.php\/medicina-chinesa\/acupuntura\/\">Acupuntura<\/a><\/strong> (\u91dd\u6cd5 &#8211; Zh\u0113n F\u01ce): incluindo a moxabust\u00e3o e outras t\u00e9cnicas, como a sangria e a ventosa;<\/p>\n<p>2. <strong><a href=\"https:\/\/www.terapiaschinesas.com.br\/index.php\/medicina-chinesa\/fitoterapia\/\">Fitoterapia<\/a><\/strong> (\u4e2d\u85e5 &#8211; Zh\u014dng Y\u00e0o): uma complexa gama de conhecimentos, utilizando-se terapeuticamente de ervas, extratos e preparados vegetais, minerais e animais;<\/p>\n<p>3. <strong><a href=\"https:\/\/www.terapiaschinesas.com.br\/index.php\/medicina-chinesa\/tui-na\/\">Tui Na<\/a> <\/strong>(\u63a8\u62ff \u2013 Tu\u012b N\u00e1): milenar t\u00e9cnica chinesa de massagem;<\/p>\n<p>4. Exerc\u00edcios terap\u00eauticos: possuem v\u00e1rias modalidades, como o Q\u00ec G\u014dng (\u6c23\u529f) e o Dao In;<\/p>\n<p>5. Dietologia (\u98df\u7642 &#8211; Sh\u00ed Li\u00e1o): a alimenta\u00e7\u00e3o como ferramenta da recupera\u00e7\u00e3o e da manuten\u00e7\u00e3o da sa\u00fade.<\/p>\n<p>A MTC \u00e9 realmente muito antiga. Achados arqueol\u00f3gicos de resqu\u00edcios de instrumentos de pedra datando de per\u00edodos anteriores a 4.000 a.C. indicam os prim\u00f3rdios desta Medicina. As t\u00e9cnicas de Acupuntura se desenvolveram mais no leste da Chinesa, lugar mais ameno, enquanto no norte, normalmente muito frio, favoreceu o desenvolvimento de t\u00e9cnicas quentes como a Moxabust\u00e3o.<\/p>\n<p>O grande livro de base da MTC \u00e9 o Huang Di Nei Jing (\u9ec3 \u5e1d \u5167 \u7d93 \u2013 Tratado Interno do Imperador Amarelo), atribu\u00eddo \u00e0 figura lend\u00e1ria de Huang Di (2.697 \u2013 2.597 a.C.). Nele o Imperador Amarelo conversa com conselheiros (representados pela figura de Qi Bo) sobre os v\u00e1rios m\u00e9todos para atingir a plena sa\u00fade e a longevidade. \u00c9 considerado o livro b\u00e1sico da Acupuntura e de toda a Medicina Chinesa.<\/p>\n<p>No in\u00edcio do desenvolvimento da MTC os principais instrumentos eram feitos de pedra e seu uso perdurou por muito tempo. Mesmo depois da difus\u00e3o do uso de metais como o bronze e a confec\u00e7\u00e3o de agulhas de metal, os principais instrumentos ainda eram feitos de pedra. Gradativamente, com o avan\u00e7o t\u00e9cnico da Acupuntura \u00e9 que o uso das agulhas de metais foi ganhando for\u00e7a.<\/p>\n<p>Em 1968 a escava\u00e7\u00e3o de um t\u00famulo de 113 a.C. na prov\u00edncia de Hebei revelou um conjunto de agulhas de ouro e outro de prata, mostrando que j\u00e1 naquela \u00e9poca havia a especializa\u00e7\u00e3o nos instrumentos da Acupuntura. Um outra tumba descoberta nessa mesma \u00e9poca mostrava os trajetos dos Canais e Colaterais, escritos em seda, datados do s\u00e9c. III a.C.<\/p>\n<p>O avan\u00e7o da complexidade da Acupuntura e da Fitoterapia fez com que o c\u00e9lebre m\u00e9dico Hua Tuo (\u83ef\u4f57), que viveu no Per\u00edodo dos Tr\u00eas Reinos (220 \u2013 265), fosse capaz de usar um composto de ervas como analg\u00e9sico, para, em conjunto com a Acupuntura, realizar opera\u00e7\u00f5es cir\u00fargicas.<\/p>\n<p>A partir da Din. Ming (1368-1644) a Acupuntura entra definitivamente para o ramo das ci\u00eancias, com escolas organizadas e sistemas de tratamento cada vez mais complexos, com o aprofundamento dos teorias de Zang Fu, S\u00edndromes Bi e outros conceitos t\u00e9cnicos que usamos hoje na MTC. A Din. Qing (1644 \u2013 1912) promoveu uma regress\u00e3o nesses valores, com uma grande \u00eanfase na Fitoterapia e uma diminui\u00e7\u00e3o no status da Acupuntura e da Moxabust\u00e3o, at\u00e9 aproximadamente a Guerra do \u00d3pio (1840), quando essas terapias retornaram com muito for\u00e7a, embora sem chegarem \u00e0 import\u00e2ncia anterior. At\u00e9 hoje na China a Fitoterapia \u00e9 a ferramenta terap\u00eautica principais nos tratamentos pela MTC. Em novembro de 1987 \u00e9 fundada a World Federation of Acupuncture-Moxibustion Societies (WFAS), uma entidade que visa promover o entendimento e coopera\u00e7\u00e3o m\u00fatua sobre Acupuntura e Moxabust\u00e3o entre grupos espalhados por todo o mundo, contribuindo para o desenvolvimento da \u00e1rea e para a sa\u00fade de toda a humanidade, atrav\u00e9s de uma pr\u00e1tica \u00e9tica e de alto n\u00edvel t\u00e9cnico.<\/p>\n","protected":false},"excerpt":{"rendered":"<p>A Medicina Tradicional Chinesa \u00e9 uma ci\u00eancia milenar chinesa, fruto da tradi\u00e7\u00e3o taoista, que possui pouco em comum com a medicina ocidental, alop\u00e1tica, e que incorpora cinco \u00e1reas principais: 1. Acupuntura (\u91dd\u6cd5 &#8211; Zh\u0113n F\u01ce): incluindo a moxabust\u00e3o e outras t\u00e9cnicas, como a sangria e a ventosa; 2. Fitoterapia (\u4e2d\u85e5 &#8211; Zh\u014dng Y\u00e0o): uma complexa gama de conhecimentos, utilizando-se terapeuticamente de ervas, extratos e preparados vegetais, minerais e animais; 3. Tui Na (\u63a8\u62ff \u2013 Tu\u012b N\u00e1): milenar t\u00e9cnica chinesa de massagem; 4. Exerc\u00edcios terap\u00eauticos: possuem v\u00e1rias modalidades, como o Q\u00ec G\u014dng (\u6c23\u529f) e o Dao In; 5. Dietologia (\u98df\u7642 &#8211; Sh\u00ed Li\u00e1o): a alimenta\u00e7\u00e3o como ferramenta da recupera\u00e7\u00e3o e da manuten\u00e7\u00e3o da sa\u00fade. A MTC \u00e9 realmente muito antiga. Achados arqueol\u00f3gicos de resqu\u00edcios de instrumentos de pedra datando de per\u00edodos anteriores a 4.000 a.C. indicam os prim\u00f3rdios desta Medicina. As t\u00e9cnicas de Acupuntura se desenvolveram mais no leste da Chinesa, lugar mais ameno, enquanto no norte, normalmente muito frio, favoreceu o desenvolvimento de t\u00e9cnicas quentes como a Moxabust\u00e3o. O grande livro de base da MTC \u00e9 o Huang Di Nei Jing (\u9ec3 \u5e1d \u5167 \u7d93 \u2013 Tratado Interno do Imperador Amarelo), atribu\u00eddo \u00e0 figura lend\u00e1ria de Huang Di (2.697 \u2013 2.597 a.C.). Nele o Imperador Amarelo conversa com conselheiros (representados pela figura de Qi Bo) sobre os v\u00e1rios m\u00e9todos para atingir a plena sa\u00fade e a longevidade. \u00c9 considerado o livro b\u00e1sico da Acupuntura e de toda a Medicina Chinesa. No in\u00edcio do desenvolvimento da MTC os principais instrumentos eram feitos de pedra e seu uso perdurou por muito tempo. Mesmo depois da difus\u00e3o do uso de metais como o bronze e a confec\u00e7\u00e3o de agulhas de metal, os principais instrumentos ainda eram feitos de pedra. Gradativamente, com o avan\u00e7o t\u00e9cnico da Acupuntura \u00e9 que o uso das agulhas de metais foi ganhando for\u00e7a. Em 1968 a escava\u00e7\u00e3o de um t\u00famulo de 113 a.C. na prov\u00edncia de Hebei revelou um conjunto de agulhas de ouro e outro de prata, mostrando que j\u00e1 naquela \u00e9poca havia a especializa\u00e7\u00e3o nos instrumentos da Acupuntura. Um outra tumba descoberta nessa mesma \u00e9poca mostrava os trajetos dos Canais e Colaterais, escritos em seda, datados do s\u00e9c. III a.C. O avan\u00e7o da complexidade da Acupuntura e da Fitoterapia fez com que o c\u00e9lebre m\u00e9dico Hua Tuo (\u83ef\u4f57), que viveu no Per\u00edodo dos Tr\u00eas Reinos (220 \u2013 265), fosse capaz de usar um composto de ervas como analg\u00e9sico, para, em conjunto com a Acupuntura, realizar opera\u00e7\u00f5es cir\u00fargicas. A partir da Din. Ming (1368-1644) a Acupuntura entra definitivamente para o ramo das ci\u00eancias, com escolas organizadas e sistemas de tratamento cada vez mais complexos, com o aprofundamento dos teorias de Zang Fu, S\u00edndromes Bi e outros conceitos t\u00e9cnicos que usamos hoje na MTC. A Din. Qing (1644 \u2013 1912) promoveu uma regress\u00e3o nesses valores, com uma grande \u00eanfase na Fitoterapia e uma diminui\u00e7\u00e3o no status da Acupuntura e da Moxabust\u00e3o, at\u00e9 aproximadamente a Guerra do \u00d3pio (1840), quando essas terapias retornaram com muito for\u00e7a, embora sem chegarem \u00e0 import\u00e2ncia anterior. At\u00e9 hoje na China a Fitoterapia \u00e9 a ferramenta terap\u00eautica principais nos tratamentos pela MTC. Em novembro de 1987 \u00e9 fundada a World Federation of Acupuncture-Moxibustion Societies (WFAS), uma entidade que visa promover o entendimento e coopera\u00e7\u00e3o m\u00fatua sobre Acupuntura e Moxabust\u00e3o entre grupos espalhados por todo o mundo, contribuindo para o desenvolvimento da \u00e1rea e para a sa\u00fade de toda a humanidade, atrav\u00e9s de uma pr\u00e1tica \u00e9tica e de alto n\u00edvel t\u00e9cnico.<\/p>\n","protected":false},"author":3,"featured_media":0,"parent":0,"menu_order":2,"comment_status":"closed","ping_status":"closed","template":"","meta":{"footnotes":""},"class_list":["post-2575","page","type-page","status-publish","hentry"],"jetpack_sharing_enabled":true,"acf":[],"_links":{"self":[{"href":"https:\/\/www.terapiaschinesas.com.br\/index.php\/wp-json\/wp\/v2\/pages\/2575","targetHints":{"allow":["GET"]}}],"collection":[{"href":"https:\/\/www.terapiaschinesas.com.br\/index.php\/wp-json\/wp\/v2\/pages"}],"about":[{"href":"https:\/\/www.terapiaschinesas.com.br\/index.php\/wp-json\/wp\/v2\/types\/page"}],"author":[{"embeddable":true,"href":"https:\/\/www.terapiaschinesas.com.br\/index.php\/wp-json\/wp\/v2\/users\/3"}],"replies":[{"embeddable":true,"href":"https:\/\/www.terapiaschinesas.com.br\/index.php\/wp-json\/wp\/v2\/comments?post=2575"}],"version-history":[{"count":4,"href":"https:\/\/www.terapiaschinesas.com.br\/index.php\/wp-json\/wp\/v2\/pages\/2575\/revisions"}],"predecessor-version":[{"id":2745,"href":"https:\/\/www.terapiaschinesas.com.br\/index.php\/wp-json\/wp\/v2\/pages\/2575\/revisions\/2745"}],"wp:attachment":[{"href":"https:\/\/www.terapiaschinesas.com.br\/index.php\/wp-json\/wp\/v2\/media?parent=2575"}],"curies":[{"name":"wp","href":"https:\/\/api.w.org\/{rel}","templated":true}]}}