{"id":3299,"date":"2020-12-15T19:45:58","date_gmt":"2020-12-15T22:45:58","guid":{"rendered":"https:\/\/www.terapiaschinesas.com.br\/?page_id=3299"},"modified":"2024-03-07T11:48:13","modified_gmt":"2024-03-07T14:48:13","slug":"nossa-historia","status":"publish","type":"page","link":"https:\/\/www.terapiaschinesas.com.br\/index.php\/equipe\/nossa-historia\/","title":{"rendered":"NOSSA HIST\u00d3RIA"},"content":{"rendered":"<p><img fetchpriority=\"high\" decoding=\"async\" class=\"aligncenter size-large wp-image-3510\" src=\"https:\/\/www.terapiaschinesas.com.br\/wp-content\/uploads\/2022\/09\/quem-somos-1024x381.jpg\" alt=\"\" width=\"960\" height=\"357\" srcset=\"https:\/\/www.terapiaschinesas.com.br\/wp-content\/uploads\/2022\/09\/quem-somos-1024x381.jpg 1024w, https:\/\/www.terapiaschinesas.com.br\/wp-content\/uploads\/2022\/09\/quem-somos-300x112.jpg 300w, https:\/\/www.terapiaschinesas.com.br\/wp-content\/uploads\/2022\/09\/quem-somos-768x286.jpg 768w, https:\/\/www.terapiaschinesas.com.br\/wp-content\/uploads\/2022\/09\/quem-somos-600x223.jpg 600w, https:\/\/www.terapiaschinesas.com.br\/wp-content\/uploads\/2022\/09\/quem-somos.jpg 1080w\" sizes=\"(max-width: 960px) 100vw, 960px\" \/><\/p>\n<p>Somos uma equipe de terapeutas de medicina chinesa, trabalhando da forma mais tradicional e profunda poss\u00edvel, utilizando seus m\u00e9todos de diagn\u00f3stico para a escolha das ferramentas cl\u00ednicas mais apropriadas para cada paciente, em cada situa\u00e7\u00e3o. Utilizamos todos os bra\u00e7os cl\u00ednicos dessa medicina: acupuntura, massoterapia Tui Na, fitoterapia, moxabust\u00e3o, ventosaterapia, auriculoterapia, exerc\u00edcios para sa\u00fade (Qi Gong) e dietoterapia.<\/p>\n<p>&nbsp;<\/p>\n<p>Nossa hist\u00f3ria do nosso consult\u00f3rio come\u00e7ou h\u00e1 20 anos com o trabalho da <a href=\"https:\/\/www.terapiaschinesas.com.br\/index.php\/equipe\/\">Profa. Helena Guimar\u00e3es<\/a>, quando abriu seu consult\u00f3rio na regi\u00e3o do Butant\u00e3. Em 2005 o <a href=\"https:\/\/www.terapiaschinesas.com.br\/index.php\/equipe\/\">Prof. Edgar Cantelli<\/a> encerrou as atividades do seu consult\u00f3rio na Zona Leste e passou a trabalhar em conjunto com agora sua esposa.<\/p>\n<p>&nbsp;<\/p>\n<p>H\u00e1 mais de 12 anos o <a href=\"https:\/\/www.terapiaschinesas.com.br\/index.php\/equipe\/\">Prof. Edgar Cantelli<\/a> ministra cursos de forma\u00e7\u00e3o em Medicina Chinesa no CEMETRAC (Centro de Estudos de Medicina Tradicional e Cultura Chinesa), fundado e dirigido pelo Mestre Liu Chih Ming. O <a href=\"https:\/\/www.terapiaschinesas.com.br\/index.php\/equipe\/\">Prof. Edgar<\/a> tamb\u00e9m ministra cursos avan\u00e7ados, tanto presencialmente como online.<\/p>\n<p>&nbsp;<\/p>\n<p>Em 2016 nossa equipe cresceu, com o ingresso do casal <a href=\"https:\/\/www.terapiaschinesas.com.br\/index.php\/equipe\/\">Juliana Saito<\/a> e<a href=\"https:\/\/www.terapiaschinesas.com.br\/index.php\/equipe\/\"> Ian Mendon\u00e7a<\/a>, ambos ex-alunos do Prof. Edgar. Em 2017 nosso consult\u00f3rio passou para o endere\u00e7o atual, ao lado do metr\u00f4 Butant\u00e3 \u2013 Av. Vital Brasil 305 \u2013 sala 101.<\/p>\n<p>&nbsp;<\/p>\n<p>Em 2020 mais uma ex-aluna foi convidada para a nossa equipe: <a href=\"https:\/\/www.terapiaschinesas.com.br\/index.php\/equipe\/\">Laryssa Valente,<\/a> que enriqueceu nosso consult\u00f3rio com suas especialidades tamb\u00e9m em Feng Shui e outras artes taoistas. O mais recente membro do nosso time \u00e9 <a href=\"https:\/\/www.terapiaschinesas.com.br\/index.php\/equipe\/\">Paulo Meola<\/a>, que ingressou no consult\u00f3rio em 2023, trazendo tamb\u00e9m sua experi\u00eancia em Astrologia Chinesa e I Ching.<\/p>\n<p><strong><a href=\"https:\/\/www.terapiaschinesas.com.br\/index.php\/equipe\/\">Clicando voc\u00ea encontra um pouco mais das nossas forma\u00e7\u00f5es e atividades<\/a><\/strong>.<\/p>\n","protected":false},"excerpt":{"rendered":"<p>Somos uma equipe de terapeutas de medicina chinesa, trabalhando da forma mais tradicional e profunda poss\u00edvel, utilizando seus m\u00e9todos de diagn\u00f3stico para a escolha das ferramentas cl\u00ednicas mais apropriadas para cada paciente, em cada situa\u00e7\u00e3o. Utilizamos todos os bra\u00e7os cl\u00ednicos dessa medicina: acupuntura, massoterapia Tui Na, fitoterapia, moxabust\u00e3o, ventosaterapia, auriculoterapia, exerc\u00edcios para sa\u00fade (Qi Gong) e dietoterapia. &nbsp; Nossa hist\u00f3ria do nosso consult\u00f3rio come\u00e7ou h\u00e1 20 anos com o trabalho da Profa. Helena Guimar\u00e3es, quando abriu seu consult\u00f3rio na regi\u00e3o do Butant\u00e3. Em 2005 o Prof. Edgar Cantelli encerrou as atividades do seu consult\u00f3rio na Zona Leste e passou a trabalhar em conjunto com agora sua esposa. &nbsp; H\u00e1 mais de 12 anos o Prof. Edgar Cantelli ministra cursos de forma\u00e7\u00e3o em Medicina Chinesa no CEMETRAC (Centro de Estudos de Medicina Tradicional e Cultura Chinesa), fundado e dirigido pelo Mestre Liu Chih Ming. O Prof. Edgar tamb\u00e9m ministra cursos avan\u00e7ados, tanto presencialmente como online. &nbsp; Em 2016 nossa equipe cresceu, com o ingresso do casal Juliana Saito e Ian Mendon\u00e7a, ambos ex-alunos do Prof. Edgar. Em 2017 nosso consult\u00f3rio passou para o endere\u00e7o atual, ao lado do metr\u00f4 Butant\u00e3 \u2013 Av. Vital Brasil 305 \u2013 sala 101. &nbsp; Em 2020 mais uma ex-aluna foi convidada para a nossa equipe: Laryssa Valente, que enriqueceu nosso consult\u00f3rio com suas especialidades tamb\u00e9m em Feng Shui e outras artes taoistas. O mais recente membro do nosso time \u00e9 Paulo Meola, que ingressou no consult\u00f3rio em 2023, trazendo tamb\u00e9m sua experi\u00eancia em Astrologia Chinesa e I Ching. Clicando voc\u00ea encontra um pouco mais das nossas forma\u00e7\u00f5es e atividades.<\/p>\n","protected":false},"author":3,"featured_media":0,"parent":41,"menu_order":1,"comment_status":"closed","ping_status":"closed","template":"","meta":{"footnotes":""},"class_list":["post-3299","page","type-page","status-publish","hentry"],"jetpack_sharing_enabled":true,"acf":[],"_links":{"self":[{"href":"https:\/\/www.terapiaschinesas.com.br\/index.php\/wp-json\/wp\/v2\/pages\/3299","targetHints":{"allow":["GET"]}}],"collection":[{"href":"https:\/\/www.terapiaschinesas.com.br\/index.php\/wp-json\/wp\/v2\/pages"}],"about":[{"href":"https:\/\/www.terapiaschinesas.com.br\/index.php\/wp-json\/wp\/v2\/types\/page"}],"author":[{"embeddable":true,"href":"https:\/\/www.terapiaschinesas.com.br\/index.php\/wp-json\/wp\/v2\/users\/3"}],"replies":[{"embeddable":true,"href":"https:\/\/www.terapiaschinesas.com.br\/index.php\/wp-json\/wp\/v2\/comments?post=3299"}],"version-history":[{"count":6,"href":"https:\/\/www.terapiaschinesas.com.br\/index.php\/wp-json\/wp\/v2\/pages\/3299\/revisions"}],"predecessor-version":[{"id":3743,"href":"https:\/\/www.terapiaschinesas.com.br\/index.php\/wp-json\/wp\/v2\/pages\/3299\/revisions\/3743"}],"up":[{"embeddable":true,"href":"https:\/\/www.terapiaschinesas.com.br\/index.php\/wp-json\/wp\/v2\/pages\/41"}],"wp:attachment":[{"href":"https:\/\/www.terapiaschinesas.com.br\/index.php\/wp-json\/wp\/v2\/media?parent=3299"}],"curies":[{"name":"wp","href":"https:\/\/api.w.org\/{rel}","templated":true}]}}