{"id":3302,"date":"2020-12-15T19:47:59","date_gmt":"2020-12-15T22:47:59","guid":{"rendered":"https:\/\/www.terapiaschinesas.com.br\/?page_id=3302"},"modified":"2022-10-20T12:05:32","modified_gmt":"2022-10-20T15:05:32","slug":"escolas-parceiras","status":"publish","type":"page","link":"https:\/\/www.terapiaschinesas.com.br\/index.php\/equipe\/escolas-parceiras\/","title":{"rendered":"Escolas Parceiras"},"content":{"rendered":"<p><img fetchpriority=\"high\" decoding=\"async\" class=\"aligncenter\" src=\"https:\/\/www.terapiaschinesas.com.br\/wp-content\/uploads\/2020\/12\/cemetrac.jpg\" alt=\"\" width=\"403\" height=\"273\" \/><\/p>\n<p>O <a href=\"https:\/\/www.terapiaschinesas.com.br\/index.php\/equipe\/\">Prof. Edgar Cantelli<\/a> \u00e9 respons\u00e1vel h\u00e1 13 anos pelo curso de forma\u00e7\u00e3o em Massoterapia Chinesa Tui Na e h\u00e1 10 anos de Acupuntura no CEMETRAC (Centro de Estudos de Medicina Tradicional e Cultura Chinesa), uma das mais respeitadas escolas de Medicina Chinesa do Brasil. Fundada pelo Mestre Liu Chih Ming em 1995 tem como objetivo a transmiss\u00e3o da filosofia taoista e de suas artes, como a Medicina Chinesa e as pr\u00e1ticas de cultivo da sa\u00fade, como o Qi Gong e o Tai Qi Juan.<\/p>\n<p>Abaixo apresentamos um v\u00eddeo sobre a hist\u00f3ria e as caracter\u00edsticas da Linhagem Agulha de Ouro de Acupuntura, trazida e mantida ao Brasil pelo CEMETRAC:<\/p>\n<p style=\"text-align: center;\"><figure class=\"wp-block-embed wp-block-embed-youtube is-type-video is-provider-youtube epyt-figure\"><div class=\"wp-block-embed__wrapper\"><div  id=\"_ytid_38288\"  width=\"960\" height=\"540\"  data-origwidth=\"960\" data-origheight=\"540\" data-facadesrc=\"https:\/\/www.youtube.com\/embed\/FzWwd6mCQL4?enablejsapi=1&autoplay=0&cc_load_policy=0&cc_lang_pref=&iv_load_policy=1&loop=0&rel=0&fs=1&playsinline=0&autohide=2&theme=dark&color=red&controls=1&\" class=\"__youtube_prefs__ epyt-facade no-lazyload\" data-epautoplay=\"1\" ><img decoding=\"async\" data-spai-excluded=\"true\" class=\"epyt-facade-poster skip-lazy\" loading=\"lazy\"  alt=\"YouTube player\"  src=\"https:\/\/i.ytimg.com\/vi\/FzWwd6mCQL4\/maxresdefault.jpg\"  \/><button class=\"epyt-facade-play\" aria-label=\"Play\"><svg data-no-lazy=\"1\" height=\"100%\" version=\"1.1\" viewBox=\"0 0 68 48\" width=\"100%\"><path class=\"ytp-large-play-button-bg\" d=\"M66.52,7.74c-0.78-2.93-2.49-5.41-5.42-6.19C55.79,.13,34,0,34,0S12.21,.13,6.9,1.55 C3.97,2.33,2.27,4.81,1.48,7.74C0.06,13.05,0,24,0,24s0.06,10.95,1.48,16.26c0.78,2.93,2.49,5.41,5.42,6.19 C12.21,47.87,34,48,34,48s21.79-0.13,27.1-1.55c2.93-0.78,4.64-3.26,5.42-6.19C67.94,34.95,68,24,68,24S67.94,13.05,66.52,7.74z\" fill=\"#f00\"><\/path><path d=\"M 45,24 27,14 27,34\" fill=\"#fff\"><\/path><\/svg><\/button><\/div><\/div><\/figure><\/p>\n<h3>CEMETRAC (Centro de Estudos de Medicina Tradicional e Cultura Chinesa)<\/h3>\n<p><strong>Localiza\u00e7\u00e3o:<\/strong>\u00a0Rua Pirapitingui, 156, Liberdade, S\u00e3o Paulo \u2013 SP. Muito pr\u00f3ximo \u00e0 esta\u00e7\u00e3o S\u00e3o Joaquim do metr\u00f4.<\/p>\n<p><strong>Contato:<\/strong> (11) 3209-8189 \/ (11) 3341-6038\u00a0 ou pelo email\u00a0<a href=\"mailto:info@cemetrac.com.br\">info@cemetrac.com.br<\/a><\/p>\n<p><img decoding=\"async\" class=\"aligncenter wp-image-3310\" src=\"https:\/\/www.terapiaschinesas.com.br\/wp-content\/uploads\/2020\/12\/Logo-CEDITRAC-fundo-vermelho.png\" alt=\"\" width=\"382\" height=\"385\" srcset=\"https:\/\/www.terapiaschinesas.com.br\/wp-content\/uploads\/2020\/12\/Logo-CEDITRAC-fundo-vermelho.png 608w, https:\/\/www.terapiaschinesas.com.br\/wp-content\/uploads\/2020\/12\/Logo-CEDITRAC-fundo-vermelho-297x300.png 297w, https:\/\/www.terapiaschinesas.com.br\/wp-content\/uploads\/2020\/12\/Logo-CEDITRAC-fundo-vermelho-150x150.png 150w, https:\/\/www.terapiaschinesas.com.br\/wp-content\/uploads\/2020\/12\/Logo-CEDITRAC-fundo-vermelho-75x75.png 75w, https:\/\/www.terapiaschinesas.com.br\/wp-content\/uploads\/2020\/12\/Logo-CEDITRAC-fundo-vermelho-600x606.png 600w, https:\/\/www.terapiaschinesas.com.br\/wp-content\/uploads\/2020\/12\/Logo-CEDITRAC-fundo-vermelho-100x100.png 100w\" sizes=\"(max-width: 382px) 100vw, 382px\" \/><\/p>\n<p>H\u00e1 4 anos o <a href=\"https:\/\/www.terapiaschinesas.com.br\/index.php\/equipe\/\">Prof. Edgar Cantelli<\/a> coordena os cursos de forma\u00e7\u00e3o em Massoterapia Chinesa Tui Na no CEDITRAC, em Cuiab\u00e1. Realizamos em 2019 a primeira turma de forma\u00e7\u00e3o e atualmente estamos ministrando o Curso Avan\u00e7ado de Diagn\u00f3stico, Diferencia\u00e7\u00e3o e Tratamento da Medicina Chinesa, ministrado pelo <a href=\"https:\/\/www.terapiaschinesas.com.br\/index.php\/equipe\/\">Prof. Ian Mendon\u00e7a<\/a>.<\/p>\n<p>Em 2023 temos previs\u00e3o de abertura de uma nova turma de Massoterapia Chinesa Tui Na e a primeira turma de forma\u00e7\u00e3o em Acupuntura!\u00a0 <strong><a href=\"https:\/\/www.ceditrac.com.br\/\">Saiba mais clicando aqui<\/a><\/strong>.<\/p>\n<h3>CEDITRAC (Centro de Estudos e Difus\u00e3o de Terapias Tradicionais Chinesas)<\/h3>\n<p>Cuiab\u00e1 &#8211; MT \/ (65) 3027 6617 &#8211; WhatsApp \/ <a href=\"mailto:contato@ceditrac.com.br\">contato@ceditrac.com.br<\/a><\/p>\n<p><img decoding=\"async\" class=\"aligncenter wp-image-3291\" src=\"https:\/\/www.terapiaschinesas.com.br\/wp-content\/uploads\/2020\/12\/Logo.png\" alt=\"\" width=\"379\" height=\"380\" srcset=\"https:\/\/www.terapiaschinesas.com.br\/wp-content\/uploads\/2020\/12\/Logo.png 648w, https:\/\/www.terapiaschinesas.com.br\/wp-content\/uploads\/2020\/12\/Logo-300x300.png 300w, https:\/\/www.terapiaschinesas.com.br\/wp-content\/uploads\/2020\/12\/Logo-150x150.png 150w, https:\/\/www.terapiaschinesas.com.br\/wp-content\/uploads\/2020\/12\/Logo-75x75.png 75w, https:\/\/www.terapiaschinesas.com.br\/wp-content\/uploads\/2020\/12\/Logo-600x602.png 600w, https:\/\/www.terapiaschinesas.com.br\/wp-content\/uploads\/2020\/12\/Logo-100x100.png 100w\" sizes=\"(max-width: 379px) 100vw, 379px\" \/><\/p>\n<p>H\u00e1 3 anos iniciamos a parceira com o Espa\u00e7o Eu-Movimento para a realiza\u00e7\u00e3o de cursos e forma\u00e7\u00f5es em Medicina Chinesa. Em 2021 iniciaremos uma a turma de forma\u00e7\u00e3o em Massoterapia Chinesa Tui Na com os Professores <a href=\"https:\/\/www.eu-movimento.com\/tuina\">F<\/a><a href=\"https:\/\/www.eu-movimento.com\/tuina\">elipe Lima Silva<\/a> e <a href=\"https:\/\/www.eu-movimento.com\/tuina\">Sheila Rafaini<\/a>. <a href=\"https:\/\/www.eu-movimento.com\/tuina\">Clique aqui para mais informa\u00e7\u00f5es!<\/a><\/p>\n<p>Recentemente realizamos nessa parceria uma s\u00e9rie de lives muito enriquecedoras sobre Medicina Chinesa e suas ferramentas de promo\u00e7\u00e3o de sa\u00fade que voc\u00ea pode conferir as grava\u00e7\u00f5es abaixo:<\/p>\n<p style=\"text-align: center;\"><figure class=\"wp-block-embed wp-block-embed-youtube is-type-video is-provider-youtube epyt-figure\"><div class=\"wp-block-embed__wrapper\"><div  id=\"_ytid_12698\"  width=\"960\" height=\"540\"  data-origwidth=\"960\" data-origheight=\"540\" data-facadesrc=\"https:\/\/www.youtube.com\/embed\/Sa0rjjURAXM?enablejsapi=1&autoplay=0&cc_load_policy=0&cc_lang_pref=&iv_load_policy=1&loop=0&rel=0&fs=1&playsinline=0&autohide=2&theme=dark&color=red&controls=1&\" class=\"__youtube_prefs__ epyt-facade no-lazyload\" data-epautoplay=\"1\" ><img decoding=\"async\" data-spai-excluded=\"true\" class=\"epyt-facade-poster skip-lazy\" loading=\"lazy\"  alt=\"YouTube player\"  src=\"https:\/\/i.ytimg.com\/vi\/Sa0rjjURAXM\/maxresdefault.jpg\"  \/><button class=\"epyt-facade-play\" aria-label=\"Play\"><svg data-no-lazy=\"1\" height=\"100%\" version=\"1.1\" viewBox=\"0 0 68 48\" width=\"100%\"><path class=\"ytp-large-play-button-bg\" d=\"M66.52,7.74c-0.78-2.93-2.49-5.41-5.42-6.19C55.79,.13,34,0,34,0S12.21,.13,6.9,1.55 C3.97,2.33,2.27,4.81,1.48,7.74C0.06,13.05,0,24,0,24s0.06,10.95,1.48,16.26c0.78,2.93,2.49,5.41,5.42,6.19 C12.21,47.87,34,48,34,48s21.79-0.13,27.1-1.55c2.93-0.78,4.64-3.26,5.42-6.19C67.94,34.95,68,24,68,24S67.94,13.05,66.52,7.74z\" fill=\"#f00\"><\/path><path d=\"M 45,24 27,14 27,34\" fill=\"#fff\"><\/path><\/svg><\/button><\/div><\/div><\/figure><\/p>\n<p style=\"text-align: center;\"><figure class=\"wp-block-embed wp-block-embed-youtube is-type-video is-provider-youtube epyt-figure\"><div class=\"wp-block-embed__wrapper\"><div  id=\"_ytid_61451\"  width=\"960\" height=\"540\"  data-origwidth=\"960\" data-origheight=\"540\" data-facadesrc=\"https:\/\/www.youtube.com\/embed\/8AA6_Ag9z0o?enablejsapi=1&autoplay=0&cc_load_policy=0&cc_lang_pref=&iv_load_policy=1&loop=0&rel=0&fs=1&playsinline=0&autohide=2&theme=dark&color=red&controls=1&\" class=\"__youtube_prefs__ epyt-facade no-lazyload\" data-epautoplay=\"1\" ><img decoding=\"async\" data-spai-excluded=\"true\" class=\"epyt-facade-poster skip-lazy\" loading=\"lazy\"  alt=\"YouTube player\"  src=\"https:\/\/i.ytimg.com\/vi\/8AA6_Ag9z0o\/maxresdefault.jpg\"  \/><button class=\"epyt-facade-play\" aria-label=\"Play\"><svg data-no-lazy=\"1\" height=\"100%\" version=\"1.1\" viewBox=\"0 0 68 48\" width=\"100%\"><path class=\"ytp-large-play-button-bg\" d=\"M66.52,7.74c-0.78-2.93-2.49-5.41-5.42-6.19C55.79,.13,34,0,34,0S12.21,.13,6.9,1.55 C3.97,2.33,2.27,4.81,1.48,7.74C0.06,13.05,0,24,0,24s0.06,10.95,1.48,16.26c0.78,2.93,2.49,5.41,5.42,6.19 C12.21,47.87,34,48,34,48s21.79-0.13,27.1-1.55c2.93-0.78,4.64-3.26,5.42-6.19C67.94,34.95,68,24,68,24S67.94,13.05,66.52,7.74z\" fill=\"#f00\"><\/path><path d=\"M 45,24 27,14 27,34\" fill=\"#fff\"><\/path><\/svg><\/button><\/div><\/div><\/figure><\/p>\n<p style=\"text-align: center;\"><figure class=\"wp-block-embed wp-block-embed-youtube is-type-video is-provider-youtube epyt-figure\"><div class=\"wp-block-embed__wrapper\"><div  id=\"_ytid_85113\"  width=\"960\" height=\"540\"  data-origwidth=\"960\" data-origheight=\"540\" data-facadesrc=\"https:\/\/www.youtube.com\/embed\/Z3HlESKQDS8?enablejsapi=1&autoplay=0&cc_load_policy=0&cc_lang_pref=&iv_load_policy=1&loop=0&rel=0&fs=1&playsinline=0&autohide=2&theme=dark&color=red&controls=1&\" class=\"__youtube_prefs__ epyt-facade no-lazyload\" data-epautoplay=\"1\" ><img decoding=\"async\" data-spai-excluded=\"true\" class=\"epyt-facade-poster skip-lazy\" loading=\"lazy\"  alt=\"YouTube player\"  src=\"https:\/\/i.ytimg.com\/vi\/Z3HlESKQDS8\/maxresdefault.jpg\"  \/><button class=\"epyt-facade-play\" aria-label=\"Play\"><svg data-no-lazy=\"1\" height=\"100%\" version=\"1.1\" viewBox=\"0 0 68 48\" width=\"100%\"><path class=\"ytp-large-play-button-bg\" d=\"M66.52,7.74c-0.78-2.93-2.49-5.41-5.42-6.19C55.79,.13,34,0,34,0S12.21,.13,6.9,1.55 C3.97,2.33,2.27,4.81,1.48,7.74C0.06,13.05,0,24,0,24s0.06,10.95,1.48,16.26c0.78,2.93,2.49,5.41,5.42,6.19 C12.21,47.87,34,48,34,48s21.79-0.13,27.1-1.55c2.93-0.78,4.64-3.26,5.42-6.19C67.94,34.95,68,24,68,24S67.94,13.05,66.52,7.74z\" fill=\"#f00\"><\/path><path d=\"M 45,24 27,14 27,34\" fill=\"#fff\"><\/path><\/svg><\/button><\/div><\/div><\/figure><\/p>\n<p>Em 2023 temos previs\u00e3o de abertura de uma nova turma de Massoterapia Chinesa Tui Na!\u00a0 <strong><a href=\"https:\/\/www.eu-movimento.com\/\">Saiba mais clicando aqui<\/a><\/strong>.<\/p>\n<h3>Espa\u00e7o Eu-Movimento<\/h3>\n<p><strong>Localiza\u00e7\u00e3o:<\/strong> Rua Jer\u00f4nimo Pattaro, 487 &#8211; Bar\u00e3o Geraldo &#8211; Campinas<\/p>\n<p><strong>Contato:<\/strong> <a href=\"mailto:eumovimentoterapiaearte@gmail.com\">eumovimentoterapiaearte@gmail.com<\/a> \/ <a href=\"https:\/\/api.whatsapp.com\/send?phone=5519993737384\">Clique aqui para entrar em contato diretamente por Whatsapp<\/a><\/p>\n<p><img loading=\"lazy\" decoding=\"async\" class=\"aligncenter size-medium wp-image-3554\" src=\"https:\/\/www.terapiaschinesas.com.br\/wp-content\/uploads\/2022\/09\/logo-vector-1-300x297.jpg\" alt=\"\" width=\"300\" height=\"297\" srcset=\"https:\/\/www.terapiaschinesas.com.br\/wp-content\/uploads\/2022\/09\/logo-vector-1-300x297.jpg 300w, https:\/\/www.terapiaschinesas.com.br\/wp-content\/uploads\/2022\/09\/logo-vector-1-1024x1013.jpg 1024w, https:\/\/www.terapiaschinesas.com.br\/wp-content\/uploads\/2022\/09\/logo-vector-1-150x150.jpg 150w, https:\/\/www.terapiaschinesas.com.br\/wp-content\/uploads\/2022\/09\/logo-vector-1-768x760.jpg 768w, https:\/\/www.terapiaschinesas.com.br\/wp-content\/uploads\/2022\/09\/logo-vector-1-1140x1128.jpg 1140w, https:\/\/www.terapiaschinesas.com.br\/wp-content\/uploads\/2022\/09\/logo-vector-1-75x75.jpg 75w, https:\/\/www.terapiaschinesas.com.br\/wp-content\/uploads\/2022\/09\/logo-vector-1-600x594.jpg 600w, https:\/\/www.terapiaschinesas.com.br\/wp-content\/uploads\/2022\/09\/logo-vector-1-100x100.jpg 100w, https:\/\/www.terapiaschinesas.com.br\/wp-content\/uploads\/2022\/09\/logo-vector-1.jpg 1361w\" sizes=\"(max-width: 300px) 100vw, 300px\" \/><\/p>\n<p>H\u00e1 1 ano iniciamos a parceria com a Escola Ci\u00eancia da Vida, em Arcoverde, Pernambuco. Estamos no segundo ano da nossa primeira turma de forma\u00e7\u00e3o em Acupuntura e para o pr\u00f3ximo ano estamos planejando a abertura de novas turmas de forma\u00e7\u00e3o, tanto de Acupuntura, como de Massoterapia Chinesa Tui Na.<\/p>\n<h3>Escola Ci\u00eancia da Vida: <a href=\"https:\/\/escolacienciadavida.com.br\/\">https:\/\/escolacienciadavida.com.br\/<\/a><\/h3>\n<p>&nbsp;<\/p>\n<p><img loading=\"lazy\" decoding=\"async\" class=\"aligncenter size-medium wp-image-3555\" src=\"https:\/\/www.terapiaschinesas.com.br\/wp-content\/uploads\/2022\/09\/Logo-Potala-300x262.webp\" alt=\"\" width=\"300\" height=\"262\" srcset=\"https:\/\/www.terapiaschinesas.com.br\/wp-content\/uploads\/2022\/09\/Logo-Potala-300x262.webp 300w, https:\/\/www.terapiaschinesas.com.br\/wp-content\/uploads\/2022\/09\/Logo-Potala.webp 476w\" sizes=\"(max-width: 300px) 100vw, 300px\" \/><\/p>\n<p>Em Novembro de 2022 iniciaremos a nossa primeira turma de forma\u00e7\u00e3o em Acupuntura no Instituto Potala, em Indaiatuba, S\u00e3o Paulo. <strong><a href=\"https:\/\/www.institutopotala.com\/curso-de-acupuntura\">Saiba mais clicando aqui<\/a><\/strong>.<\/p>\n<p>Endere\u00e7o: Rua 24 de Maio, 748 &#8211; Centro &#8211; Indaiatuba\/SP<\/p>\n<p>Telefone: (19) 3834-6147 Whatsapp: (19) 99776-6131<\/p>\n<p>Email: contato@institutopotala.com<\/p>\n","protected":false},"excerpt":{"rendered":"<p>O Prof. Edgar Cantelli \u00e9 respons\u00e1vel h\u00e1 13 anos pelo curso de forma\u00e7\u00e3o em Massoterapia Chinesa Tui Na e h\u00e1 10 anos de Acupuntura no CEMETRAC (Centro de Estudos de Medicina Tradicional e Cultura Chinesa), uma das mais respeitadas escolas de Medicina Chinesa do Brasil. Fundada pelo Mestre Liu Chih Ming em 1995 tem como objetivo a transmiss\u00e3o da filosofia taoista e de suas artes, como a Medicina Chinesa e as pr\u00e1ticas de cultivo da sa\u00fade, como o Qi Gong e o Tai Qi Juan. Abaixo apresentamos um v\u00eddeo sobre a hist\u00f3ria e as caracter\u00edsticas da Linhagem Agulha de Ouro de Acupuntura, trazida e mantida ao Brasil pelo CEMETRAC: CEMETRAC (Centro de Estudos de Medicina Tradicional e Cultura Chinesa) Localiza\u00e7\u00e3o:\u00a0Rua Pirapitingui, 156, Liberdade, S\u00e3o Paulo \u2013 SP. Muito pr\u00f3ximo \u00e0 esta\u00e7\u00e3o S\u00e3o Joaquim do metr\u00f4. Contato: (11) 3209-8189 \/ (11) 3341-6038\u00a0 ou pelo email\u00a0info@cemetrac.com.br H\u00e1 4 anos o Prof. Edgar Cantelli coordena os cursos de forma\u00e7\u00e3o em Massoterapia Chinesa Tui Na no CEDITRAC, em Cuiab\u00e1. Realizamos em 2019 a primeira turma de forma\u00e7\u00e3o e atualmente estamos ministrando o Curso Avan\u00e7ado de Diagn\u00f3stico, Diferencia\u00e7\u00e3o e Tratamento da Medicina Chinesa, ministrado pelo Prof. Ian Mendon\u00e7a. Em 2023 temos previs\u00e3o de abertura de uma nova turma de Massoterapia Chinesa Tui Na e a primeira turma de forma\u00e7\u00e3o em Acupuntura!\u00a0 Saiba mais clicando aqui. CEDITRAC (Centro de Estudos e Difus\u00e3o de Terapias Tradicionais Chinesas) Cuiab\u00e1 &#8211; MT \/ (65) 3027 6617 &#8211; WhatsApp \/ contato@ceditrac.com.br H\u00e1 3 anos iniciamos a parceira com o Espa\u00e7o Eu-Movimento para a realiza\u00e7\u00e3o de cursos e forma\u00e7\u00f5es em Medicina Chinesa. Em 2021 iniciaremos uma a turma de forma\u00e7\u00e3o em Massoterapia Chinesa Tui Na com os Professores Felipe Lima Silva e Sheila Rafaini. Clique aqui para mais informa\u00e7\u00f5es! Recentemente realizamos nessa parceria uma s\u00e9rie de lives muito enriquecedoras sobre Medicina Chinesa e suas ferramentas de promo\u00e7\u00e3o de sa\u00fade que voc\u00ea pode conferir as grava\u00e7\u00f5es abaixo: Em 2023 temos previs\u00e3o de abertura de uma nova turma de Massoterapia Chinesa Tui Na!\u00a0 Saiba mais clicando aqui. Espa\u00e7o Eu-Movimento Localiza\u00e7\u00e3o: Rua Jer\u00f4nimo Pattaro, 487 &#8211; Bar\u00e3o Geraldo &#8211; Campinas Contato: eumovimentoterapiaearte@gmail.com \/ Clique aqui para entrar em contato diretamente por Whatsapp H\u00e1 1 ano iniciamos a parceria com a Escola Ci\u00eancia da Vida, em Arcoverde, Pernambuco. Estamos no segundo ano da nossa primeira turma de forma\u00e7\u00e3o em Acupuntura e para o pr\u00f3ximo ano estamos planejando a abertura de novas turmas de forma\u00e7\u00e3o, tanto de Acupuntura, como de Massoterapia Chinesa Tui Na. Escola Ci\u00eancia da Vida: https:\/\/escolacienciadavida.com.br\/ &nbsp; Em Novembro de 2022 iniciaremos a nossa primeira turma de forma\u00e7\u00e3o em Acupuntura no Instituto Potala, em Indaiatuba, S\u00e3o Paulo. Saiba mais clicando aqui. Endere\u00e7o: Rua 24 de Maio, 748 &#8211; Centro &#8211; Indaiatuba\/SP Telefone: (19) 3834-6147 Whatsapp: (19) 99776-6131 Email: contato@institutopotala.com<\/p>\n","protected":false},"author":3,"featured_media":0,"parent":41,"menu_order":2,"comment_status":"closed","ping_status":"closed","template":"","meta":{"footnotes":""},"class_list":["post-3302","page","type-page","status-publish","hentry"],"jetpack_sharing_enabled":true,"acf":[],"_links":{"self":[{"href":"https:\/\/www.terapiaschinesas.com.br\/index.php\/wp-json\/wp\/v2\/pages\/3302","targetHints":{"allow":["GET"]}}],"collection":[{"href":"https:\/\/www.terapiaschinesas.com.br\/index.php\/wp-json\/wp\/v2\/pages"}],"about":[{"href":"https:\/\/www.terapiaschinesas.com.br\/index.php\/wp-json\/wp\/v2\/types\/page"}],"author":[{"embeddable":true,"href":"https:\/\/www.terapiaschinesas.com.br\/index.php\/wp-json\/wp\/v2\/users\/3"}],"replies":[{"embeddable":true,"href":"https:\/\/www.terapiaschinesas.com.br\/index.php\/wp-json\/wp\/v2\/comments?post=3302"}],"version-history":[{"count":9,"href":"https:\/\/www.terapiaschinesas.com.br\/index.php\/wp-json\/wp\/v2\/pages\/3302\/revisions"}],"predecessor-version":[{"id":3564,"href":"https:\/\/www.terapiaschinesas.com.br\/index.php\/wp-json\/wp\/v2\/pages\/3302\/revisions\/3564"}],"up":[{"embeddable":true,"href":"https:\/\/www.terapiaschinesas.com.br\/index.php\/wp-json\/wp\/v2\/pages\/41"}],"wp:attachment":[{"href":"https:\/\/www.terapiaschinesas.com.br\/index.php\/wp-json\/wp\/v2\/media?parent=3302"}],"curies":[{"name":"wp","href":"https:\/\/api.w.org\/{rel}","templated":true}]}}