{"id":47,"date":"2008-10-08T18:36:37","date_gmt":"2008-10-08T21:36:37","guid":{"rendered":"http:\/\/terapiaschinesas.wordpress.com\/?page_id=47"},"modified":"2022-09-21T12:03:00","modified_gmt":"2022-09-21T15:03:00","slug":"tui-na","status":"publish","type":"page","link":"https:\/\/www.terapiaschinesas.com.br\/index.php\/medicina-chinesa\/tui-na\/","title":{"rendered":"Tui Na"},"content":{"rendered":"<p><img fetchpriority=\"high\" decoding=\"async\" class=\"size-large wp-image-3525 aligncenter\" src=\"https:\/\/www.terapiaschinesas.com.br\/wp-content\/uploads\/2022\/09\/tuina-1024x381.jpg\" alt=\"\" width=\"960\" height=\"357\" srcset=\"https:\/\/www.terapiaschinesas.com.br\/wp-content\/uploads\/2022\/09\/tuina-1024x381.jpg 1024w, https:\/\/www.terapiaschinesas.com.br\/wp-content\/uploads\/2022\/09\/tuina-300x112.jpg 300w, https:\/\/www.terapiaschinesas.com.br\/wp-content\/uploads\/2022\/09\/tuina-768x286.jpg 768w, https:\/\/www.terapiaschinesas.com.br\/wp-content\/uploads\/2022\/09\/tuina-600x223.jpg 600w, https:\/\/www.terapiaschinesas.com.br\/wp-content\/uploads\/2022\/09\/tuina.jpg 1080w\" sizes=\"(max-width: 960px) 100vw, 960px\" \/><\/p>\n<p>O Tui Na (\u63a8\u62ff) \u00e9 uma arte terap\u00eautica manual, com propriedades tanto preventivas quanto curativas. \u00c9 a massoterapia cl\u00e1ssica chinesa. Atrav\u00e9s das variadas t\u00e9cnicas, o terapeuta promove a sa\u00fade do paciente manipulando seu Qi (energia), seu sistema m\u00fasculo-esquel\u00e9tico, seu sistema linf\u00e1tico e at\u00e9 seu sistema nervoso.<\/p>\n<p>Seu nome \u00e9 originado de duas das suas dezenas de t\u00e9cnicas: Tui, que significa &#8220;empurrar&#8221; e Na, que por sua vez pode ser traduzido como &#8220;agarrar&#8221; ou &#8220;pegar&#8221;. Hoje o nome Tui Na \u00e9 entendido simplesmente como sin\u00f4nimo de massagem em toda a China.<\/p>\n<p>O primeiro nome da massagem chinesa foi An Shao. Depois passou para Ma Sha. Quando as t\u00e9cnicas foram para o oriente medi neste per\u00edodo, mais precisamente onde hoje \u00e9 o Ir\u00e3, \u00e9 que esse nome chin\u00eas deu origem ao nome ocidental de massagem. Posteriormente a denomina\u00e7\u00e3o passou para An Mo, para finalmente denominar-se Tui Na (\u63a8\u62ff).<\/p>\n<p>O Tui Na possui um n\u00famero riqu\u00edssimo de t\u00e9cnicas, das quais se derivam toda as outras escolas de massagem orientais. A aplica\u00e7\u00e3o de todas as t\u00e9cnicas seguem os mesmos princ\u00edpios te\u00f3ricos das outras ferramentas da Medicina Chinesa, como a Acupuntura e a Fitoterapia.<\/p>\n<p>Na pr\u00e1tica cada t\u00e9cnica bem executada realiza um efeito sobre a regi\u00e3o do corpo onde est\u00e1 sendo realizada, que podem ser agrupados genericamente em: efeitos de tonifica\u00e7\u00e3o, ou seja, aumento de energia no local, no ponto energ\u00e9tico ou no canal de energia, ou de seda\u00e7\u00e3o, ou seja, dispers\u00e3o da energia do local, do ponto ou do canal.<\/p>\n<p>Dentre todas as ferramentas de cura da Medicina Chinesa, o Tui Na \u00e9 muito reverenciado pela simplicidade de recursos necess\u00e1rios para a sua aplica\u00e7\u00e3o. Onde houver uma pessoas enferma e um praticante de Tui Na, isso basta para que um tratamento seja realizado, enquanto que na Acupuntura, por exemplo, precisar\u00edamos tamb\u00e9m de algum tipo de agulha. Dessa forma, os mestres Tao\u00edstas valorizavam a propaga\u00e7\u00e3o dos conhecimentos da massagem para auxiliar na cura e na preven\u00e7\u00e3o de doen\u00e7as de toda a popula\u00e7\u00e3o.<\/p>\n<p>Tem alguma d\u00favida? <strong><a href=\"mailto:contato@terapiaschinesas.com.br\">Escreva para gente.<\/a><\/strong><\/p>\n","protected":false},"excerpt":{"rendered":"<p>O Tui Na (\u63a8\u62ff) \u00e9 uma arte terap\u00eautica manual, com propriedades tanto preventivas quanto curativas. \u00c9 a massoterapia cl\u00e1ssica chinesa. Atrav\u00e9s das variadas t\u00e9cnicas, o terapeuta promove a sa\u00fade do paciente manipulando seu Qi (energia), seu sistema m\u00fasculo-esquel\u00e9tico, seu sistema linf\u00e1tico e at\u00e9 seu sistema nervoso. Seu nome \u00e9 originado de duas das suas dezenas de t\u00e9cnicas: Tui, que significa &#8220;empurrar&#8221; e Na, que por sua vez pode ser traduzido como &#8220;agarrar&#8221; ou &#8220;pegar&#8221;. Hoje o nome Tui Na \u00e9 entendido simplesmente como sin\u00f4nimo de massagem em toda a China. O primeiro nome da massagem chinesa foi An Shao. Depois passou para Ma Sha. Quando as t\u00e9cnicas foram para o oriente medi neste per\u00edodo, mais precisamente onde hoje \u00e9 o Ir\u00e3, \u00e9 que esse nome chin\u00eas deu origem ao nome ocidental de massagem. Posteriormente a denomina\u00e7\u00e3o passou para An Mo, para finalmente denominar-se Tui Na (\u63a8\u62ff). O Tui Na possui um n\u00famero riqu\u00edssimo de t\u00e9cnicas, das quais se derivam toda as outras escolas de massagem orientais. A aplica\u00e7\u00e3o de todas as t\u00e9cnicas seguem os mesmos princ\u00edpios te\u00f3ricos das outras ferramentas da Medicina Chinesa, como a Acupuntura e a Fitoterapia. Na pr\u00e1tica cada t\u00e9cnica bem executada realiza um efeito sobre a regi\u00e3o do corpo onde est\u00e1 sendo realizada, que podem ser agrupados genericamente em: efeitos de tonifica\u00e7\u00e3o, ou seja, aumento de energia no local, no ponto energ\u00e9tico ou no canal de energia, ou de seda\u00e7\u00e3o, ou seja, dispers\u00e3o da energia do local, do ponto ou do canal. Dentre todas as ferramentas de cura da Medicina Chinesa, o Tui Na \u00e9 muito reverenciado pela simplicidade de recursos necess\u00e1rios para a sua aplica\u00e7\u00e3o. Onde houver uma pessoas enferma e um praticante de Tui Na, isso basta para que um tratamento seja realizado, enquanto que na Acupuntura, por exemplo, precisar\u00edamos tamb\u00e9m de algum tipo de agulha. Dessa forma, os mestres Tao\u00edstas valorizavam a propaga\u00e7\u00e3o dos conhecimentos da massagem para auxiliar na cura e na preven\u00e7\u00e3o de doen\u00e7as de toda a popula\u00e7\u00e3o. Tem alguma d\u00favida? Escreva para gente.<\/p>\n","protected":false},"author":3,"featured_media":0,"parent":2575,"menu_order":0,"comment_status":"open","ping_status":"closed","template":"","meta":{"footnotes":""},"class_list":["post-47","page","type-page","status-publish","hentry"],"jetpack_sharing_enabled":true,"acf":[],"_links":{"self":[{"href":"https:\/\/www.terapiaschinesas.com.br\/index.php\/wp-json\/wp\/v2\/pages\/47","targetHints":{"allow":["GET"]}}],"collection":[{"href":"https:\/\/www.terapiaschinesas.com.br\/index.php\/wp-json\/wp\/v2\/pages"}],"about":[{"href":"https:\/\/www.terapiaschinesas.com.br\/index.php\/wp-json\/wp\/v2\/types\/page"}],"author":[{"embeddable":true,"href":"https:\/\/www.terapiaschinesas.com.br\/index.php\/wp-json\/wp\/v2\/users\/3"}],"replies":[{"embeddable":true,"href":"https:\/\/www.terapiaschinesas.com.br\/index.php\/wp-json\/wp\/v2\/comments?post=47"}],"version-history":[{"count":6,"href":"https:\/\/www.terapiaschinesas.com.br\/index.php\/wp-json\/wp\/v2\/pages\/47\/revisions"}],"predecessor-version":[{"id":3546,"href":"https:\/\/www.terapiaschinesas.com.br\/index.php\/wp-json\/wp\/v2\/pages\/47\/revisions\/3546"}],"up":[{"embeddable":true,"href":"https:\/\/www.terapiaschinesas.com.br\/index.php\/wp-json\/wp\/v2\/pages\/2575"}],"wp:attachment":[{"href":"https:\/\/www.terapiaschinesas.com.br\/index.php\/wp-json\/wp\/v2\/media?parent=47"}],"curies":[{"name":"wp","href":"https:\/\/api.w.org\/{rel}","templated":true}]}}