{"id":55,"date":"2008-10-08T18:52:48","date_gmt":"2008-10-08T21:52:48","guid":{"rendered":"http:\/\/terapiaschinesas.wordpress.com\/?page_id=55"},"modified":"2022-09-21T12:03:57","modified_gmt":"2022-09-21T15:03:57","slug":"fitoterapia","status":"publish","type":"page","link":"https:\/\/www.terapiaschinesas.com.br\/index.php\/medicina-chinesa\/fitoterapia\/","title":{"rendered":"Fitoterapia"},"content":{"rendered":"<p><img fetchpriority=\"high\" decoding=\"async\" class=\"aligncenter size-large wp-image-3532\" src=\"https:\/\/www.terapiaschinesas.com.br\/wp-content\/uploads\/2022\/09\/fitoterapia-1024x381.jpg\" alt=\"\" width=\"960\" height=\"357\" srcset=\"https:\/\/www.terapiaschinesas.com.br\/wp-content\/uploads\/2022\/09\/fitoterapia-1024x381.jpg 1024w, https:\/\/www.terapiaschinesas.com.br\/wp-content\/uploads\/2022\/09\/fitoterapia-300x112.jpg 300w, https:\/\/www.terapiaschinesas.com.br\/wp-content\/uploads\/2022\/09\/fitoterapia-768x286.jpg 768w, https:\/\/www.terapiaschinesas.com.br\/wp-content\/uploads\/2022\/09\/fitoterapia-600x223.jpg 600w, https:\/\/www.terapiaschinesas.com.br\/wp-content\/uploads\/2022\/09\/fitoterapia.jpg 1080w\" sizes=\"(max-width: 960px) 100vw, 960px\" \/><\/p>\n<p>Na hist\u00f3ria da evolu\u00e7\u00e3o da Medicina Chinesa (\u4e2d\u91ab\u5b78), a Fitoterapia (\u4e2d\u836f) \u00e9 a sua ramifica\u00e7\u00e3o mais antiga, depois do Tui Na (\u63a8\u62ff). Trata-se do uso de subst\u00e2ncias naturais, em sua maioria do reino vegetal, mas tamb\u00e9m do mineral e animal, com fins medicinais.<\/p>\n<p>Praticamente todos os povos desenvolveram sua pr\u00f3pria Fitoterapia nativa, como os \u00edndios brasileiros ou os eg\u00edpcios. A fitoterapia chinesa \u00e9 a mais vasta, complexa e antiga. Isso se deve ao seu cont\u00ednuo e ininterrupto aperfei\u00e7oamento desde tempos remotos at\u00e9 os dias de hoje. Huang Di (\u9ec3\u5e1d), o Imperador Amarelo, que reinou entre 2698 a.C. \u00e0 2599 a.C., e \u00e9 o autor do 1\u00ba Tratado de MTC, o Nei Jing (\u5185\u7d93), j\u00e1 discorria sobre a utiliza\u00e7\u00e3o de subst\u00e2ncias naturais para a manuten\u00e7\u00e3o e a recupera\u00e7\u00e3o da sa\u00fade do homem.<\/p>\n<p>H\u00e1 uma liga\u00e7\u00e3o muito importante entre o desenvolvimento da Fitoterapia chinesa e do Tao\u00edsmo. Uma das metas de vida de um tao\u00edsta sempre foi a sa\u00fade. Para isso, os mestres tao\u00edstas procuraram ao longo dos mil\u00eanios formas de manter e recuperar a nossa sa\u00fade, assim como nos harmonizar com todos os aspectos da nossa vida, afim de prolong\u00e1-la e viv\u00ea-la de forma mais plena. Assim foram desenvolvidas as t\u00e9cnicas de Qi Gong, tratamentos de Acupuntura, ferramentas espirituais e tamb\u00e9m o \u201cCaminho da Alquimia da Terra\u201d como \u00e9 chamada a Fitoterapia na tradi\u00e7\u00e3o chinesa.<\/p>\n<p>Atualmente, de todas as ramifica\u00e7\u00f5es da Medicina Tradicional Chinesa, a Fitoterapia \u00e9 a mais utilizada na China. Por outro lado no Brasil \u00e9 a menos difundida, devido especialmente \u00e0 dificuldade na obten\u00e7\u00e3o das ervas e subst\u00e2ncias de origem chinesa. J\u00e1 existem muitas ervas adaptadas no Brasil. Assim como o estudo de ervas nativas brasileiras, segundo \u00e0 vis\u00e3o da MTC. Mas ainda os principais compostos dependem de subst\u00e2ncias tipicamente chinesas, devido ao seu tempo de estudo e experimenta\u00e7\u00e3o. Mas isso vem melhorando nas \u00faltimas d\u00e9cadas, com mestres chineses difundindo a experi\u00eancias na utiliza\u00e7\u00e3o dessas subst\u00e2ncias, como o nosso mestre Liu Chih Ming e tamb\u00e9m o acesso um pouco mais f\u00e1cil dos materiais por farm\u00e1cias e lojas especializadas, localizadas no bairro da Liberdade, em S\u00e3o Paulo.<\/p>\n<p>O uso da Fitoterapia clinicamente \u00e9 o que requer maiores estudos e cuidados por parte do terapeuta. Isso porque as subst\u00e2ncias ser\u00e3o ingeridas e ter\u00e3o sua a\u00e7\u00e3o diretamente nos \u00f3rg\u00e3os vitais do paciente, diferentemente da Acupuntura, Tui Na e Qi Gong, que tem sua a\u00e7\u00e3o na superf\u00edcie do corpo, mobilizando indiretamente, atrav\u00e9s dos canais de energia, os \u00d3rg\u00e3os e V\u00edsceras (Zang Fu) do indiv\u00edduo.<\/p>\n<p>Por outro lado a Fitoterapia permite uma velocidade e uma abrang\u00eancias nos resultados terap\u00eauticos maior do que todas as outras formas terap\u00eauticas, conseguindo tratar patologias consideradas dif\u00edceis tanto pelo Acupuntura, tanto quanto pela medicina alop\u00e1tica.<\/p>\n<p>\u00c9 importante sempre consultar um Fitoterapeuta antes de tomar qualquer composto ou ch\u00e1, mesmo que seja uma ch\u00e1 considerado \u201ccomum\u201d pois ele pode proporcionar efeitos n\u00e3o desejados. Uma pessoa, por exemplo, com um padr\u00e3o caracter\u00edstico da MTC, chamado \u201cAscens\u00e3o do Fogo do F\u00edgado\u201d, com sintomas como hipertens\u00e3o arterial, dor de cabe\u00e7a, ins\u00f4nia, irritabilidade, dor na regi\u00e3o do hipoc\u00f4ndrio, n\u00e3o pode tomar compostos com alguns tipos de ginseng, especialmente os vermelhos, provenientes da China e da Cor\u00e9ia, pois piorar\u00e3o seu quadro.<\/p>\n<p>Tem alguma d\u00favida? <strong><a href=\"mailto:contato@terapiaschinesas.com.br\">Escreva para gente.<\/a><\/strong><\/p>\n","protected":false},"excerpt":{"rendered":"<p>Na hist\u00f3ria da evolu\u00e7\u00e3o da Medicina Chinesa (\u4e2d\u91ab\u5b78), a Fitoterapia (\u4e2d\u836f) \u00e9 a sua ramifica\u00e7\u00e3o mais antiga, depois do Tui Na (\u63a8\u62ff). Trata-se do uso de subst\u00e2ncias naturais, em sua maioria do reino vegetal, mas tamb\u00e9m do mineral e animal, com fins medicinais. Praticamente todos os povos desenvolveram sua pr\u00f3pria Fitoterapia nativa, como os \u00edndios brasileiros ou os eg\u00edpcios. A fitoterapia chinesa \u00e9 a mais vasta, complexa e antiga. Isso se deve ao seu cont\u00ednuo e ininterrupto aperfei\u00e7oamento desde tempos remotos at\u00e9 os dias de hoje. Huang Di (\u9ec3\u5e1d), o Imperador Amarelo, que reinou entre 2698 a.C. \u00e0 2599 a.C., e \u00e9 o autor do 1\u00ba Tratado de MTC, o Nei Jing (\u5185\u7d93), j\u00e1 discorria sobre a utiliza\u00e7\u00e3o de subst\u00e2ncias naturais para a manuten\u00e7\u00e3o e a recupera\u00e7\u00e3o da sa\u00fade do homem. H\u00e1 uma liga\u00e7\u00e3o muito importante entre o desenvolvimento da Fitoterapia chinesa e do Tao\u00edsmo. Uma das metas de vida de um tao\u00edsta sempre foi a sa\u00fade. Para isso, os mestres tao\u00edstas procuraram ao longo dos mil\u00eanios formas de manter e recuperar a nossa sa\u00fade, assim como nos harmonizar com todos os aspectos da nossa vida, afim de prolong\u00e1-la e viv\u00ea-la de forma mais plena. Assim foram desenvolvidas as t\u00e9cnicas de Qi Gong, tratamentos de Acupuntura, ferramentas espirituais e tamb\u00e9m o \u201cCaminho da Alquimia da Terra\u201d como \u00e9 chamada a Fitoterapia na tradi\u00e7\u00e3o chinesa. Atualmente, de todas as ramifica\u00e7\u00f5es da Medicina Tradicional Chinesa, a Fitoterapia \u00e9 a mais utilizada na China. Por outro lado no Brasil \u00e9 a menos difundida, devido especialmente \u00e0 dificuldade na obten\u00e7\u00e3o das ervas e subst\u00e2ncias de origem chinesa. J\u00e1 existem muitas ervas adaptadas no Brasil. Assim como o estudo de ervas nativas brasileiras, segundo \u00e0 vis\u00e3o da MTC. Mas ainda os principais compostos dependem de subst\u00e2ncias tipicamente chinesas, devido ao seu tempo de estudo e experimenta\u00e7\u00e3o. Mas isso vem melhorando nas \u00faltimas d\u00e9cadas, com mestres chineses difundindo a experi\u00eancias na utiliza\u00e7\u00e3o dessas subst\u00e2ncias, como o nosso mestre Liu Chih Ming e tamb\u00e9m o acesso um pouco mais f\u00e1cil dos materiais por farm\u00e1cias e lojas especializadas, localizadas no bairro da Liberdade, em S\u00e3o Paulo. O uso da Fitoterapia clinicamente \u00e9 o que requer maiores estudos e cuidados por parte do terapeuta. Isso porque as subst\u00e2ncias ser\u00e3o ingeridas e ter\u00e3o sua a\u00e7\u00e3o diretamente nos \u00f3rg\u00e3os vitais do paciente, diferentemente da Acupuntura, Tui Na e Qi Gong, que tem sua a\u00e7\u00e3o na superf\u00edcie do corpo, mobilizando indiretamente, atrav\u00e9s dos canais de energia, os \u00d3rg\u00e3os e V\u00edsceras (Zang Fu) do indiv\u00edduo. Por outro lado a Fitoterapia permite uma velocidade e uma abrang\u00eancias nos resultados terap\u00eauticos maior do que todas as outras formas terap\u00eauticas, conseguindo tratar patologias consideradas dif\u00edceis tanto pelo Acupuntura, tanto quanto pela medicina alop\u00e1tica. \u00c9 importante sempre consultar um Fitoterapeuta antes de tomar qualquer composto ou ch\u00e1, mesmo que seja uma ch\u00e1 considerado \u201ccomum\u201d pois ele pode proporcionar efeitos n\u00e3o desejados. Uma pessoa, por exemplo, com um padr\u00e3o caracter\u00edstico da MTC, chamado \u201cAscens\u00e3o do Fogo do F\u00edgado\u201d, com sintomas como hipertens\u00e3o arterial, dor de cabe\u00e7a, ins\u00f4nia, irritabilidade, dor na regi\u00e3o do hipoc\u00f4ndrio, n\u00e3o pode tomar compostos com alguns tipos de ginseng, especialmente os vermelhos, provenientes da China e da Cor\u00e9ia, pois piorar\u00e3o seu quadro. Tem alguma d\u00favida? Escreva para gente.<\/p>\n","protected":false},"author":3,"featured_media":0,"parent":2575,"menu_order":4,"comment_status":"open","ping_status":"closed","template":"","meta":{"footnotes":""},"class_list":["post-55","page","type-page","status-publish","hentry"],"jetpack_sharing_enabled":true,"acf":[],"_links":{"self":[{"href":"https:\/\/www.terapiaschinesas.com.br\/index.php\/wp-json\/wp\/v2\/pages\/55","targetHints":{"allow":["GET"]}}],"collection":[{"href":"https:\/\/www.terapiaschinesas.com.br\/index.php\/wp-json\/wp\/v2\/pages"}],"about":[{"href":"https:\/\/www.terapiaschinesas.com.br\/index.php\/wp-json\/wp\/v2\/types\/page"}],"author":[{"embeddable":true,"href":"https:\/\/www.terapiaschinesas.com.br\/index.php\/wp-json\/wp\/v2\/users\/3"}],"replies":[{"embeddable":true,"href":"https:\/\/www.terapiaschinesas.com.br\/index.php\/wp-json\/wp\/v2\/comments?post=55"}],"version-history":[{"count":3,"href":"https:\/\/www.terapiaschinesas.com.br\/index.php\/wp-json\/wp\/v2\/pages\/55\/revisions"}],"predecessor-version":[{"id":3548,"href":"https:\/\/www.terapiaschinesas.com.br\/index.php\/wp-json\/wp\/v2\/pages\/55\/revisions\/3548"}],"up":[{"embeddable":true,"href":"https:\/\/www.terapiaschinesas.com.br\/index.php\/wp-json\/wp\/v2\/pages\/2575"}],"wp:attachment":[{"href":"https:\/\/www.terapiaschinesas.com.br\/index.php\/wp-json\/wp\/v2\/media?parent=55"}],"curies":[{"name":"wp","href":"https:\/\/api.w.org\/{rel}","templated":true}]}}