{"id":59,"date":"2008-10-08T19:08:26","date_gmt":"2008-10-08T22:08:26","guid":{"rendered":"http:\/\/terapiaschinesas.wordpress.com\/?page_id=59"},"modified":"2022-09-15T10:10:54","modified_gmt":"2022-09-15T13:10:54","slug":"como-chegar","status":"publish","type":"page","link":"https:\/\/www.terapiaschinesas.com.br\/index.php\/como-chegar\/","title":{"rendered":"Contato"},"content":{"rendered":"\t\t<div data-elementor-type=\"wp-page\" data-elementor-id=\"59\" class=\"elementor elementor-59\">\n\t\t\t\t\t\t<section class=\"elementor-section elementor-top-section elementor-element elementor-element-dc53f35 elementor-section-boxed elementor-section-height-default elementor-section-height-default\" data-id=\"dc53f35\" data-element_type=\"section\" data-e-type=\"section\">\n\t\t\t\t\t\t<div class=\"elementor-container elementor-column-gap-default\">\n\t\t\t\t\t<div class=\"elementor-column elementor-col-100 elementor-top-column elementor-element elementor-element-2f21d67\" data-id=\"2f21d67\" data-element_type=\"column\" data-e-type=\"column\">\n\t\t\t<div class=\"elementor-widget-wrap elementor-element-populated\">\n\t\t\t\t\t\t<div class=\"elementor-element elementor-element-bdbe743 elementor-widget elementor-widget-image\" data-id=\"bdbe743\" data-element_type=\"widget\" data-e-type=\"widget\" data-widget_type=\"image.default\">\n\t\t\t\t<div class=\"elementor-widget-container\">\n\t\t\t\t\t\t\t\t\t\t\t\t\t\t\t<img fetchpriority=\"high\" decoding=\"async\" width=\"960\" height=\"357\" src=\"https:\/\/www.terapiaschinesas.com.br\/wp-content\/uploads\/2022\/09\/consultorio-1024x381.jpg\" class=\"attachment-large size-large wp-image-3512\" alt=\"\" srcset=\"https:\/\/www.terapiaschinesas.com.br\/wp-content\/uploads\/2022\/09\/consultorio-1024x381.jpg 1024w, https:\/\/www.terapiaschinesas.com.br\/wp-content\/uploads\/2022\/09\/consultorio-300x112.jpg 300w, https:\/\/www.terapiaschinesas.com.br\/wp-content\/uploads\/2022\/09\/consultorio-768x286.jpg 768w, https:\/\/www.terapiaschinesas.com.br\/wp-content\/uploads\/2022\/09\/consultorio-600x223.jpg 600w, https:\/\/www.terapiaschinesas.com.br\/wp-content\/uploads\/2022\/09\/consultorio.jpg 1080w\" sizes=\"(max-width: 960px) 100vw, 960px\" \/>\t\t\t\t\t\t\t\t\t\t\t\t\t\t\t<\/div>\n\t\t\t\t<\/div>\n\t\t\t\t<div class=\"elementor-element elementor-element-fdeb4f0 elementor-widget-divider--view-line elementor-widget elementor-widget-divider\" data-id=\"fdeb4f0\" data-element_type=\"widget\" data-e-type=\"widget\" data-widget_type=\"divider.default\">\n\t\t\t\t<div class=\"elementor-widget-container\">\n\t\t\t\t\t\t\t<div class=\"elementor-divider\">\n\t\t\t<span class=\"elementor-divider-separator\">\n\t\t\t\t\t\t<\/span>\n\t\t<\/div>\n\t\t\t\t\t\t<\/div>\n\t\t\t\t<\/div>\n\t\t\t\t<section class=\"elementor-section elementor-inner-section elementor-element elementor-element-6dc5f57 elementor-section-boxed elementor-section-height-default elementor-section-height-default\" data-id=\"6dc5f57\" data-element_type=\"section\" data-e-type=\"section\">\n\t\t\t\t\t\t<div class=\"elementor-container elementor-column-gap-default\">\n\t\t\t\t\t<div class=\"elementor-column elementor-col-50 elementor-inner-column elementor-element elementor-element-a976dbc\" data-id=\"a976dbc\" data-element_type=\"column\" data-e-type=\"column\">\n\t\t\t<div class=\"elementor-widget-wrap elementor-element-populated\">\n\t\t\t\t\t\t<div class=\"elementor-element elementor-element-06d6cf8 elementor-widget elementor-widget-image\" data-id=\"06d6cf8\" data-element_type=\"widget\" data-e-type=\"widget\" data-widget_type=\"image.default\">\n\t\t\t\t<div class=\"elementor-widget-container\">\n\t\t\t\t\t\t\t\t\t\t\t\t\t\t\t<img decoding=\"async\" width=\"200\" height=\"300\" src=\"https:\/\/www.terapiaschinesas.com.br\/wp-content\/uploads\/2022\/09\/contato-1-200x300.jpg\" class=\"attachment-medium size-medium wp-image-3514\" alt=\"\" srcset=\"https:\/\/www.terapiaschinesas.com.br\/wp-content\/uploads\/2022\/09\/contato-1-200x300.jpg 200w, https:\/\/www.terapiaschinesas.com.br\/wp-content\/uploads\/2022\/09\/contato-1.jpg 280w\" sizes=\"(max-width: 200px) 100vw, 200px\" \/>\t\t\t\t\t\t\t\t\t\t\t\t\t\t\t<\/div>\n\t\t\t\t<\/div>\n\t\t\t\t\t<\/div>\n\t\t<\/div>\n\t\t\t\t<div class=\"elementor-column elementor-col-50 elementor-inner-column elementor-element elementor-element-466e4f0\" data-id=\"466e4f0\" data-element_type=\"column\" data-e-type=\"column\">\n\t\t\t<div class=\"elementor-widget-wrap elementor-element-populated\">\n\t\t\t\t\t\t<div class=\"elementor-element elementor-element-28fb590 elementor-widget elementor-widget-text-editor\" data-id=\"28fb590\" data-element_type=\"widget\" data-e-type=\"widget\" data-widget_type=\"text-editor.default\">\n\t\t\t\t<div class=\"elementor-widget-container\">\n\t\t\t\t\t\t\t\t\t<p><strong>Entre em contato conosco atrav\u00e9s do:<\/strong><\/p><p><strong>&#8211; Whatsapp:<\/strong> <a href=\"https:\/\/api.whatsapp.com\/send?phone=5511994545359\">Clique aqui para falar com a Adriana, nossa assistente para agendamentos<\/a> ou mande mensagem no (11) 99454-5359<\/p><p><strong>&#8211; Email:<\/strong> <a href=\"mailto:contato@terapiaschinesas.com.br\">contato@terapiaschinesas.com.br<\/a><\/p><p><strong>Endere\u00e7o do consult\u00f3rio:<\/strong>\u00a0Av. Dr. Vital Brasil, 305 &#8211; sala 101 &#8211; ao lado da esta\u00e7\u00e3o Butant\u00e3 do metr\u00f4<\/p><p>No mapa abaixo voc\u00ea pode obter mais informa\u00e7\u00f5es de como chegar ao consult\u00f3rio.<\/p>\t\t\t\t\t\t\t\t<\/div>\n\t\t\t\t<\/div>\n\t\t\t\t\t<\/div>\n\t\t<\/div>\n\t\t\t\t\t<\/div>\n\t\t<\/section>\n\t\t\t\t<div class=\"elementor-element elementor-element-1c6768ba elementor-widget elementor-widget-text-editor\" data-id=\"1c6768ba\" data-element_type=\"widget\" data-e-type=\"widget\" data-widget_type=\"text-editor.default\">\n\t\t\t\t<div class=\"elementor-widget-container\">\n\t\t\t\t\t\t\t\t\t<p><iframe style=\"border: 0;\" src=\"https:\/\/www.google.com\/maps\/embed?pb=!1m18!1m12!1m3!1d3656.9050560406636!2d-46.709603985022!3d-23.571853184677718!2m3!1f0!2f0!3f0!3m2!1i1024!2i768!4f13.1!3m3!1m2!1s0x94ce57aaee16c3f9%3A0xa669bf1eb0c63842!2sAv.+Vital+Brasil%2C+305+-+Butant%C3%A3%2C+S%C3%A3o+Paulo+-+SP%2C+05503-001!5e0!3m2!1spt-BR!2sbr!4v1496156967284\" width=\"600\" height=\"450\" frameborder=\"0\" allowfullscreen=\"allowfullscreen\"><\/iframe><\/p>\t\t\t\t\t\t\t\t<\/div>\n\t\t\t\t<\/div>\n\t\t\t\t\t<\/div>\n\t\t<\/div>\n\t\t\t\t\t<\/div>\n\t\t<\/section>\n\t\t\t\t<\/div>\n\t\t","protected":false},"excerpt":{"rendered":"<p>Entre em contato conosco atrav\u00e9s do: &#8211; Whatsapp: Clique aqui para falar com a Adriana, nossa assistente para agendamentos ou mande mensagem no (11) 99454-5359 &#8211; Email: contato@terapiaschinesas.com.br Endere\u00e7o do consult\u00f3rio:\u00a0Av. Dr. Vital Brasil, 305 &#8211; sala 101 &#8211; ao lado da esta\u00e7\u00e3o Butant\u00e3 do metr\u00f4 No mapa abaixo voc\u00ea pode obter mais informa\u00e7\u00f5es de como chegar ao consult\u00f3rio.<\/p>\n","protected":false},"author":3,"featured_media":0,"parent":0,"menu_order":5,"comment_status":"closed","ping_status":"closed","template":"","meta":{"footnotes":""},"class_list":["post-59","page","type-page","status-publish","hentry"],"acf":[],"jetpack_sharing_enabled":true,"_links":{"self":[{"href":"https:\/\/www.terapiaschinesas.com.br\/index.php\/wp-json\/wp\/v2\/pages\/59","targetHints":{"allow":["GET"]}}],"collection":[{"href":"https:\/\/www.terapiaschinesas.com.br\/index.php\/wp-json\/wp\/v2\/pages"}],"about":[{"href":"https:\/\/www.terapiaschinesas.com.br\/index.php\/wp-json\/wp\/v2\/types\/page"}],"author":[{"embeddable":true,"href":"https:\/\/www.terapiaschinesas.com.br\/index.php\/wp-json\/wp\/v2\/users\/3"}],"replies":[{"embeddable":true,"href":"https:\/\/www.terapiaschinesas.com.br\/index.php\/wp-json\/wp\/v2\/comments?post=59"}],"version-history":[{"count":18,"href":"https:\/\/www.terapiaschinesas.com.br\/index.php\/wp-json\/wp\/v2\/pages\/59\/revisions"}],"predecessor-version":[{"id":3524,"href":"https:\/\/www.terapiaschinesas.com.br\/index.php\/wp-json\/wp\/v2\/pages\/59\/revisions\/3524"}],"wp:attachment":[{"href":"https:\/\/www.terapiaschinesas.com.br\/index.php\/wp-json\/wp\/v2\/media?parent=59"}],"curies":[{"name":"wp","href":"https:\/\/api.w.org\/{rel}","templated":true}]}}