{"id":2559,"date":"2020-04-14T11:35:58","date_gmt":"2020-04-14T14:35:58","guid":{"rendered":"http:\/\/www.terapiaschinesas.com.br\/?post_type=product&#038;p=2559"},"modified":"2025-11-30T20:52:09","modified_gmt":"2025-11-30T23:52:09","slug":"curso-de-tratamentos-ortopedicos-e-tecnicas-de-agulhamento","status":"publish","type":"product","link":"https:\/\/www.terapiaschinesas.com.br\/index.php\/produto\/curso-de-tratamentos-ortopedicos-e-tecnicas-de-agulhamento\/","title":{"rendered":"Curso de Tratamentos Ortop\u00e9dicos e T\u00e9cnicas de Agulhamento"},"content":{"rendered":"<p><iframe title=\"Curso Online (EAD) - Curso de Tratamentos de Tratamentos Ortop\u00e9dicos (S\u00edndromes B\u00ec) pela MTC\" width=\"600\" height=\"338\" src=\"https:\/\/www.youtube.com\/embed\/vvxiIecfLIg?feature=oembed\" frameborder=\"0\" allow=\"accelerometer; autoplay; clipboard-write; encrypted-media; gyroscope; picture-in-picture\" allowfullscreen><\/iframe><\/p>\n<p>Neste curso online (EAD) o aluno ter\u00e1 acesso \u00e0s apostilas e as grava\u00e7\u00f5es completas em v\u00eddeo das aulas que realizei na \u00faltima turma deste curso, realizado na Sociedade Taoista do Brasil, em S\u00e3o Paulo, em 2018, em um total de 16 horas de aulas.<\/p>\n<h2>Apresenta\u00e7\u00e3o<\/h2>\n<p>O entendimento de cada tipo de patologia na Medicina Chinesa \u00e9 muito pr\u00f3prio, possuindo um m\u00e9todo adequado de Diferencia\u00e7\u00e3o, que estabelece a forma correta e eficaz de tratamento. As patologias articulares, musculares e tend\u00edneas, que envolvem dor e obstru\u00e7\u00e3o do movimento, s\u00e3o conhecidas na medicina chinesa como S\u00edndromes B\u00ec. Nesse curso aprofundaremos o entendimento desse tipo de quadro e suas formas de tratamento atrav\u00e9s da acupuntura e da fitoterapia.<\/p>\n<p>Veremos tamb\u00e9m t\u00e9cnicas avan\u00e7adas de agulhamento com o objetivo de maximizar os efeitos cl\u00ednicos da acupuntura, que podem ser usadas nos tratamentos ortop\u00e9dicos e tamb\u00e9m em quaisquer outros tipos de aplica\u00e7\u00f5es de acupuntura.<\/p>\n<h2>Programa:<\/h2>\n<p>\u00b7 Defini\u00e7\u00e3o de S\u00edndrome B\u00ec.<\/p>\n<p>\u00b7 Manifesta\u00e7\u00f5es gerais.<\/p>\n<p>\u00b7 Etiologia: entendimento dos fatores causadores.<\/p>\n<p>\u00b7 Diferencia\u00e7\u00e3o dos 6 Tipos de S\u00edndrome B\u00ec.<\/p>\n<p>\u00b7 Pontos de acupuntura sist\u00eamicos de acordo com o tipo da S\u00edndrome.<\/p>\n<p>\u00b7 F\u00f3rmulas fitoter\u00e1picas indicadas para cada tipo de S\u00edndrome B\u00ec.<\/p>\n<p>\u00b7 Principais pontos de acupuntura para cada articula\u00e7\u00e3o.<\/p>\n<p>\u00b7 Pontos por Canal (Jing).<\/p>\n<p>\u00b7 Pontos contra-laterais.<\/p>\n<p>\u00b7 M\u00e9todos avan\u00e7ados de agulhamento: como realizar uma dispers\u00e3o ou uma tonifica\u00e7\u00e3o em n\u00edveis suaves, m\u00e9dios ou fortes.<\/p>\n<p>\u00b7 A utiliza\u00e7\u00e3o da moxabust\u00e3o, do Gua Sha e da ventosa na S\u00edndrome B\u00ec.<\/p>\n<h2>Curso Online &#8211; Benef\u00edcios<\/h2>\n<ul>\n<li><strong>Curso dispon\u00edvel na plataforma Google Classroom<\/strong>, muito f\u00e1cil e intuitiva de utilizar.<\/li>\n<li><strong>Linha do tempo<\/strong> dispon\u00edvel em cada aula: <strong>localize facilmente o conte\u00fado<\/strong> que quer ver e rever.<\/li>\n<li><strong>Quiz de cada aula:<\/strong> ao final do conte\u00fado de cada aula voc\u00ea poder\u00e1 fazer um quiz optativo para avaliar sua <strong>reten\u00e7\u00e3o de informa\u00e7\u00e3o e conte\u00fado.<\/strong><\/li>\n<\/ul>\n<p><strong>Ministrante:<\/strong>\u00a0<a href=\"http:\/\/www.terapiaschinesas.com.br\/index.php\/edgar-helena\/\" target=\"_blank\" rel=\"noopener noreferrer\">Edgar Cantelli Gaspar<\/a><\/p>\n<p>Para d\u00favidas, informa\u00e7\u00f5es e aquisi\u00e7\u00e3o, escreva para\u00a0<a href=\"mailto:edgar@terapiaschinesas.com.br\">edgar@terapiaschinesas.com.br<\/a>.<\/p>\n","protected":false},"excerpt":{"rendered":"<p>Todo o m\u00e9todo tradicional para o tratamento das quest\u00f5es ortop\u00e9dicas pela Acupuntura e Fitoterapia, al\u00e9m de t\u00e9cnicas de agulhamento que podem ser usadas em toda a pr\u00e1tica cl\u00ednica.<\/p>\n","protected":false},"featured_media":2726,"template":"","meta":[],"product_brand":[],"product_cat":[459],"product_tag":[461,462,460,463],"class_list":{"0":"post-2559","1":"product","2":"type-product","3":"status-publish","4":"has-post-thumbnail","6":"product_cat-sem-categoria","7":"product_tag-acupuntura","8":"product_tag-agulhamento","9":"product_tag-ortopedia","10":"product_tag-sindrome-bi","12":"first","13":"instock","14":"featured","15":"virtual","16":"purchasable","17":"product-type-simple"},"jetpack_sharing_enabled":true,"acf":[],"_links":{"self":[{"href":"https:\/\/www.terapiaschinesas.com.br\/index.php\/wp-json\/wp\/v2\/product\/2559","targetHints":{"allow":["GET"]}}],"collection":[{"href":"https:\/\/www.terapiaschinesas.com.br\/index.php\/wp-json\/wp\/v2\/product"}],"about":[{"href":"https:\/\/www.terapiaschinesas.com.br\/index.php\/wp-json\/wp\/v2\/types\/product"}],"wp:featuredmedia":[{"embeddable":true,"href":"https:\/\/www.terapiaschinesas.com.br\/index.php\/wp-json\/wp\/v2\/media\/2726"}],"wp:attachment":[{"href":"https:\/\/www.terapiaschinesas.com.br\/index.php\/wp-json\/wp\/v2\/media?parent=2559"}],"wp:term":[{"taxonomy":"product_brand","embeddable":true,"href":"https:\/\/www.terapiaschinesas.com.br\/index.php\/wp-json\/wp\/v2\/product_brand?post=2559"},{"taxonomy":"product_cat","embeddable":true,"href":"https:\/\/www.terapiaschinesas.com.br\/index.php\/wp-json\/wp\/v2\/product_cat?post=2559"},{"taxonomy":"product_tag","embeddable":true,"href":"https:\/\/www.terapiaschinesas.com.br\/index.php\/wp-json\/wp\/v2\/product_tag?post=2559"}],"curies":[{"name":"wp","href":"https:\/\/api.w.org\/{rel}","templated":true}]}}