{"id":2701,"date":"2020-04-21T14:01:13","date_gmt":"2020-04-21T17:01:13","guid":{"rendered":"https:\/\/www.terapiaschinesas.com.br\/?post_type=product&#038;p=2701"},"modified":"2025-11-30T20:52:01","modified_gmt":"2025-11-30T23:52:01","slug":"curso-de-ginecologia-na-medicina-chinesa","status":"publish","type":"product","link":"https:\/\/www.terapiaschinesas.com.br\/index.php\/produto\/curso-de-ginecologia-na-medicina-chinesa\/","title":{"rendered":"Curso de Ginecologia na Medicina Chinesa"},"content":{"rendered":"<p>Neste curso online (EAD) o aluno ter\u00e1 acesso \u00e0s apostilas e \u00e0s grava\u00e7\u00f5es completas em v\u00eddeo das aulas que realizei na \u00faltima turma deste curso, realizado na Sociedade Taoista do Brasil, em S\u00e3o Paulo, em 2018 e 2019 em um total de 48h.<\/p>\n<h1>APRESENTA\u00c7\u00c3O<\/h1>\n<p>O objetivo essencial da Medicina Chinesa \u00e9 auxiliar a pessoa a se reconectar e se harmonizar com os princ\u00edpios que regem sua sa\u00fade. Todos n\u00f3s acompanhamos os pulsos da natureza interiormente e exteriormente. As mulheres, por\u00e9m, manifestam estes pulsos de maneira palp\u00e1vel e visceral em todos os sentidos atrav\u00e9s dos seus ciclos menstruais. Isso \u00e9 maravilhoso, mas ao mesmo tempo, quando em desequil\u00edbrio, traz enormes desafios, tanto para a paciente, como para o terapeuta. Um antigo ditado da Medicina Chinesa diz: \u201ctratar uma mulher equivale a tratar cinco homens\u201d.<br \/>\nCompreendendo ent\u00e3o as particularidades da fisiologia feminina e, assim, poder ajuda-la clinicamente, \u00e9 ter a chance de poder ver essa reconex\u00e3o com a natureza e aprender a cada dia a como seguir o C\u00e9u e a Terra.<\/p>\n<h1>PROGRAMA<\/h1>\n<p>\u2013 Hist\u00f3ria da ginecologia na Medicina Chinesa;<br \/>\n\u2013 Caracter\u00edsticas da fisiologia feminina segundo a Medicina Chinesa;<br \/>\n\u2013 Fases da menstrua\u00e7\u00e3o;<br \/>\n\u2013 Recomenda\u00e7\u00f5es, cuidados, preven\u00e7\u00f5es e tratamentos para cada fase do ciclo menstrual;<\/p>\n<p><strong>\u2013 Tratamentos pela acupuntura e fitoterapia para:<\/strong><\/p>\n<p>\u2013 Menstrua\u00e7\u00e3o adiantada;<br \/>\n\u2013 Menstrua\u00e7\u00e3o atrasada;<br \/>\n\u2013 Per\u00edodos menstruais irregulares;<br \/>\n\u2013 Per\u00edodos menstruais abundantes;<br \/>\n\u2013 Hemorragia uterina;<br \/>\n\u2013 Per\u00edodos menstruais escassos;<br \/>\n\u2013 Per\u00edodos menstruais prolongados;<br \/>\n\u2013 Dor na menstrua\u00e7\u00e3o;<br \/>\n\u2013 Tens\u00e3o pr\u00e9 menstrual;<br \/>\n\u2013 Endometriose;<br \/>\n\u2013 Mioma;<br \/>\n\u2013 Aus\u00eancia de menstrua\u00e7\u00e3o;<br \/>\n\u2013 Distens\u00e3o mam\u00e1ria;<br \/>\n\u2013 Dor de cabe\u00e7a, diarreia, v\u00f4mito, dor no corpo e outras queixas decorrentes de altera\u00e7\u00f5es menstruais.<\/p>\n<h2>Curso Online &#8211; Benef\u00edcios<\/h2>\n<ul>\n<li><strong>Curso dispon\u00edvel na plataforma Google Classroom<\/strong>, muito f\u00e1cil e intuitiva de utilizar.<\/li>\n<li><strong>Linha do tempo<\/strong> dispon\u00edvel em cada aula: <strong>localize facilmente o conte\u00fado<\/strong> que quer ver e rever.<\/li>\n<li><strong>Quiz de cada aula:<\/strong> ao final do conte\u00fado de cada aula voc\u00ea poder\u00e1 fazer um quiz optativo para avaliar sua <strong>reten\u00e7\u00e3o de informa\u00e7\u00e3o e conte\u00fado.<\/strong><\/li>\n<\/ul>\n<p><strong>Ministrante:<\/strong>\u00a0<a href=\"https:\/\/www.terapiaschinesas.com.br\/index.php\/edgar-helena\/\" target=\"_blank\" rel=\"noopener noreferrer\">Edgar Cantelli Gaspar<\/a><\/p>\n<p>Para d\u00favidas, informa\u00e7\u00f5es e aquisi\u00e7\u00e3o, escreva para\u00a0<a href=\"mailto:edgar@terapiaschinesas.com.br\">edgar@terapiaschinesas.com.br<\/a>.<\/p>\n<h1>DEPOIMENTOS<\/h1>\n<div class=\"KoLCQe\">\n<ul>\n<li class=\"wdMLp\"><strong><a class=\"SYfsac asQXV\" aria-label=\"Coment\u00e1rio postado por Vivian Malva\">Vivian Malva:\u00a0<\/a><\/strong><\/li>\n<\/ul>\n<blockquote><p>Fazendo o online, desde o come\u00e7o foi muito interessante. Formei uma outra vis\u00e3o, atrav\u00e9s da MTC considerando os ciclos femininos e minha atua\u00e7\u00e3o no tratamento das mulheres melhorou em todos os sentidos, inclusive abordando sempre essa quest\u00e3o mesmo que n\u00e3o seja uma queixa que a pessoa traz. S\u00f3 tenho a agradecer pela sua dedica\u00e7\u00e3o em nos brindar com cursos t\u00e3o completos e por toda sua retid\u00e3o como mestre de uma medicina t\u00e3o maravilhosa!<\/p><\/blockquote>\n<ul>\n<li><strong>Reiner Pozo:\u00a0<\/strong><a href=\"https:\/\/www.terapiaschinesas.com.br\/wp-content\/uploads\/2019\/06\/Depoimento-Reiner.mov\" target=\"_blank\" rel=\"noopener noreferrer\">Depoimento Reiner<\/a><\/li>\n<\/ul>\n<p>&nbsp;<\/p>\n<ul>\n<li><a id=\"js_c2\" class=\"_6qw4\" href=\"https:\/\/www.facebook.com\/fernanda.r.bloise\" data-hovercard=\"\/ajax\/hovercard\/user.php?id=100001057030098&amp;extragetparams={&quot;directed_target_id&quot;: &quot; &quot;}\" aria-describedby=\"u_1i_1\" aria-owns=\"js_bx\"><strong>Fernanda Toscano:<\/strong>\u00a0<\/a><\/li>\n<\/ul>\n<blockquote><p><span dir=\"ltr\"><span class=\"_3l3x\">Mudou minha vida, n\u00e3o s\u00f3 profissional como pessoal. Obrigada, Edgar, por esse conhecimento partilhado!<\/span><\/span><\/p><\/blockquote>\n<ul>\n<li><a href=\"http:\/\/www.solmedeiros.com.br\/\" target=\"_blank\" rel=\"noopener noreferrer\"><strong>Sol Medeiros<\/strong><\/a><strong>:<\/strong><\/li>\n<\/ul>\n<blockquote><p>O curso de ginecologia \u00e9 excelente.!!!!!!!<br \/>\nFoi um divisor de \u00e1guas na minha vida tanto profissional como pessoal.<br \/>\nO Edgar, como sempre, soube conduzir o curso com muita maestria e conseguiu captar a alma e universo feminino como poucos.<br \/>\nExcelente curso que eu recomendo muito. &#x1f642;&#x1f44f;&#x1f3fc;&#x1f44f;&#x1f3fc;<\/p><\/blockquote>\n<\/div>\n","protected":false},"excerpt":{"rendered":"<p>Entendimento completo e profundo da fisiologia da mulher com tratamentos por acupuntura e fitoterapia para mais os mais comuns dist\u00farbios ginecol\u00f3gicos.<\/p>\n","protected":false},"featured_media":2724,"template":"","meta":[],"product_brand":[],"product_cat":[459],"product_tag":[461,491],"class_list":{"0":"post-2701","1":"product","2":"type-product","3":"status-publish","4":"has-post-thumbnail","6":"product_cat-sem-categoria","7":"product_tag-acupuntura","8":"product_tag-ginecologia","10":"first","11":"instock","12":"featured","13":"virtual","14":"purchasable","15":"product-type-simple"},"jetpack_sharing_enabled":true,"acf":[],"_links":{"self":[{"href":"https:\/\/www.terapiaschinesas.com.br\/index.php\/wp-json\/wp\/v2\/product\/2701","targetHints":{"allow":["GET"]}}],"collection":[{"href":"https:\/\/www.terapiaschinesas.com.br\/index.php\/wp-json\/wp\/v2\/product"}],"about":[{"href":"https:\/\/www.terapiaschinesas.com.br\/index.php\/wp-json\/wp\/v2\/types\/product"}],"wp:featuredmedia":[{"embeddable":true,"href":"https:\/\/www.terapiaschinesas.com.br\/index.php\/wp-json\/wp\/v2\/media\/2724"}],"wp:attachment":[{"href":"https:\/\/www.terapiaschinesas.com.br\/index.php\/wp-json\/wp\/v2\/media?parent=2701"}],"wp:term":[{"taxonomy":"product_brand","embeddable":true,"href":"https:\/\/www.terapiaschinesas.com.br\/index.php\/wp-json\/wp\/v2\/product_brand?post=2701"},{"taxonomy":"product_cat","embeddable":true,"href":"https:\/\/www.terapiaschinesas.com.br\/index.php\/wp-json\/wp\/v2\/product_cat?post=2701"},{"taxonomy":"product_tag","embeddable":true,"href":"https:\/\/www.terapiaschinesas.com.br\/index.php\/wp-json\/wp\/v2\/product_tag?post=2701"}],"curies":[{"name":"wp","href":"https:\/\/api.w.org\/{rel}","templated":true}]}}