{"id":2704,"date":"2020-04-21T14:07:08","date_gmt":"2020-04-21T17:07:08","guid":{"rendered":"https:\/\/www.terapiaschinesas.com.br\/?post_type=product&#038;p=2704"},"modified":"2022-09-21T11:46:40","modified_gmt":"2022-09-21T14:46:40","slug":"curso-avancado-de-diagnostico-diferenciacao-e-tratamento-da-medicina-chinesa","status":"publish","type":"product","link":"https:\/\/www.terapiaschinesas.com.br\/index.php\/produto\/curso-avancado-de-diagnostico-diferenciacao-e-tratamento-da-medicina-chinesa\/","title":{"rendered":"Curso Avan\u00e7ado de Diagn\u00f3stico, Diferencia\u00e7\u00e3o e Tratamento da Medicina Chinesa"},"content":{"rendered":"<p>Nesse curso online (EAD), o aluno ter\u00e1 acesso aos 9 meses de conte\u00fado do <strong>Curso Avan\u00e7ado de Diagn\u00f3stico, Diferencia\u00e7\u00e3o e Tratamento da Medicina Chinesa<\/strong>, que ministrei na Sociedade Taoista do Brasil em 2016-2017. S\u00e3o 70 horas de aulas gravadas em \u00e1udio e v\u00eddeo de excelente qualidade, al\u00e9m das apostilas com todo o conte\u00fado do curso.<\/p>\n<h1>APRESENTA\u00c7\u00c3O DO CURSO<\/h1>\n<p>A Medicina Chinesa possui uma l\u00f3gica \u00fanica que fundamenta sua forma de ver a sa\u00fade e a doen\u00e7a. Esta forma de pensar n\u00e3o \u00e9 pr\u00f3xima da nossa forma habitual de vermos o funcionamento do nosso organismo. O praticante ocidental da Medicina Chinesa tem normalmente muita dificuldade de interiorizar a forma como se coleta, organiza, prioriza, raciocina e por fim conclui os dados cl\u00ednicos de seus pacientes. Esse curso vem atender essa lacuna, trazendo, atrav\u00e9s do exerc\u00edcio pr\u00e1tico, o pensamento que fundamenta essa Medicina.<\/p>\n<p><strong>Objetivo:<\/strong>\u00a0aperfei\u00e7oar a pr\u00e1tica diagn\u00f3stica, a interpreta\u00e7\u00e3o dos dados, o racioc\u00ednio da Medicina Chinesa, e a defini\u00e7\u00e3o do tratamento, pelo entendimento aprofundado dos efeitos dos pontos de acupuntura e das f\u00f3rmulas fitoter\u00e1picas.<\/p>\n<p><strong>Pr\u00e9-requisitos:\u00a0<\/strong>profissional formado em Acupuntura ou estudante de curso de forma\u00e7\u00e3o com 50% do curso completo.<\/p>\n<p><strong>Conte\u00fado program\u00e1tico:<\/strong><\/p>\n<ul>\n<li>A elabora\u00e7\u00e3o da anamnese completa, incluindo;\n<ul>\n<li>O Interrogat\u00f3rio;<\/li>\n<li>A Pulsologia;<\/li>\n<li>A Semiologia da L\u00edngua;<\/li>\n<li>A Inspe\u00e7\u00e3o.<\/li>\n<\/ul>\n<\/li>\n<li>A Diferencia\u00e7\u00e3o de S\u00edndromes pelos Oito Princ\u00edpios (Ba Gan);<\/li>\n<li>A Diferencia\u00e7\u00e3o de S\u00edndromes pelos \u00d3rg\u00e3os e V\u00edsceras (Zang Fu);<\/li>\n<li>Indica\u00e7\u00e3o de pontos de acupuntura, assim como a sua forma de utiliza\u00e7\u00e3o para todos os Padr\u00f5es de Desarmonias dados no curso;<\/li>\n<li>Indica\u00e7\u00e3o de f\u00f3rmulas fitoter\u00e1picas e a compreens\u00e3o de seus efeitos e contraindica\u00e7\u00f5es para todos os Padr\u00f5es de Desarmonias vistos no curso.<\/li>\n<\/ul>\n<h3>CURSOS ONLINE \u2013 BENEF\u00cdCIOS<\/h3>\n<ul>\n<li style=\"list-style-type: none;\">\n<ul>\n<li><strong>Cursos disponibilizados na plataforma Google Classroom<\/strong>, muito f\u00e1cil e intuitiva de utilizar.<\/li>\n<li><strong>Linha do tempo<\/strong>\u00a0dispon\u00edvel em cada aula:\u00a0<strong>localize facilmente o conte\u00fado<\/strong>\u00a0que quer ver e rever.<\/li>\n<li><strong>O curso ser\u00e1 seu por tempo indeterminado<\/strong>, assim poder\u00e1 fazer o curso sem pressa, revendo o conte\u00fado sempre que precisar.<\/li>\n<\/ul>\n<\/li>\n<\/ul>\n<p><strong>Ministrante:\u00a0<\/strong><a href=\"https:\/\/terapiaschinesas.com.br\/index.php\/edgar-helena\/\"><strong>Edgar Cantelli Gaspar<\/strong><\/a><\/p>\n<p>Para d\u00favidas, informa\u00e7\u00f5es e aquisi\u00e7\u00e3o, escreva para\u00a0<a href=\"mailto:edgar@terapiaschinesas.com.br\">edgar@terapiaschinesas.com.br<\/a>.<\/p>\n","protected":false},"excerpt":{"rendered":"<p>A Medicina Chinesa possui uma l\u00f3gica \u00fanica que fundamenta sua forma de ver a sa\u00fade e a doen\u00e7a. Esta forma de pensar n\u00e3o \u00e9 pr\u00f3xima da nossa forma habitual de vermos o funcionamento do nosso organismo. O praticante ocidental da Medicina Chinesa tem normalmente muita dificuldade de interiorizar a forma como se coleta, organiza, prioriza, raciocina e por fim conclui os dados cl\u00ednicos de seus pacientes. Esse curso vem atender essa lacuna, trazendo, atrav\u00e9s do exerc\u00edcio pr\u00e1tico, o pensamento que fundamenta essa Medicina.<\/p>\n<p><strong>Objetivo:<\/strong>\u00a0aperfei\u00e7oar a pr\u00e1tica diagn\u00f3stica, a interpreta\u00e7\u00e3o dos dados, o racioc\u00ednio da Medicina Chinesa, e a defini\u00e7\u00e3o do tratamento, pelo entendimento aprofundado dos efeitos dos pontos de acupuntura e das f\u00f3rmulas fitoter\u00e1picas.<\/p>\n","protected":false},"featured_media":2727,"template":"","meta":[],"product_brand":[],"product_cat":[459],"product_tag":[461,490,489],"class_list":{"0":"post-2704","1":"product","2":"type-product","3":"status-publish","4":"has-post-thumbnail","6":"product_cat-sem-categoria","7":"product_tag-acupuntura","8":"product_tag-diagnostico","9":"product_tag-diferenciacao","11":"first","12":"instock","13":"virtual","14":"purchasable","15":"product-type-simple"},"acf":[],"jetpack_sharing_enabled":true,"_links":{"self":[{"href":"https:\/\/www.terapiaschinesas.com.br\/index.php\/wp-json\/wp\/v2\/product\/2704","targetHints":{"allow":["GET"]}}],"collection":[{"href":"https:\/\/www.terapiaschinesas.com.br\/index.php\/wp-json\/wp\/v2\/product"}],"about":[{"href":"https:\/\/www.terapiaschinesas.com.br\/index.php\/wp-json\/wp\/v2\/types\/product"}],"wp:featuredmedia":[{"embeddable":true,"href":"https:\/\/www.terapiaschinesas.com.br\/index.php\/wp-json\/wp\/v2\/media\/2727"}],"wp:attachment":[{"href":"https:\/\/www.terapiaschinesas.com.br\/index.php\/wp-json\/wp\/v2\/media?parent=2704"}],"wp:term":[{"taxonomy":"product_brand","embeddable":true,"href":"https:\/\/www.terapiaschinesas.com.br\/index.php\/wp-json\/wp\/v2\/product_brand?post=2704"},{"taxonomy":"product_cat","embeddable":true,"href":"https:\/\/www.terapiaschinesas.com.br\/index.php\/wp-json\/wp\/v2\/product_cat?post=2704"},{"taxonomy":"product_tag","embeddable":true,"href":"https:\/\/www.terapiaschinesas.com.br\/index.php\/wp-json\/wp\/v2\/product_tag?post=2704"}],"curies":[{"name":"wp","href":"https:\/\/api.w.org\/{rel}","templated":true}]}}