{"id":2709,"date":"2020-04-21T14:13:07","date_gmt":"2020-04-21T17:13:07","guid":{"rendered":"https:\/\/www.terapiaschinesas.com.br\/?post_type=product&#038;p=2709"},"modified":"2025-07-07T12:08:42","modified_gmt":"2025-07-07T15:08:42","slug":"o-tao-da-mente-o-psiquismo-entendido-pela-medicina-chinesa-e-i-ching-12-parcelas-de-r30120","status":"publish","type":"product","link":"https:\/\/www.terapiaschinesas.com.br\/index.php\/produto\/o-tao-da-mente-o-psiquismo-entendido-pela-medicina-chinesa-e-i-ching-12-parcelas-de-r30120\/","title":{"rendered":"O Tao da Mente &#8211; O Psiquismo entendido pela Medicina Chinesa e I Ching"},"content":{"rendered":"<div  id=\"_ytid_33418\"  width=\"960\" height=\"540\"  data-origwidth=\"960\" data-origheight=\"540\" data-facadesrc=\"https:\/\/www.youtube.com\/embed\/nx8mNgtlThE?enablejsapi=1&#038;autoplay=0&#038;cc_load_policy=0&#038;cc_lang_pref=&#038;iv_load_policy=1&#038;loop=0&#038;rel=0&#038;fs=1&#038;playsinline=0&#038;autohide=2&#038;theme=dark&#038;color=red&#038;controls=1&#038;\" class=\"__youtube_prefs__ epyt-facade epyt-is-override  no-lazyload\" data-epautoplay=\"1\" ><img decoding=\"async\" data-spai-excluded=\"true\" class=\"epyt-facade-poster skip-lazy\" loading=\"lazy\"  alt=\"YouTube player\"  src=\"https:\/\/i.ytimg.com\/vi\/nx8mNgtlThE\/maxresdefault.jpg\"  \/><button class=\"epyt-facade-play\" aria-label=\"Play\"><svg data-no-lazy=\"1\" height=\"100%\" version=\"1.1\" viewBox=\"0 0 68 48\" width=\"100%\"><path class=\"ytp-large-play-button-bg\" d=\"M66.52,7.74c-0.78-2.93-2.49-5.41-5.42-6.19C55.79,.13,34,0,34,0S12.21,.13,6.9,1.55 C3.97,2.33,2.27,4.81,1.48,7.74C0.06,13.05,0,24,0,24s0.06,10.95,1.48,16.26c0.78,2.93,2.49,5.41,5.42,6.19 C12.21,47.87,34,48,34,48s21.79-0.13,27.1-1.55c2.93-0.78,4.64-3.26,5.42-6.19C67.94,34.95,68,24,68,24S67.94,13.05,66.52,7.74z\" fill=\"#f00\"><\/path><path d=\"M 45,24 27,14 27,34\" fill=\"#fff\"><\/path><\/svg><\/button><\/div>\n<h4><span style=\"font-weight: 400;\">Neste curso online (EAD) o aluno ter\u00e1 acesso \u00e0s apostilas e as grava\u00e7\u00f5es completas em v\u00eddeo das aulas que realizei na \u00faltima turma deste curso, realizado na Sociedade Taoista do Brasil, em S\u00e3o Paulo, em 2019, em um total de 70 horas de aulas. As d\u00favidas ser\u00e3o respondidas diretamente aqui, pela nossa plataforma de cursos online.<\/span><\/h4>\n<h3>O curso j\u00e1 est\u00e1 dispon\u00edvel e pronto para voc\u00ea curs\u00e1-lo. Ap\u00f3s realizar a compra receber\u00e1 as instru\u00e7\u00f5es de acesso para a nossa plataforma com o conte\u00fado do curso.<\/h3>\n<h1>APRESENTA\u00c7\u00c3O<\/h1>\n<p>O Yi Jing (I Ching) \u00e9 a raiz l\u00f3gica e filos\u00f3fica de todas as Artes Taoistas, como a Medicina Chinesa. Sua influ\u00eancia, por\u00e9m, transcende os fundamentos te\u00f3ricos, como o entendimento das Leis de Yin e Yang, 4 Imagens e 5 Movimentos, chegando no que esta Medicina tem de mais refinado e fascinante que \u00e9 a sua compreens\u00e3o do psiquismo.<\/p>\n<p>A forma como a Medicina Chinesa lida com as din\u00e2micas da Mente \u00e9 t\u00e3o \u00fanica e diferente da nossa vis\u00e3o cotidiana ocidental, que somente o aprofundamento no Yi Jing (I Ching) mostrou-se para mim uma ferramenta realmente capaz de nos fazer absorver essa compreens\u00e3o, levando-a para a pr\u00e1tica cl\u00ednica como terapeuta de Medicina Chinesa e tamb\u00e9m para todo o Caminho de maturidade, harmonia e sa\u00fade das nossas vidas.<\/p>\n<p>Iremos neste curso ver a influ\u00eancia do Yi Jing (I Ching) e da Filosofia Taoista das leis b\u00e1sicas que regem a Medicina Chinesa at\u00e9 o detalhamento nas nuances do nosso universo ps\u00edquico-emocional, atrav\u00e9s do entendimento dos trigramas e hexagramas. Estudaremos os 64 hexagramas vendo todas as rela\u00e7\u00f5es previstas no Yi Jing (I Ching) das din\u00e2micas da Mente. Nessa jornada esperamos lapidar os conhecimentos para profissionais de Medicina Chinesa, mas tamb\u00e9m beneficiar quaisquer interessados que possam levar essas transforma\u00e7\u00f5es para o seu dia a dia.<\/p>\n<h1>PROGRAMA<\/h1>\n<ul>\n<li>Caminhos de desenvolvimento no Yi Jing<\/li>\n<li>Hist\u00f3ria do Yi Jing<\/li>\n<li>Teorias de base<\/li>\n<li>Genealogia Taoista<\/li>\n<li>Os Cinco Aspectos da Mente\n<ul>\n<li>Consci\u00eancia<\/li>\n<li>Alma Corp\u00f3rea<\/li>\n<li>Alma Et\u00e9rea<\/li>\n<li>For\u00e7a do Pensamento<\/li>\n<li>For\u00e7a de Vontade<\/li>\n<\/ul>\n<\/li>\n<li>Detalhamento dos Cinco Aspectos da Mente nos Trigramas do Yi Jing<\/li>\n<li>Amadurecimento dos Aspectos da Mente ao longo da vida<\/li>\n<li>Gera\u00e7\u00e3o e Controle na rela\u00e7\u00e3o entre os aspectos ps\u00edquicos<\/li>\n<li>Aspectos individuais e coletivos<\/li>\n<li>As Virtudes do Yi Jing<\/li>\n<li>As Virtudes dos 5 Movimentos<\/li>\n<li>Estrutura\u00e7\u00e3o do entendimento dos hexagramas<\/li>\n<li>Din\u00e2mica do psiquismo representada nos 64 Hexagramas do Yi Jing<\/li>\n<li>Aprofundamento em textos cl\u00e1ssicos dos Hexagramas sobre a Mente<\/li>\n<\/ul>\n<h2>Curso Online &#8211; Benef\u00edcios<\/h2>\n<ul>\n<li><strong>Cursos disponibilizados na plataforma Google Classroom<\/strong>, muito f\u00e1cil e intuitiva de utilizar.<\/li>\n<li><strong>Linha do tempo<\/strong>\u00a0dispon\u00edvel em cada aula:\u00a0<strong>localize facilmente o conte\u00fado<\/strong>\u00a0que quer ver e rever.<\/li>\n<li><strong>O curso ser\u00e1 seu por tempo indeterminado<\/strong>, assim poder\u00e1 fazer o curso sem pressa, revendo o conte\u00fado sempre que precisar.<\/li>\n<\/ul>\n<h1>PR\u00c9-REQUISITO<\/h1>\n<p>Este curso n\u00e3o ter\u00e1 pr\u00e9-requisitos, pois apresentaremos os fundamentos te\u00f3ricos necess\u00e1rios, tanto de Medicina Chinesa, como de Yi Jing (I Ching).<\/p>\n<p><strong>Ministrante:<\/strong>\u00a0<a href=\"http:\/\/www.terapiaschinesas.com.br\/index.php\/edgar-helena\/\" target=\"_blank\" rel=\"noopener noreferrer\">Edgar Cantelli Gaspar<\/a><\/p>\n<ul>\n<li>\n<div>5a gera\u00e7\u00e3o da Linhagem Agulha de Ouro da Medicina Chinesa, disc\u00edpulo do Mestre Liu Chih Ming, formado em Massoterapia Chinesa Tui Na, Acupuntura e Fitoterapia no CEMETRAC.<\/div>\n<\/li>\n<li>\n<div>Acupuncture Doctor pela World Federation of Acupuncture-Moxibustion Societies (WFAS).<\/div>\n<\/li>\n<li>\n<div>20 anos de experi\u00eancia como terapeuta de Medicina Chinesa (Massoterapia, Acupuntura e Fitoterapia)<\/div>\n<\/li>\n<li>\n<div>15 anos como professor de Medicina Chinesa.<\/div>\n<\/li>\n<li>\n<div>11 anos como professor de Massoterapia Chinesa Tui Na no CEMETRAC e coordenador de cursos de Tui Na em diversas escolas pelo Brasil.<\/div>\n<\/li>\n<li>\n<div>8 anos como professor de Acupuntura no CEMETRAC.<\/div>\n<\/li>\n<li>\n<div>Criador e professor de diversos cursos Avan\u00e7ados de Medicina Chinesa.<\/div>\n<\/li>\n<\/ul>\n<h1>DEPOIMENTOS<\/h1>\n<p><strong>Daniela Cristina Ferreira<\/strong><\/p>\n<blockquote><p>Acompanhar essas nuances do psiquismo atrav\u00e9s dos hexagramas me fez ter primeiro uma sensa\u00e7\u00e3o de norte do que \u00e9 sa\u00fade ps\u00edquica e o que n\u00e3o \u00e9, de que muitas coisas repetimos como padr\u00f5es de cren\u00e7as externas, do socialmente convencionado e que nem sempre essas conven\u00e7\u00f5es s\u00e3o sa\u00fade.<\/p>\n<p>Essa forma de ver a mente despertou em mim uma compreens\u00e3o e uma compaix\u00e3o maior pelas pessoas (especialmente a fam\u00edlia, mas tbm expandindo isso de uma forma muito global) pq me compeliu a ver as coisas pelo lado delas. O que me foi mais importante foi que essa compaix\u00e3o e esse respeito foi ainda maior comigo mesma, estou conseguindo olhar pra mim e ver onde posso me apoiar mais, vendo o q posso abandonar e deixar meu interior mais leve e principalmente confiar no meu ser quando ele me diz q algo \u00e9 saud\u00e1vel e equilibrada para mim. Est\u00e1 sendo uma jornada bem bonita de amadurecer e me permitir manifestar meu ser.<\/p><\/blockquote>\n<p><strong>Dulce Arata <\/strong><\/p>\n<blockquote><p>Edgar, estou muito grata por vc compartilhar os seus conhecimentos&#8230; est\u00e1 sendo muito \u00fatil entender as armadilhas em que somos envolvidos no dia a dia e ter a lucidez de n\u00e3o cair em tenta\u00e7\u00e3o por n\u00e3o estar aderido a Terra. Quando iniciei as aulas h\u00e1 7 anos atr\u00e1s, n\u00e3o entendia a profundidade desse conhecimento t\u00e3o profundo! Gratid\u00e3o imensa!<\/p><\/blockquote>\n<p><strong>Aida Fernandez (Espanha)<\/strong><\/p>\n<blockquote><p>Parabens pelo curso. Acho que \u00e9 realmente genu\u00edno. A compreens\u00e3o, a sabedoria e a profundidade que ele tem e que voc\u00ea transmite s\u00e3o excelentes. \u00c9 muito gostoso poder aproveitar tudo isso mesmo estando t\u00e3o longe! O espa\u00e7o interno desde onde voc\u00ea fala \u00e9 certamente Aus\u00eancia de Falsidade. Parabens pelo seu trabalho!! Um forte abra\u00e7o!!!<\/p><\/blockquote>\n<p><strong>Vera Lambiasi<\/strong><\/p>\n<blockquote><p>Oi meu querido amigo!!! Finalizo hj o Curso do T\u00e3o da Mente Emocionada.. Sou eternamente grata por sua sabedoria e parceria. Vc realmente \u00e9 um escolhido para falar conosco pelo cora\u00e7\u00e3o.. Senti que esse curso fortaleceu minha confian\u00e7a em minhas consultas de I Ching e na condu\u00e7\u00e3o de minha vida. Sou eternamente grata a todos vcs. O Curso Tao da Mente colaborou imensamente para uma ajustes na minha forma de viver e conduzir meus atendimentos.<\/p><\/blockquote>\n<p><strong>Cristiane Tacla <\/strong><\/p>\n<blockquote><p>Edgar, gostaria de deixar aqui minha gratid\u00e3o pelos seus ensinamentos. Fiz o curso presencial O Tao da Mente e a integra\u00e7\u00e3o que voc\u00ea faz da MTC com o I Ching \u00e9 intensa e coerente. Ajudou-me tanto na minha vida pessoal, como enriqueceu meu olhar como terapeuta! Grande abra\u00e7o!<\/p><\/blockquote>\n<p>Sheila Rafaini<\/p>\n<blockquote><p>Esse curso \u00e9 indescrit\u00edvel. Tive a oportunidade de faz\u00ea-lo presencialmente, 8 meses de imers\u00e3o profunda. Cada aula, uma transforma\u00e7\u00e3o acontecia&#8230; Pensar profundamente sobre o psiquismo, sobre os cen\u00e1rios do Tao foi ganhar uma linguagem que me modificou internamente e modificou meus atendimentos. Esse trabalho \u00e9 t\u00e3o lindo que devia ser de base para nossa forma\u00e7\u00e3o humana&#8230; \u00c9 isso: depois dele, eu sa\u00ed um ser humano melhor&#8230; \u2764\ufe0f<\/p><\/blockquote>\n<p>Para d\u00favidas, informa\u00e7\u00f5es e aquisi\u00e7\u00e3o, escreva para\u00a0<a href=\"mailto:edgar@terapiaschinesas.com.br\">edgar@terapiaschinesas.com.br<\/a>.<\/p>\n","protected":false},"excerpt":{"rendered":"<p>Iremos neste curso ver a influ\u00eancia do Yi Jing (I Ching) e da Filosofia Taoista das leis b\u00e1sicas que regem a Medicina Chinesa at\u00e9 o detalhamento nas nuances do nosso universo ps\u00edquico-emocional, atrav\u00e9s do entendimento dos trigramas e hexagramas. Estudaremos os 64 hexagramas vendo todas as rela\u00e7\u00f5es previstas no Yi Jing (I Ching) das din\u00e2micas da Mente. Nessa jornada esperamos lapidar os conhecimentos para profissionais de Medicina Chinesa, mas tamb\u00e9m beneficiar quaisquer interessados que possam levar essas transforma\u00e7\u00f5es para o seu dia a dia.<\/p>\n","protected":false},"featured_media":2732,"template":"","meta":[],"product_brand":[],"product_cat":[459],"product_tag":[492,493,495,494],"class_list":{"0":"post-2709","1":"product","2":"type-product","3":"status-publish","4":"has-post-thumbnail","6":"product_cat-sem-categoria","7":"product_tag-i-ching","8":"product_tag-medicina-chinesa","9":"product_tag-mente","10":"product_tag-psiquismo","12":"first","13":"instock","14":"featured","15":"virtual","16":"purchasable","17":"product-type-simple"},"jetpack_sharing_enabled":true,"acf":[],"_links":{"self":[{"href":"https:\/\/www.terapiaschinesas.com.br\/index.php\/wp-json\/wp\/v2\/product\/2709","targetHints":{"allow":["GET"]}}],"collection":[{"href":"https:\/\/www.terapiaschinesas.com.br\/index.php\/wp-json\/wp\/v2\/product"}],"about":[{"href":"https:\/\/www.terapiaschinesas.com.br\/index.php\/wp-json\/wp\/v2\/types\/product"}],"wp:featuredmedia":[{"embeddable":true,"href":"https:\/\/www.terapiaschinesas.com.br\/index.php\/wp-json\/wp\/v2\/media\/2732"}],"wp:attachment":[{"href":"https:\/\/www.terapiaschinesas.com.br\/index.php\/wp-json\/wp\/v2\/media?parent=2709"}],"wp:term":[{"taxonomy":"product_brand","embeddable":true,"href":"https:\/\/www.terapiaschinesas.com.br\/index.php\/wp-json\/wp\/v2\/product_brand?post=2709"},{"taxonomy":"product_cat","embeddable":true,"href":"https:\/\/www.terapiaschinesas.com.br\/index.php\/wp-json\/wp\/v2\/product_cat?post=2709"},{"taxonomy":"product_tag","embeddable":true,"href":"https:\/\/www.terapiaschinesas.com.br\/index.php\/wp-json\/wp\/v2\/product_tag?post=2709"}],"curies":[{"name":"wp","href":"https:\/\/api.w.org\/{rel}","templated":true}]}}