{"id":3133,"date":"2020-06-09T17:23:12","date_gmt":"2020-06-09T20:23:12","guid":{"rendered":"https:\/\/www.terapiaschinesas.com.br\/?post_type=product&#038;p=3133"},"modified":"2021-06-16T11:17:44","modified_gmt":"2021-06-16T14:17:44","slug":"aula-de-extensao-do-curso-o-tao-da-mente-sobre-a-pandemia","status":"publish","type":"product","link":"https:\/\/www.terapiaschinesas.com.br\/index.php\/produto\/aula-de-extensao-do-curso-o-tao-da-mente-sobre-a-pandemia\/","title":{"rendered":"Aula de Extens\u00e3o do Curso &#8220;O Tao da Mente&#8221; sobre a Pandemia"},"content":{"rendered":"<p><img fetchpriority=\"high\" decoding=\"async\" class=\"alignleft size-medium wp-image-3137\" src=\"https:\/\/www.terapiaschinesas.com.br\/wp-content\/uploads\/2020\/06\/O-impacto-da-pandemia-no-psiquismo-para-Terapias-300x300.png\" alt=\"\" width=\"300\" height=\"300\" srcset=\"https:\/\/www.terapiaschinesas.com.br\/wp-content\/uploads\/2020\/06\/O-impacto-da-pandemia-no-psiquismo-para-Terapias-300x300.png 300w, https:\/\/www.terapiaschinesas.com.br\/wp-content\/uploads\/2020\/06\/O-impacto-da-pandemia-no-psiquismo-para-Terapias-1024x1024.png 1024w, https:\/\/www.terapiaschinesas.com.br\/wp-content\/uploads\/2020\/06\/O-impacto-da-pandemia-no-psiquismo-para-Terapias-150x150.png 150w, https:\/\/www.terapiaschinesas.com.br\/wp-content\/uploads\/2020\/06\/O-impacto-da-pandemia-no-psiquismo-para-Terapias-768x768.png 768w, https:\/\/www.terapiaschinesas.com.br\/wp-content\/uploads\/2020\/06\/O-impacto-da-pandemia-no-psiquismo-para-Terapias-75x75.png 75w, https:\/\/www.terapiaschinesas.com.br\/wp-content\/uploads\/2020\/06\/O-impacto-da-pandemia-no-psiquismo-para-Terapias-600x600.png 600w, https:\/\/www.terapiaschinesas.com.br\/wp-content\/uploads\/2020\/06\/O-impacto-da-pandemia-no-psiquismo-para-Terapias-100x100.png 100w, https:\/\/www.terapiaschinesas.com.br\/wp-content\/uploads\/2020\/06\/O-impacto-da-pandemia-no-psiquismo-para-Terapias.png 1080w\" sizes=\"(max-width: 300px) 100vw, 300px\" \/><\/p>\n<p>Estamos vivendo um tempo sem precedentes. Quais s\u00e3o os impactos de todo o cen\u00e1rio de pandemia, carregado de medos, ansiedades e preocupa\u00e7\u00f5es, somado \u00e0 necessidade de isolamento social severo, que traz inseguran\u00e7as, car\u00eancias e sobrecargas, ao nosso estado ps\u00edquico emocional?<\/p>\n<p>Nesta aula especial de extens\u00e3o do Curso &#8220;O Tao da Mente&#8221; (que foi gravada no dia 6 de junho de 2020) vemos as minhas primeiras impress\u00f5es desta complexidade, analisando o impacto em cada uma das fun\u00e7\u00f5es ps\u00edquicas: Alma Et\u00e9rea, For\u00e7a do Pensamento, Alma Corp\u00f3rea, For\u00e7a de Vontade e Consci\u00eancia, sempre atrav\u00e9s do entendimento da Medicina Chinesa e do Yi Jing (I Ching). Veremos tamb\u00e9m alguns Hexagramas representativos das din\u00e2micas do psiquismo neste momento.<\/p>\n","protected":false},"excerpt":{"rendered":"<p>Aula sobre a discuss\u00e3o dos impactos da pandemia e da necessidade de quarentena no psiquismo sob a vis\u00e3o do Yi Jing (I Ching) e da Medicina Chinesa.<\/p>\n","protected":false},"featured_media":3137,"template":"","meta":[],"product_brand":[],"product_cat":[459],"product_tag":[495,498],"class_list":{"0":"post-3133","1":"product","2":"type-product","3":"status-publish","4":"has-post-thumbnail","6":"product_cat-sem-categoria","7":"product_tag-mente","8":"product_tag-tao-da-mente","10":"first","11":"instock","12":"shipping-taxable","13":"purchasable","14":"product-type-simple"},"jetpack_sharing_enabled":true,"acf":[],"_links":{"self":[{"href":"https:\/\/www.terapiaschinesas.com.br\/index.php\/wp-json\/wp\/v2\/product\/3133","targetHints":{"allow":["GET"]}}],"collection":[{"href":"https:\/\/www.terapiaschinesas.com.br\/index.php\/wp-json\/wp\/v2\/product"}],"about":[{"href":"https:\/\/www.terapiaschinesas.com.br\/index.php\/wp-json\/wp\/v2\/types\/product"}],"wp:featuredmedia":[{"embeddable":true,"href":"https:\/\/www.terapiaschinesas.com.br\/index.php\/wp-json\/wp\/v2\/media\/3137"}],"wp:attachment":[{"href":"https:\/\/www.terapiaschinesas.com.br\/index.php\/wp-json\/wp\/v2\/media?parent=3133"}],"wp:term":[{"taxonomy":"product_brand","embeddable":true,"href":"https:\/\/www.terapiaschinesas.com.br\/index.php\/wp-json\/wp\/v2\/product_brand?post=3133"},{"taxonomy":"product_cat","embeddable":true,"href":"https:\/\/www.terapiaschinesas.com.br\/index.php\/wp-json\/wp\/v2\/product_cat?post=3133"},{"taxonomy":"product_tag","embeddable":true,"href":"https:\/\/www.terapiaschinesas.com.br\/index.php\/wp-json\/wp\/v2\/product_tag?post=3133"}],"curies":[{"name":"wp","href":"https:\/\/api.w.org\/{rel}","templated":true}]}}