{"id":3251,"date":"2020-11-16T14:14:16","date_gmt":"2020-11-16T17:14:16","guid":{"rendered":"https:\/\/www.terapiaschinesas.com.br\/?post_type=product&#038;p=3251"},"modified":"2025-07-07T12:06:06","modified_gmt":"2025-07-07T15:06:06","slug":"desvendando-o-imperador-amarelo-r19000-mes","status":"publish","type":"product","link":"https:\/\/www.terapiaschinesas.com.br\/index.php\/produto\/desvendando-o-imperador-amarelo-r19000-mes\/","title":{"rendered":"Desvendando o Imperador Amarelo &#8211; R$260,00\/m\u00eas"},"content":{"rendered":"<p>&nbsp;<\/p>\n<h1><img fetchpriority=\"high\" decoding=\"async\" class=\"aligncenter size-large wp-image-3615\" src=\"https:\/\/www.terapiaschinesas.com.br\/wp-content\/uploads\/2020\/11\/imagem-para-loja-Terapias-1-1024x1024.jpg\" alt=\"\" width=\"960\" height=\"960\" srcset=\"https:\/\/www.terapiaschinesas.com.br\/wp-content\/uploads\/2020\/11\/imagem-para-loja-Terapias-1-1024x1024.jpg 1024w, https:\/\/www.terapiaschinesas.com.br\/wp-content\/uploads\/2020\/11\/imagem-para-loja-Terapias-1-300x300.jpg 300w, https:\/\/www.terapiaschinesas.com.br\/wp-content\/uploads\/2020\/11\/imagem-para-loja-Terapias-1-150x150.jpg 150w, https:\/\/www.terapiaschinesas.com.br\/wp-content\/uploads\/2020\/11\/imagem-para-loja-Terapias-1-768x768.jpg 768w, https:\/\/www.terapiaschinesas.com.br\/wp-content\/uploads\/2020\/11\/imagem-para-loja-Terapias-1-75x75.jpg 75w, https:\/\/www.terapiaschinesas.com.br\/wp-content\/uploads\/2020\/11\/imagem-para-loja-Terapias-1-600x600.jpg 600w, https:\/\/www.terapiaschinesas.com.br\/wp-content\/uploads\/2020\/11\/imagem-para-loja-Terapias-1-100x100.jpg 100w, https:\/\/www.terapiaschinesas.com.br\/wp-content\/uploads\/2020\/11\/imagem-para-loja-Terapias-1.jpg 1080w\" sizes=\"(max-width: 960px) 100vw, 960px\" \/><\/h1>\n<h1>Apresenta\u00e7\u00e3o<\/h1>\n<p>O Tratado Interno do Imperador Amarelo \u00e9 tido como o primeiro e at\u00e9 hoje o mais importante texto da Medicina Chinesa. Ele carrega os Princ\u00edpios desta Medicina h\u00e1 mil\u00eanios e \u00e9 sempre citado como nossa refer\u00eancia essencial. Mas, muito mais do que isso, ele \u00e9 um Tratado que faz parte do c\u00e2non da filosofia tao\u00edsta, sendo considerado um dos textos mais sagrados da cultura cl\u00e1ssica chinesa.<\/p>\n<p>Seu estudo, por\u00e9m, n\u00e3o \u00e9 f\u00e1cil. Al\u00e9m de ser um texto milenar, \u00e9 repleto de c\u00f3digos, simbolismos e interpreta\u00e7\u00f5es que, se por um lado trazem obst\u00e1culos para uma leitura did\u00e1tica, ao mesmo tempo abrem portas para revela\u00e7\u00f5es muito profundas, tratando da integra\u00e7\u00e3o do ser humano com a Natureza em todos os seus sentidos, transcendendo os aspectos puramente cl\u00ednicos desta Medicina.<\/p>\n<h1>Formato<\/h1>\n<p>Estamos estudando o texto o mais pr\u00f3ximo do original poss\u00edvel, procurando um entendimento detalhado, palavra por palavra, sempre segundo a filosofia tao\u00edsta. Adotamos o formato cont\u00ednuo: \u00e9 poss\u00edvel ingressar em qualquer m\u00eas do curso, j\u00e1 que os cap\u00edtulos n\u00e3o seguem uma forma interdependente. Caso tenha perdido algum cap\u00edtulo, poder\u00e1 fazer essa aula em futuras repeti\u00e7\u00f5es deste conte\u00fado.<\/p>\n<h1>Para quem ele \u00e9 indicado?<\/h1>\n<p>A resposta \u00e9 que \u00e9 indicado para tr\u00eas grupos: sendo o tratado fundamental da medicina chinesa, o estudo do Hu\u00e1ng D\u00ec N\u00e8i J\u012bng (\u9ec3\u5e1d\u5167\u7d93 &#8211; Tratado Interno do Imperador Amarelo) \u00e9 indicado para todos os praticantes dessa medicina, tanto os que est\u00e3o em forma\u00e7\u00e3o, quanto os mais experientes. Em geral, n\u00e3o indicamos esse estudo para iniciantes de forma autodidata, pela caracter\u00edstica simb\u00f3lica e complexa do texto. No curso por\u00e9m, veremos o texto de forma muito gradual e did\u00e1tica, fundamentando todos os conceitos que pertencem ao entendimento de cada cap\u00edtulo. Para os mais avan\u00e7ados, o estudo proporcionar\u00e1 um retorno aos fundamentos de maneira aprofundada, a possibilidade de refinamentos e tamb\u00e9m de resolu\u00e7\u00e3o de d\u00favidas. Isso porque, ao final de cada aula, teremos um tempo reservado para a discuss\u00e3o de d\u00favidas de todos os alunos.<\/p>\n<p>O curso \u00e9 indicado tamb\u00e9m para os praticantes de artes corporais chinesas, como o Tai Ji Quan, Qi Gong e Ba Gua, que tenham as bases do conhecimento da fisiologia, segundo a vis\u00e3o da medicina chinesa.<\/p>\n<p>Por fim, o curso tamb\u00e9m pode beneficiar os estudantes da filosofia taoista. Nem todo mundo sabe, mas o Hu\u00e1ng D\u00ec N\u00e8i J\u012bng (\u9ec3\u5e1d\u5167\u7d93 &#8211; Tratado Interno do Imperador Amarelo) \u00e9 tamb\u00e9m parte essencial do c\u00e2non de textos sagrados taoistas, sendo um dos pilares da constru\u00e7\u00e3o da vis\u00e3o de mundo, de sa\u00fade, de doen\u00e7a e mais uma s\u00e9rie de conceitos da vida cotidiana e tamb\u00e9m espiritual. Nesse curso faremos seu estudo de uma forma muito tradicional, vendo seu texto palavra por palavra, procurando desvendar seus c\u00f3digos, que navegam nos termos cl\u00e1ssicos da medicina chinesa, e tamb\u00e9m nos termos filosofia taoista e das suas artes. Para isso, utilizaremos uma tradu\u00e7\u00e3o pr\u00f3pria, feita diretamente para o curso do texto mais pr\u00f3ximo do original que encontrei nas minhas pesquisas.<\/p>\n<h1>Sobre as aulas<\/h1>\n<p>As aulas s\u00e3o transmitidas pelo Zoom, com possibilidades de discuss\u00e3o sobre os temas ao final da aula. Quem perde a aula ao vivo, pode ver a aula gravada em qualquer hor\u00e1rio durante a semana.<\/p>\n<h1>Custo e forma de pagamento<\/h1>\n<p>Para ingressar nessa jornada, basta fazer o pagamento da primeira mensalidade, referente ao m\u00eas de outubro, no valor de R$260,00. Para isso, voc\u00ea pode escolher um dos m\u00e9todos:<\/p>\n<ol>\n<li>Realizar o pagamento aqui pelo nosso site, atrav\u00e9s do PagSeguro.<\/li>\n<li>Transferir o valor para a conta: Ita\u00fa. Ag. 4093. Cc 59384-8 CPF 273570628-13 &#8211; Edgar Cantelli Gaspar<\/li>\n<li>Efetuar o pagamento pelo aplicativo PicPay. O PicPay permite pagamento por cart\u00e3o de cr\u00e9dito e minha conta \u00e9: @edgar.cantelli.gaspar<\/li>\n<\/ol>\n<p>Envie o comprovante preferencialmente para o Whatsapp: 11 99454-5359<\/p>\n<p>As mensalidades dos meses seguintes devem ser feitas at\u00e9 o dia 30 do m\u00eas anterior, para que o acesso as aulas seja liberado.<\/p>\n","protected":false},"excerpt":{"rendered":"<p>Estudo detalhado do Tratado Interno do Imperador Amarelo atrav\u00e9s da filosofia taoista. Formato c\u00edclico, sendo poss\u00edvel entrar em qualquer m\u00eas do curso!<\/p>\n","protected":false},"featured_media":3615,"template":"","meta":[],"product_brand":[],"product_cat":[459],"product_tag":[461,507,493,495,506],"class_list":{"0":"post-3251","1":"product","2":"type-product","3":"status-publish","4":"has-post-thumbnail","6":"product_cat-sem-categoria","7":"product_tag-acupuntura","8":"product_tag-fitoterapia","9":"product_tag-medicina-chinesa","10":"product_tag-mente","11":"product_tag-tui-na","13":"first","14":"instock","15":"shipping-taxable","16":"purchasable","17":"product-type-simple"},"jetpack_sharing_enabled":true,"acf":[],"_links":{"self":[{"href":"https:\/\/www.terapiaschinesas.com.br\/index.php\/wp-json\/wp\/v2\/product\/3251","targetHints":{"allow":["GET"]}}],"collection":[{"href":"https:\/\/www.terapiaschinesas.com.br\/index.php\/wp-json\/wp\/v2\/product"}],"about":[{"href":"https:\/\/www.terapiaschinesas.com.br\/index.php\/wp-json\/wp\/v2\/types\/product"}],"wp:featuredmedia":[{"embeddable":true,"href":"https:\/\/www.terapiaschinesas.com.br\/index.php\/wp-json\/wp\/v2\/media\/3615"}],"wp:attachment":[{"href":"https:\/\/www.terapiaschinesas.com.br\/index.php\/wp-json\/wp\/v2\/media?parent=3251"}],"wp:term":[{"taxonomy":"product_brand","embeddable":true,"href":"https:\/\/www.terapiaschinesas.com.br\/index.php\/wp-json\/wp\/v2\/product_brand?post=3251"},{"taxonomy":"product_cat","embeddable":true,"href":"https:\/\/www.terapiaschinesas.com.br\/index.php\/wp-json\/wp\/v2\/product_cat?post=3251"},{"taxonomy":"product_tag","embeddable":true,"href":"https:\/\/www.terapiaschinesas.com.br\/index.php\/wp-json\/wp\/v2\/product_tag?post=3251"}],"curies":[{"name":"wp","href":"https:\/\/api.w.org\/{rel}","templated":true}]}}