{"id":3389,"date":"2021-07-06T12:37:22","date_gmt":"2021-07-06T15:37:22","guid":{"rendered":"https:\/\/www.terapiaschinesas.com.br\/?post_type=product&#038;p=3389"},"modified":"2022-11-21T12:20:55","modified_gmt":"2022-11-21T15:20:55","slug":"capitulo-03-desvendando-o-imperador-amarelo","status":"publish","type":"product","link":"https:\/\/www.terapiaschinesas.com.br\/index.php\/produto\/capitulo-03-desvendando-o-imperador-amarelo\/","title":{"rendered":"Cap\u00edtulo 03 &#8211; Desvendando o Imperador Amarelo"},"content":{"rendered":"<p><img fetchpriority=\"high\" decoding=\"async\" class=\"aligncenter size-large wp-image-3391\" src=\"https:\/\/www.terapiaschinesas.com.br\/wp-content\/uploads\/2021\/07\/Desvendando-o-Imperador-Amarelo-capitulo-3-1-1024x1024.png\" alt=\"\" width=\"960\" height=\"960\" srcset=\"https:\/\/www.terapiaschinesas.com.br\/wp-content\/uploads\/2021\/07\/Desvendando-o-Imperador-Amarelo-capitulo-3-1-1024x1024.png 1024w, https:\/\/www.terapiaschinesas.com.br\/wp-content\/uploads\/2021\/07\/Desvendando-o-Imperador-Amarelo-capitulo-3-1-300x300.png 300w, https:\/\/www.terapiaschinesas.com.br\/wp-content\/uploads\/2021\/07\/Desvendando-o-Imperador-Amarelo-capitulo-3-1-150x150.png 150w, https:\/\/www.terapiaschinesas.com.br\/wp-content\/uploads\/2021\/07\/Desvendando-o-Imperador-Amarelo-capitulo-3-1-768x768.png 768w, https:\/\/www.terapiaschinesas.com.br\/wp-content\/uploads\/2021\/07\/Desvendando-o-Imperador-Amarelo-capitulo-3-1-75x75.png 75w, https:\/\/www.terapiaschinesas.com.br\/wp-content\/uploads\/2021\/07\/Desvendando-o-Imperador-Amarelo-capitulo-3-1-600x600.png 600w, https:\/\/www.terapiaschinesas.com.br\/wp-content\/uploads\/2021\/07\/Desvendando-o-Imperador-Amarelo-capitulo-3-1-100x100.png 100w, https:\/\/www.terapiaschinesas.com.br\/wp-content\/uploads\/2021\/07\/Desvendando-o-Imperador-Amarelo-capitulo-3-1.png 1080w\" sizes=\"(max-width: 960px) 100vw, 960px\" \/><\/p>\n<p>No terceiro cap\u00edtulo do Tratado Interno do Imperador Amarelo &#8211; <em><strong>Di\u00e1logo sobre como o Qi Generativo se comunica com o C\u00e9u<\/strong><\/em> &#8211; voc\u00ea ver\u00e1:<\/p>\n<p>1. Como nossa energia (Qi), que nos mant\u00e9m vivos, est\u00e1 intimamente ligado e dependente do C\u00e9u.<\/p>\n<p>2. A rela\u00e7\u00e3o do Yang do C\u00e9u com a forma\u00e7\u00e3o do nosso Yin Qi, no sentido de nutri\u00e7\u00e3o para o corpo.<\/p>\n<p>3. A descri\u00e7\u00e3o da natureza dos fatores patog\u00eanicos clim\u00e1ticos e suas consequ\u00eancias no corpo.<\/p>\n<p>4. A rela\u00e7\u00e3o de como a nutri\u00e7\u00e3o pode se adequar \u00e0s esta\u00e7\u00f5es e seu papel chave na manuten\u00e7\u00e3o da nossa sa\u00fade.<\/p>\n<p>Voc\u00ea tamb\u00e9m ter\u00e1 acesso a introdu\u00e7\u00e3o hist\u00f3rica do livro e do pr\u00f3prio Imperador Amarelo, entendendo o papel do tratado como c\u00e2non essencial da filosofia taoista e como base da Medicina Chinesa.<\/p>\n<p>Voc\u00ea receber\u00e1 o texto traduzido exclusivamente para o curso no qual procuramos manter o sentido o mais pr\u00f3ximo do original poss\u00edvel. Nas aulas ver\u00e1 o seu significado palavra por palavra, desvendando os seus c\u00f3digos e conceitos.<\/p>\n<h1>PARA QUEM ELE \u00c9 INDICADO?<\/h1>\n<p>A resposta \u00e9 que \u00e9 indicado para tr\u00eas grupos: sendo o tratado fundamental da medicina chinesa, o estudo do Hu\u00e1ng D\u00ec N\u00e8i J\u012bng (\u9ec3\u5e1d\u5167\u7d93 \u2013 Tratado Interno do Imperador Amarelo) \u00e9 indicado para todos os praticantes dessa medicina, tanto os que est\u00e3o em forma\u00e7\u00e3o, quanto os mais experientes. Em geral, n\u00e3o indicamos esse estudo para iniciantes de forma autodidata, pela caracter\u00edstica simb\u00f3lica e complexa do texto. No curso por\u00e9m, veremos o texto de forma muito gradual e did\u00e1tica, fundamentando todos os conceitos que pertencem ao entendimento de cada cap\u00edtulo. Para os mais avan\u00e7ados, o estudo proporcionar\u00e1 um retorno aos fundamentos de maneira aprofundada, a possibilidade de refinamentos e tamb\u00e9m de resolu\u00e7\u00e3o de d\u00favidas. Isso porque, ao final de cada aula, teremos um tempo reservado para a discuss\u00e3o de d\u00favidas de todos os alunos.<\/p>\n<p>O curso \u00e9 indicado tamb\u00e9m para os praticantes de artes corporais chinesas, como o Tai Ji Quan, Qi Gong e Ba Gua, que tenham as bases do conhecimento da fisiologia, segundo a vis\u00e3o da medicina chinesa.<\/p>\n<p>Por fim, o curso tamb\u00e9m pode beneficiar os estudantes da filosofia taoista. Nem todo mundo sabe, mas o Hu\u00e1ng D\u00ec N\u00e8i J\u012bng (\u9ec3\u5e1d\u5167\u7d93 \u2013 Tratado Interno do Imperador Amarelo) \u00e9 tamb\u00e9m parte essencial do c\u00e2non de textos sagrados taoistas, sendo um dos pilares da constru\u00e7\u00e3o da vis\u00e3o de mundo, de sa\u00fade, de doen\u00e7a e mais uma s\u00e9rie de conceitos da vida cotidiana e tamb\u00e9m espiritual.<\/p>\n<h1>CURSOS ONLINE \u2013 BENEF\u00cdCIOS<\/h1>\n<ul>\n<li><strong>Cursos disponibilizados na plataforma Google Classroom<\/strong>, muito f\u00e1cil e intuitiva de utilizar.<\/li>\n<li><strong>O curso ser\u00e1 seu por tempo indeterminado<\/strong>, assim poder\u00e1 fazer o curso sem pressa, revendo o conte\u00fado sempre que precisar.<\/li>\n<\/ul>\n<p><strong>Ministrante:\u00a0<\/strong><a href=\"https:\/\/terapiaschinesas.com.br\/index.php\/edgar-helena\/\"><strong>Edgar Cantelli Gaspar<\/strong><\/a><\/p>\n<p>Para d\u00favidas, informa\u00e7\u00f5es e aquisi\u00e7\u00e3o, escreva para\u00a0<a href=\"mailto:edgar@terapiaschinesas.com.br\">edgar@terapiaschinesas.com.br<\/a>.<\/p>\n","protected":false},"excerpt":{"rendered":"<p>No terceiro cap\u00edtulo do Tratado Interno do Imperador Amarelo &#8211; <em><strong>Di\u00e1logo sobre como o Qi Generativo se comunica com o C\u00e9u<\/strong><\/em> &#8211; voc\u00ea ver\u00e1:<\/p>\n<p>1. Como nossa energia (Qi), que nos mant\u00e9m vivos, est\u00e1 intimamente ligado e dependente do C\u00e9u.<\/p>\n<p>2. A rela\u00e7\u00e3o do Yang do C\u00e9u com a forma\u00e7\u00e3o do nosso Yin Qi, no sentido de nutri\u00e7\u00e3o para o corpo.<\/p>\n<p>3. A descri\u00e7\u00e3o da natureza dos fatores patog\u00eanicos clim\u00e1ticos e suas consequ\u00eancias no corpo.<\/p>\n<p>4. A rela\u00e7\u00e3o de como a nutri\u00e7\u00e3o pode se adequar \u00e0s esta\u00e7\u00f5es e seu papel chave na manuten\u00e7\u00e3o da nossa sa\u00fade.<\/p>\n<p>Voc\u00ea tamb\u00e9m ter\u00e1 acesso a introdu\u00e7\u00e3o hist\u00f3rica do livro e do pr\u00f3prio Imperador Amarelo, entendendo o papel do tratado como c\u00e2non essencial da filosofia taoista e como base da Medicina Chinesa.<\/p>\n<p>Voc\u00ea receber\u00e1 o texto traduzido exclusivamente para o curso no qual procuramos manter o sentido o mais pr\u00f3ximo do original poss\u00edvel. Nas aulas ver\u00e1 o seu significado palavra por palavra, desvendando os seus c\u00f3digos e conceitos.<\/p>\n","protected":false},"featured_media":3391,"template":"","meta":[],"product_brand":[],"product_cat":[459],"product_tag":[461,513,511,510,493,514,512],"class_list":{"0":"post-3389","1":"product","2":"type-product","3":"status-publish","4":"has-post-thumbnail","6":"product_cat-sem-categoria","7":"product_tag-acupuntura","8":"product_tag-dao","9":"product_tag-huang-di-nei-jing","10":"product_tag-imperador-amarelo","11":"product_tag-medicina-chinesa","12":"product_tag-saude","13":"product_tag-tao","15":"first","16":"instock","17":"shipping-taxable","18":"purchasable","19":"product-type-simple"},"jetpack_sharing_enabled":true,"acf":[],"_links":{"self":[{"href":"https:\/\/www.terapiaschinesas.com.br\/index.php\/wp-json\/wp\/v2\/product\/3389","targetHints":{"allow":["GET"]}}],"collection":[{"href":"https:\/\/www.terapiaschinesas.com.br\/index.php\/wp-json\/wp\/v2\/product"}],"about":[{"href":"https:\/\/www.terapiaschinesas.com.br\/index.php\/wp-json\/wp\/v2\/types\/product"}],"wp:featuredmedia":[{"embeddable":true,"href":"https:\/\/www.terapiaschinesas.com.br\/index.php\/wp-json\/wp\/v2\/media\/3391"}],"wp:attachment":[{"href":"https:\/\/www.terapiaschinesas.com.br\/index.php\/wp-json\/wp\/v2\/media?parent=3389"}],"wp:term":[{"taxonomy":"product_brand","embeddable":true,"href":"https:\/\/www.terapiaschinesas.com.br\/index.php\/wp-json\/wp\/v2\/product_brand?post=3389"},{"taxonomy":"product_cat","embeddable":true,"href":"https:\/\/www.terapiaschinesas.com.br\/index.php\/wp-json\/wp\/v2\/product_cat?post=3389"},{"taxonomy":"product_tag","embeddable":true,"href":"https:\/\/www.terapiaschinesas.com.br\/index.php\/wp-json\/wp\/v2\/product_tag?post=3389"}],"curies":[{"name":"wp","href":"https:\/\/api.w.org\/{rel}","templated":true}]}}