{"id":3686,"date":"2023-10-10T14:57:52","date_gmt":"2023-10-10T17:57:52","guid":{"rendered":"https:\/\/www.terapiaschinesas.com.br\/?post_type=product&#038;p=3686"},"modified":"2025-11-30T20:51:44","modified_gmt":"2025-11-30T23:51:44","slug":"novo-curso-online-de-diagnostivo-avancado-diferenciacao-e-tratamento-da-medicina-chinesa","status":"publish","type":"product","link":"https:\/\/www.terapiaschinesas.com.br\/index.php\/produto\/novo-curso-online-de-diagnostivo-avancado-diferenciacao-e-tratamento-da-medicina-chinesa\/","title":{"rendered":"Novo Curso Online de Diagn\u00f3stivo Avan\u00e7ado, Diferencia\u00e7\u00e3o e Tratamento da Medicina Chinesa"},"content":{"rendered":"<p><img fetchpriority=\"high\" decoding=\"async\" class=\"aligncenter size-full wp-image-3688\" src=\"https:\/\/www.terapiaschinesas.com.br\/wp-content\/uploads\/2023\/10\/Destaque-para-loja-Terapias.png\" alt=\"\" width=\"810\" height=\"810\" srcset=\"https:\/\/www.terapiaschinesas.com.br\/wp-content\/uploads\/2023\/10\/Destaque-para-loja-Terapias.png 810w, https:\/\/www.terapiaschinesas.com.br\/wp-content\/uploads\/2023\/10\/Destaque-para-loja-Terapias-300x300.png 300w, https:\/\/www.terapiaschinesas.com.br\/wp-content\/uploads\/2023\/10\/Destaque-para-loja-Terapias-150x150.png 150w, https:\/\/www.terapiaschinesas.com.br\/wp-content\/uploads\/2023\/10\/Destaque-para-loja-Terapias-768x768.png 768w, https:\/\/www.terapiaschinesas.com.br\/wp-content\/uploads\/2023\/10\/Destaque-para-loja-Terapias-75x75.png 75w, https:\/\/www.terapiaschinesas.com.br\/wp-content\/uploads\/2023\/10\/Destaque-para-loja-Terapias-600x600.png 600w, https:\/\/www.terapiaschinesas.com.br\/wp-content\/uploads\/2023\/10\/Destaque-para-loja-Terapias-100x100.png 100w\" sizes=\"(max-width: 810px) 100vw, 810px\" \/><\/p>\n<h4>\u00c9 com muito orgulho que trazemos a voc\u00ea a nova vers\u00e3o do Curso Online (EAD) Avan\u00e7ado de Diagn\u00f3stico, Diferencia\u00e7\u00e3o e Tratamento da Medicina Chinesa!<\/h4>\n<ul>\n<li>Ele foi ampliado, revisado e conta com um novo material did\u00e1tico.<\/li>\n<li>Maior detalhamento em todos os aspectos do Diagn\u00f3stico, estudo avan\u00e7ado de combina\u00e7\u00f5es e f\u00f3rmulas de pontos de acupuntura e maior acervo de f\u00f3rmulas fitoter\u00e1picas para todos os Padr\u00f5es de Desarmonia dos \u00d3rg\u00e3os e V\u00edsceras!<\/li>\n<li><span style=\"color: #800000;\"><strong>Tudo isso por meio de 52 aulas gravadas em alta qualidade, totalizando 117 horas de aula!<\/strong><\/span><\/li>\n<\/ul>\n<h1>Apresenta\u00e7\u00e3o<\/h1>\n<p>A Medicina Chinesa possui uma l\u00f3gica \u00fanica que fundamenta sua forma de ver a sa\u00fade e a doen\u00e7a. Esta forma de pensar n\u00e3o \u00e9 pr\u00f3xima da nossa forma habitual de vermos o funcionamento do nosso organismo. O praticante ocidental da Medicina Chinesa tem muitas vezes dificuldade de interiorizar a forma como coleta, organiza, prioriza, raciocina e por fim conclui os dados cl\u00ednicos de seus pacientes. Atrav\u00e9s do Diagn\u00f3stico e da Diferencia\u00e7\u00e3o de S\u00edndromes feitos de forma refinada e profunda, o tratamento pela Medicina Chinesa ganha efic\u00e1cia em todas as suas ferramentas. Mas, al\u00e9m do racioc\u00ednio sobre o caso, buscamos tamb\u00e9m o aperfei\u00e7oamento no uso dos pontos de acupuntura e das f\u00f3rmulas fitoter\u00e1picas.<\/p>\n<p><strong>Este curso ent\u00e3o tem como objetivo aperfei\u00e7oar a pr\u00e1tica diagn\u00f3stica, a interpreta\u00e7\u00e3o dos dados, o racioc\u00ednio da Medicina Chinesa e a defini\u00e7\u00e3o do tratamento, pelo entendimento aprofundado dos efeitos dos pontos de acupuntura e das f\u00f3rmulas fitoter\u00e1picas.<\/strong><\/p>\n<p><strong>Pr\u00e9-requisitos:\u00a0<\/strong>profissional formado em Acupuntura ou estudante de curso de forma\u00e7\u00e3o com 50% do curso completo.<\/p>\n<h2><strong>Conte\u00fado program\u00e1tico:<\/strong><\/h2>\n<ul>\n<li>A elabora\u00e7\u00e3o da anamnese completa, incluindo;\n<ul>\n<li>O Interrogat\u00f3rio;<\/li>\n<li>A Pulsologia;<\/li>\n<li>A Semiologia da L\u00edngua;<\/li>\n<li>A Inspe\u00e7\u00e3o.<\/li>\n<\/ul>\n<\/li>\n<li>A Diferencia\u00e7\u00e3o de S\u00edndromes pelos Oito Princ\u00edpios (Ba Gan);<\/li>\n<li>A Diferencia\u00e7\u00e3o de S\u00edndromes pelos \u00d3rg\u00e3os e V\u00edsceras (Zang Fu);<\/li>\n<li>Indica\u00e7\u00e3o de pontos de acupuntura, assim como a sua forma de utiliza\u00e7\u00e3o para todos os Padr\u00f5es de Desarmonias dados no curso;<\/li>\n<li>Indica\u00e7\u00e3o de f\u00f3rmulas fitoter\u00e1picas e a compreens\u00e3o de seus efeitos e contraindica\u00e7\u00f5es para todos os Padr\u00f5es de Desarmonias vistos no curso.<\/li>\n<\/ul>\n<p><strong>Novidade:<\/strong> o curso foi revisado com novos conte\u00fados de Diagn\u00f3stico, novas f\u00f3rmulas fitoter\u00e1picas e novo material did\u00e1tico. Para quem j\u00e1 fez o curso, presencial ou online, e quiser refaz\u00ea-lo, tem desconto de 50%. Entre em contato para mais informa\u00e7\u00f5es pelo <a href=\"https:\/\/api.whatsapp.com\/send?phone=5511994545359\"><strong>whatsapp: 11 99454-5359<\/strong><\/a><\/p>\n<p><strong>Professor:<\/strong>\u00a0<a href=\"https:\/\/www.terapiaschinesas.com.br\/index.php\/equipe\/\">Edgar Cantelli Gaspar<\/a><\/p>\n<h2>CURSO ONLINE \u2013 BENEF\u00cdCIOS<\/h2>\n<ul>\n<li><strong>Curso dispon\u00edvel na plataforma Google Classroom<\/strong>, muito f\u00e1cil e intuitiva de utilizar.<\/li>\n<li><strong>Linha do tempo<\/strong>\u00a0dispon\u00edvel em cada aula:\u00a0<strong>localize facilmente o conte\u00fado<\/strong>\u00a0que quer ver e rever.<\/li>\n<\/ul>\n<h1>Investimento<\/h1>\n<ul>\n<li>Aproveite o valor promocional de lan\u00e7amento \u00e0 vista via pix de R$6.400,00 &#8211; <a href=\"https:\/\/api.whatsapp.com\/send?phone=5511994545359\"><strong>entre em contato para essa op\u00e7\u00e3o no Whatsapp: 11 99454-5359<\/strong><\/a><\/li>\n<li>Ou pague pelo site atrav\u00e9s do PagSeguro parcelando em at\u00e9 12x.<\/li>\n<\/ul>\n<p>Para d\u00favidas e informa\u00e7\u00f5es, escreva para\u00a0<a href=\"mailto:contato@terapiaschinesas.com.br\">contato@terapiaschinesas.com.br<\/a>\u00a0ou para o <a href=\"https:\/\/api.whatsapp.com\/send?phone=5511994545359\"><strong>Whatsapp: 11 99454-5359<\/strong><\/a><\/p>\n","protected":false},"excerpt":{"rendered":"<h4>\u00c9 com muito orgulho que trazemos a voc\u00ea a nova vers\u00e3o do Curso Online (EAD) Avan\u00e7ado de Diagn\u00f3stico, Diferencia\u00e7\u00e3o e Tratamento da Medicina Chinesa!<\/h4>\n<ul>\n<li>Ele foi ampliado, revisado e conta com um novo material did\u00e1tico.<\/li>\n<li>Maior detalhamento em todos os aspectos do Diagn\u00f3stico, estudo avan\u00e7ado de combina\u00e7\u00f5es e f\u00f3rmulas de pontos de acupuntura e maior acervo de f\u00f3rmulas fitoter\u00e1picas para todos os Padr\u00f5es de Desarmonia dos \u00d3rg\u00e3os e V\u00edsceras!<\/li>\n<li><span style=\"color: #800000;\"><strong>Tudo isso por meio de 52 aulas gravadas em alta qualidade, totalizando 117 horas de aula!<\/strong><\/span><\/li>\n<\/ul>\n","protected":false},"featured_media":3688,"template":"","meta":[],"product_brand":[],"product_cat":[459],"product_tag":[],"class_list":{"0":"post-3686","1":"product","2":"type-product","3":"status-publish","4":"has-post-thumbnail","6":"product_cat-sem-categoria","8":"first","9":"instock","10":"shipping-taxable","11":"purchasable","12":"product-type-simple"},"jetpack_sharing_enabled":true,"acf":[],"_links":{"self":[{"href":"https:\/\/www.terapiaschinesas.com.br\/index.php\/wp-json\/wp\/v2\/product\/3686","targetHints":{"allow":["GET"]}}],"collection":[{"href":"https:\/\/www.terapiaschinesas.com.br\/index.php\/wp-json\/wp\/v2\/product"}],"about":[{"href":"https:\/\/www.terapiaschinesas.com.br\/index.php\/wp-json\/wp\/v2\/types\/product"}],"wp:featuredmedia":[{"embeddable":true,"href":"https:\/\/www.terapiaschinesas.com.br\/index.php\/wp-json\/wp\/v2\/media\/3688"}],"wp:attachment":[{"href":"https:\/\/www.terapiaschinesas.com.br\/index.php\/wp-json\/wp\/v2\/media?parent=3686"}],"wp:term":[{"taxonomy":"product_brand","embeddable":true,"href":"https:\/\/www.terapiaschinesas.com.br\/index.php\/wp-json\/wp\/v2\/product_brand?post=3686"},{"taxonomy":"product_cat","embeddable":true,"href":"https:\/\/www.terapiaschinesas.com.br\/index.php\/wp-json\/wp\/v2\/product_cat?post=3686"},{"taxonomy":"product_tag","embeddable":true,"href":"https:\/\/www.terapiaschinesas.com.br\/index.php\/wp-json\/wp\/v2\/product_tag?post=3686"}],"curies":[{"name":"wp","href":"https:\/\/api.w.org\/{rel}","templated":true}]}}