{"id":3700,"date":"2023-11-30T12:03:01","date_gmt":"2023-11-30T15:03:01","guid":{"rendered":"https:\/\/www.terapiaschinesas.com.br\/?post_type=product&#038;p=3700"},"modified":"2025-11-30T20:51:36","modified_gmt":"2025-11-30T23:51:36","slug":"como-viver-ate-os-100-segundo-a-medicina-chinesa","status":"publish","type":"product","link":"https:\/\/www.terapiaschinesas.com.br\/index.php\/produto\/como-viver-ate-os-100-segundo-a-medicina-chinesa\/","title":{"rendered":"Como Viver At\u00e9 os 100 Segundo a Medicina Chinesa"},"content":{"rendered":"<p><img fetchpriority=\"high\" decoding=\"async\" class=\"aligncenter size-full wp-image-3702\" src=\"https:\/\/www.terapiaschinesas.com.br\/wp-content\/uploads\/2023\/11\/BANNER-SITE_COMO-VIVER-100-menor.png\" alt=\"\" width=\"1000\" height=\"563\" srcset=\"https:\/\/www.terapiaschinesas.com.br\/wp-content\/uploads\/2023\/11\/BANNER-SITE_COMO-VIVER-100-menor.png 1000w, https:\/\/www.terapiaschinesas.com.br\/wp-content\/uploads\/2023\/11\/BANNER-SITE_COMO-VIVER-100-menor-300x169.png 300w, https:\/\/www.terapiaschinesas.com.br\/wp-content\/uploads\/2023\/11\/BANNER-SITE_COMO-VIVER-100-menor-768x432.png 768w, https:\/\/www.terapiaschinesas.com.br\/wp-content\/uploads\/2023\/11\/BANNER-SITE_COMO-VIVER-100-menor-600x338.png 600w\" sizes=\"(max-width: 1000px) 100vw, 1000px\" \/><\/p>\n<p>A Medicina Chinesa tem como princ\u00edpio fundamental o cultivo de uma vida saud\u00e1vel e longeva, para podermos ter condi\u00e7\u00f5es de alcan\u00e7ar a felicidade. Seu primeiro e principal livro, o \u201cTratado Interno do Imperador Amarelo\u201d, discute profundamente os h\u00e1bitos, as premissas e os amadurecimentos psicoemocionais para que isso seja realmente poss\u00edvel. Mas ser\u00e1 que esses preceitos se aplicam ao mundo de hoje?<\/p>\n<p>O escritor Dan Buettner vem h\u00e1 d\u00e9cadas estudando as 5 Zonas Azuis &#8211; comunidades onde as pessoas t\u00eam vidas longas, saud\u00e1veis e felizes. Ap\u00f3s v\u00e1rios livros publicados, recentemente a Netflix lan\u00e7ou uma excelente s\u00e9rie, guiada pelo pr\u00f3prio autor: <a href=\"https:\/\/www.netflix.com\/br\/title\/81214929\" target=\"_blank\" rel=\"noopener\">Como Viver at\u00e9 os 100<\/a>. As cinco regi\u00f5es do mundo (Okinawa, no Jap\u00e3o, Loma Linda, nos Estados Unidos, Ic\u00e1ria, na Gr\u00e9cia, Pen\u00ednsula de Nicoya, na Costa Rica, e a Sardenha, na It\u00e1lia) s\u00e3o ricamente detalhadas.<\/p>\n<p>Neste minicurso, o Prof. Edgar Cantelli, junto da sua turma de estudos do \u201cTratado Interno do Imperador Amarelo\u201d, discutem todos os t\u00f3picos levantados como caracter\u00edsticas marcantes e definidoras das Zonas Azuis segundo o entendimento da Medicina Chinesa. Estudamos as caracter\u00edsticas de estilo de vida, de alimenta\u00e7\u00e3o, de h\u00e1bitos, de comunidade. Revela-se assim que esta Medicina, por estar baseada e alinhada com a natureza no sentido mais amplo, segue sendo um caminho seguro, pr\u00e1tico e maravilhoso para o cultivo de uma sa\u00fade vi\u00e1vel e coerente.<\/p>\n<p>Mergulhe conosco nessa profunda e transformada reflex\u00e3o em 4 aulas gravadas, totalizando 6 horas de conte\u00fado.<\/p>\n<ul>\n<li>Investimento: R$250,00<\/li>\n<li>Acesso via Google Sala de Aula<\/li>\n<li>Acesso vital\u00edcio (fa\u00e7a e refa\u00e7a as aulas quando quiser)<\/li>\n<\/ul>\n<p><!-- notionvc: ad5f622a-1c19-4556-b322-5dc18ff8f6dc --><\/p>\n","protected":false},"excerpt":{"rendered":"<p>Neste minicurso, o Prof. Edgar Cantelli, junto da sua turma de estudos do \u201cTratado Interno do Imperador Amarelo\u201d, discutem todos os t\u00f3picos levantados como caracter\u00edsticas marcantes e definidoras das Zonas Azuis segundo o entendimento da Medicina Chinesa. Estudamos as caracter\u00edsticas de estilo de vida, de alimenta\u00e7\u00e3o, de h\u00e1bitos, de comunidade.<\/p>\n<p>Revela-se assim que esta Medicina, por estar baseada e alinhada com a natureza no sentido mais amplo, segue sendo um caminho seguro, pr\u00e1tico e maravilhoso para o cultivo de uma sa\u00fade vi\u00e1vel e coerente.<\/p>\n","protected":false},"featured_media":3703,"template":"","meta":[],"product_brand":[],"product_cat":[459],"product_tag":[],"class_list":{"0":"post-3700","1":"product","2":"type-product","3":"status-publish","4":"has-post-thumbnail","6":"product_cat-sem-categoria","8":"first","9":"instock","10":"virtual","11":"purchasable","12":"product-type-simple"},"acf":[],"jetpack_sharing_enabled":true,"_links":{"self":[{"href":"https:\/\/www.terapiaschinesas.com.br\/index.php\/wp-json\/wp\/v2\/product\/3700","targetHints":{"allow":["GET"]}}],"collection":[{"href":"https:\/\/www.terapiaschinesas.com.br\/index.php\/wp-json\/wp\/v2\/product"}],"about":[{"href":"https:\/\/www.terapiaschinesas.com.br\/index.php\/wp-json\/wp\/v2\/types\/product"}],"wp:featuredmedia":[{"embeddable":true,"href":"https:\/\/www.terapiaschinesas.com.br\/index.php\/wp-json\/wp\/v2\/media\/3703"}],"wp:attachment":[{"href":"https:\/\/www.terapiaschinesas.com.br\/index.php\/wp-json\/wp\/v2\/media?parent=3700"}],"wp:term":[{"taxonomy":"product_brand","embeddable":true,"href":"https:\/\/www.terapiaschinesas.com.br\/index.php\/wp-json\/wp\/v2\/product_brand?post=3700"},{"taxonomy":"product_cat","embeddable":true,"href":"https:\/\/www.terapiaschinesas.com.br\/index.php\/wp-json\/wp\/v2\/product_cat?post=3700"},{"taxonomy":"product_tag","embeddable":true,"href":"https:\/\/www.terapiaschinesas.com.br\/index.php\/wp-json\/wp\/v2\/product_tag?post=3700"}],"curies":[{"name":"wp","href":"https:\/\/api.w.org\/{rel}","templated":true}]}}