{"id":3764,"date":"2024-04-05T10:29:07","date_gmt":"2024-04-05T13:29:07","guid":{"rendered":"https:\/\/www.terapiaschinesas.com.br\/?post_type=product&#038;p=3764"},"modified":"2025-11-30T20:51:26","modified_gmt":"2025-11-30T23:51:26","slug":"obstetricia-na-medicina-chinesa","status":"publish","type":"product","link":"https:\/\/www.terapiaschinesas.com.br\/index.php\/produto\/obstetricia-na-medicina-chinesa\/","title":{"rendered":"Obstetr\u00edcia na Medicina Chinesa"},"content":{"rendered":"<p><img fetchpriority=\"high\" decoding=\"async\" class=\"aligncenter wp-image-3765 size-large\" src=\"https:\/\/www.terapiaschinesas.com.br\/wp-content\/uploads\/2024\/04\/TUMBNAIL-OBSTETRICIA_gravado-1024x819.jpg\" alt=\"\" width=\"960\" height=\"768\" srcset=\"https:\/\/www.terapiaschinesas.com.br\/wp-content\/uploads\/2024\/04\/TUMBNAIL-OBSTETRICIA_gravado-1024x819.jpg 1024w, https:\/\/www.terapiaschinesas.com.br\/wp-content\/uploads\/2024\/04\/TUMBNAIL-OBSTETRICIA_gravado-300x240.jpg 300w, https:\/\/www.terapiaschinesas.com.br\/wp-content\/uploads\/2024\/04\/TUMBNAIL-OBSTETRICIA_gravado-768x614.jpg 768w, https:\/\/www.terapiaschinesas.com.br\/wp-content\/uploads\/2024\/04\/TUMBNAIL-OBSTETRICIA_gravado-1140x912.jpg 1140w, https:\/\/www.terapiaschinesas.com.br\/wp-content\/uploads\/2024\/04\/TUMBNAIL-OBSTETRICIA_gravado-600x480.jpg 600w, https:\/\/www.terapiaschinesas.com.br\/wp-content\/uploads\/2024\/04\/TUMBNAIL-OBSTETRICIA_gravado-75x60.jpg 75w, https:\/\/www.terapiaschinesas.com.br\/wp-content\/uploads\/2024\/04\/TUMBNAIL-OBSTETRICIA_gravado-113x90.jpg 113w, https:\/\/www.terapiaschinesas.com.br\/wp-content\/uploads\/2024\/04\/TUMBNAIL-OBSTETRICIA_gravado.jpg 1350w\" sizes=\"(max-width: 960px) 100vw, 960px\" \/><\/p>\n<p>Na vis\u00e3o taoista da Medicina Chinesa, a gesta\u00e7\u00e3o \u00e9 um per\u00edodo profundamente m\u00e1gico. Em uma mulher saud\u00e1vel, o desenvolvimento de uma nova vida acontece naturalmente. \u00c9 um momento representativo da m\u00e1xima virtude, o W\u00fa W\u00e9i (\u7121\u70ba), o agir sem press\u00e3o, pressa ou inten\u00e7\u00e3o. Uma gesta\u00e7\u00e3o equilibrada beneficia n\u00e3o somente o beb\u00ea, mas tamb\u00e9m a m\u00e3e, contrariando a vis\u00e3o de que se trata de um per\u00edodo inerentemente desgastante para a sa\u00fade da mulher.<\/p>\n<p>Com o intuito de proporcionar um cen\u00e1rio que favore\u00e7a a sa\u00fade natural da gestante, visando o equil\u00edbrio mencionado, a Medicina Chinesa trata este per\u00edodo com in\u00fameros e espec\u00edficos cuidados, recomenda\u00e7\u00f5es e sabedoria.<\/p>\n<p>Mas, para al\u00e9m da vis\u00e3o de manuten\u00e7\u00e3o de sa\u00fade, temos tamb\u00e9m profundos recursos de tratamento para as mais variadas quest\u00f5es t\u00edpicas da gesta\u00e7\u00e3o, do parto e do per\u00edodo p\u00f3s-parto. Os primeiros registros sobre estes tratamentos datam da Dinastia Shang (1.500 \u2013 1000 a.C.) e seguiram se refinando at\u00e9 hoje.<\/p>\n<p>Neste curso, desenvolvido com enorme carinho e pesquisa, e composto de <strong>36 horas de aulas gravadas<\/strong> ao vivo, veremos:<\/p>\n<ul>\n<li>O entendimento de todas as mudan\u00e7as fisiol\u00f3gicas da gesta\u00e7\u00e3o;<\/li>\n<li>O conceito de \u201cAcalmar o Feto\u201d;<\/li>\n<li>Cuidados com os usos dos fitoter\u00e1picos e dos pontos;<\/li>\n<li>Recomenda\u00e7\u00f5es de h\u00e1bitos e dieta;<\/li>\n<li>A vis\u00e3o da Medicina Chinesa para cada per\u00edodo da gesta\u00e7\u00e3o;<\/li>\n<li>Tratamentos para:<\/li>\n<\/ul>\n<ol>\n<li>Enjoo;<\/li>\n<li>Constipa\u00e7\u00e3o;<\/li>\n<li>Infec\u00e7\u00e3o urin\u00e1ria;<\/li>\n<li>Amea\u00e7a de aborto;<\/li>\n<li>Abortos recorrentes;<\/li>\n<li>Edema;<\/li>\n<li>Tontura;<\/li>\n<li>Pr\u00e9-ecl\u00e2mpsia.<\/li>\n<li>Posicionamento cef\u00e1lico do beb\u00ea;<\/li>\n<li>Aux\u00edlio no trabalho de parto;<\/li>\n<li>Depress\u00e3o p\u00f3s-parto;<\/li>\n<li>Dor abdominal p\u00f3s-parto;<\/li>\n<li>Hemorroidas;<\/li>\n<li>Dificuldades na lacta\u00e7\u00e3o e mastite.<\/li>\n<\/ol>\n<p><strong>Pr\u00e9-requisitos:\u00a0<\/strong>profissional formado em Acupuntura ou estudante de curso de forma\u00e7\u00e3o com 50% do curso completo.<\/p>\n<p><strong>Professor:<\/strong>\u00a0<a href=\"https:\/\/www.terapiaschinesas.com.br\/index.php\/equipe\/\">Edgar Cantelli Gaspar<\/a><\/p>\n<h3>Investimento<\/h3>\n<p>Op\u00e7\u00e3o 1: R$2.200 no cart\u00e3o \u00e0 vista ou por parcelamento via PagSeguro<\/p>\n<p>Op\u00e7\u00e3o 2: Parcelamento em 4 parcelas de R$550,00 via pix &#8211; \u00a0<a href=\"https:\/\/api.whatsapp.com\/send?phone=5511994545359\"><strong>entre em contato para essa op\u00e7\u00e3o no Whatsapp: 11 99454-5359<\/strong><\/a><\/p>\n<p>Op\u00e7\u00e3o 3:\u00a0 Pagamento \u00e0 vista com desconto via pix &#8211; R$1.990,00 &#8211; \u00a0<a href=\"https:\/\/api.whatsapp.com\/send?phone=5511994545359\"><strong>entre em contato para essa op\u00e7\u00e3o no Whatsapp: 11 99454-5359<\/strong><\/a><\/p>\n<h2>CURSO ONLINE \u2013 BENEF\u00cdCIOS<\/h2>\n<ul>\n<li><strong>Curso dispon\u00edvel na plataforma Google Classroom<\/strong>, muito f\u00e1cil e intuitiva de utilizar.<\/li>\n<li><strong>Linha do tempo<\/strong>\u00a0dispon\u00edvel em cada aula:\u00a0<strong>localize facilmente o conte\u00fado<\/strong>\u00a0que quer ver e rever.<\/li>\n<li><strong>Acesso vital\u00edcio<\/strong> (fa\u00e7a e refa\u00e7a as aulas quando quiser)<\/li>\n<\/ul>\n<p>Para d\u00favidas e informa\u00e7\u00f5es, escreva para\u00a0<a href=\"mailto:contato@terapiaschinesas.com.br\">contato@terapiaschinesas.com.br<\/a>\u00a0ou para o\u00a0<a href=\"https:\/\/api.whatsapp.com\/send?phone=5511994545359\"><strong>Whatsapp: 11 99454-5359<\/strong><\/a><\/p>\n<p><!-- notionvc: ad5f622a-1c19-4556-b322-5dc18ff8f6dc --><\/p>\n","protected":false},"excerpt":{"rendered":"<p>Neste curso, desenvolvido com enorme carinho e pesquisa pelo Prof. Edgar, e composto de <strong>36 horas de aulas gravadas<\/strong> ao vivo, veremos:<\/p>\n<ul>\n<li>O entendimento de todas as mudan\u00e7as fisiol\u00f3gicas da gesta\u00e7\u00e3o;<\/li>\n<li>O conceito de \u201cAcalmar o Feto\u201d;<\/li>\n<li>Cuidados com os usos dos fitoter\u00e1picos e dos pontos;<\/li>\n<li>Recomenda\u00e7\u00f5es de h\u00e1bitos e dieta;<\/li>\n<li>A vis\u00e3o da Medicina Chinesa para cada per\u00edodo da gesta\u00e7\u00e3o;<\/li>\n<li>Tratamentos para:<\/li>\n<\/ul>\n<ol>\n<li>Enjoo;<\/li>\n<li>Constipa\u00e7\u00e3o;<\/li>\n<li>Infec\u00e7\u00e3o urin\u00e1ria;<\/li>\n<li>Amea\u00e7a de aborto;<\/li>\n<li>Abortos recorrentes;<\/li>\n<li>Edema;<\/li>\n<li>Tontura;<\/li>\n<li>Pr\u00e9-ecl\u00e2mpsia.<\/li>\n<li>Posicionamento cef\u00e1lico do beb\u00ea;<\/li>\n<li>Aux\u00edlio no trabalho de parto;<\/li>\n<li>Depress\u00e3o p\u00f3s-parto;<\/li>\n<li>Dor abdominal p\u00f3s-parto;<\/li>\n<li>Hemorroidas;<\/li>\n<li>Dificuldades na lacta\u00e7\u00e3o e mastite.<\/li>\n<\/ol>\n","protected":false},"featured_media":3767,"template":"","meta":[],"product_brand":[],"product_cat":[459],"product_tag":[461,507,545,491,493,544,543,542,546,548,547],"class_list":{"0":"post-3764","1":"product","2":"type-product","3":"status-publish","4":"has-post-thumbnail","6":"product_cat-sem-categoria","7":"product_tag-acupuntura","8":"product_tag-fitoterapia","9":"product_tag-gestante","10":"product_tag-ginecologia","11":"product_tag-medicina-chinesa","12":"product_tag-medicina-tradicional-chinesa","13":"product_tag-mtc","14":"product_tag-obstetricia","15":"product_tag-parto","16":"product_tag-pos-parto","17":"product_tag-puerperio","19":"first","20":"instock","21":"virtual","22":"purchasable","23":"product-type-simple"},"jetpack_sharing_enabled":true,"acf":[],"_links":{"self":[{"href":"https:\/\/www.terapiaschinesas.com.br\/index.php\/wp-json\/wp\/v2\/product\/3764","targetHints":{"allow":["GET"]}}],"collection":[{"href":"https:\/\/www.terapiaschinesas.com.br\/index.php\/wp-json\/wp\/v2\/product"}],"about":[{"href":"https:\/\/www.terapiaschinesas.com.br\/index.php\/wp-json\/wp\/v2\/types\/product"}],"wp:featuredmedia":[{"embeddable":true,"href":"https:\/\/www.terapiaschinesas.com.br\/index.php\/wp-json\/wp\/v2\/media\/3767"}],"wp:attachment":[{"href":"https:\/\/www.terapiaschinesas.com.br\/index.php\/wp-json\/wp\/v2\/media?parent=3764"}],"wp:term":[{"taxonomy":"product_brand","embeddable":true,"href":"https:\/\/www.terapiaschinesas.com.br\/index.php\/wp-json\/wp\/v2\/product_brand?post=3764"},{"taxonomy":"product_cat","embeddable":true,"href":"https:\/\/www.terapiaschinesas.com.br\/index.php\/wp-json\/wp\/v2\/product_cat?post=3764"},{"taxonomy":"product_tag","embeddable":true,"href":"https:\/\/www.terapiaschinesas.com.br\/index.php\/wp-json\/wp\/v2\/product_tag?post=3764"}],"curies":[{"name":"wp","href":"https:\/\/api.w.org\/{rel}","templated":true}]}}