{"id":3897,"date":"2025-09-08T15:20:47","date_gmt":"2025-09-08T18:20:47","guid":{"rendered":"https:\/\/www.terapiaschinesas.com.br\/?post_type=product&#038;p=3897"},"modified":"2026-05-11T11:18:31","modified_gmt":"2026-05-11T14:18:31","slug":"nei-jing-tu-o-diagrama-da-circulacao-interna","status":"publish","type":"product","link":"https:\/\/www.terapiaschinesas.com.br\/index.php\/produto\/nei-jing-tu-o-diagrama-da-circulacao-interna\/","title":{"rendered":"Nei Jing Tu &#8211; O Diagrama da Circula\u00e7\u00e3o Interna"},"content":{"rendered":"<p><img fetchpriority=\"high\" decoding=\"async\" class=\"aligncenter size-large wp-image-3898\" src=\"https:\/\/www.terapiaschinesas.com.br\/wp-content\/uploads\/2025\/09\/1-819x1024.png\" alt=\"\" width=\"819\" height=\"1024\" srcset=\"https:\/\/www.terapiaschinesas.com.br\/wp-content\/uploads\/2025\/09\/1-819x1024.png 819w, https:\/\/www.terapiaschinesas.com.br\/wp-content\/uploads\/2025\/09\/1-240x300.png 240w, https:\/\/www.terapiaschinesas.com.br\/wp-content\/uploads\/2025\/09\/1-768x960.png 768w, https:\/\/www.terapiaschinesas.com.br\/wp-content\/uploads\/2025\/09\/1-600x750.png 600w, https:\/\/www.terapiaschinesas.com.br\/wp-content\/uploads\/2025\/09\/1.png 1080w\" sizes=\"(max-width: 819px) 100vw, 819px\" \/><\/p>\n<p>&nbsp;<\/p>\n<p>Uma das imagens mais ic\u00f4nicas da tradi\u00e7\u00e3o taoista \u00e9 o <em>Nei Jing Tu<\/em>, que pode ser traduzido como o Diagrama da Circula\u00e7\u00e3o Interna. Ele retrata, como um verdadeiro infogr\u00e1fico, a fisiologia humana e as nuances para a sa\u00fade e a longevidade, dando as condi\u00e7\u00f5es para a alquimia interna taoista, de maneira po\u00e9tica e criativa, rica em cultura e refer\u00eancias sofisticadas e, ao mesmo tempo, did\u00e1ticas.<\/p>\n<p>Esse curso online \u00e9 resultado de tr\u00eas aulas ministradas originalmente no curso &#8220;Desvendando o Imperador Amarelo&#8221;, dedicadas \u00e0 profunda compreens\u00e3o deste s\u00edmbolo do taoismo e da medicina chinesa.<\/p>\n<p><strong>Professor:<\/strong>\u00a0<a href=\"https:\/\/www.terapiaschinesas.com.br\/index.php\/equipe\/\">Edgar Cantelli Gaspar<\/a><\/p>\n<h3>Investimento<\/h3>\n<ul>\n<li>R$350,00 via PagSeguro ou via pix \u2013 \u00a0<a href=\"https:\/\/api.whatsapp.com\/send?phone=5511994545359\"><strong>entre em contato para essa op\u00e7\u00e3o no Whatsapp: 11 99454-5359<\/strong><\/a><\/li>\n<\/ul>\n<h2>CURSO ONLINE \u2013 BENEF\u00cdCIOS<\/h2>\n<ul>\n<li><strong>Curso dispon\u00edvel na plataforma Google Classroom<\/strong>, muito f\u00e1cil e intuitiva de utilizar.<\/li>\n<li><strong>Acesso vital\u00edcio<\/strong>\u00a0(fa\u00e7a e refa\u00e7a as aulas quando quiser)<\/li>\n<\/ul>\n<p>Para d\u00favidas e informa\u00e7\u00f5es, escreva para\u00a0<a href=\"mailto:contato@terapiaschinesas.com.br\">contato@terapiaschinesas.com.br<\/a>\u00a0ou para o\u00a0<a href=\"https:\/\/api.whatsapp.com\/send?phone=5511994545359\"><strong>Whatsapp: 11 99454-5359<\/strong><\/a><\/p>\n","protected":false},"excerpt":{"rendered":"<p>Uma das imagens mais ic\u00f4nicas da tradi\u00e7\u00e3o taoista \u00e9 o <em>Nei Jing Tu<\/em>, que pode ser traduzido como o Diagrama da Circula\u00e7\u00e3o Interna. Ele retrata, como um verdadeiro infogr\u00e1fico, a fisiologia humana e as nuances para a sa\u00fade e a longevidade, dando as condi\u00e7\u00f5es para a alquimia interna taoista, de maneira po\u00e9tica e criativa, rica em cultura e refer\u00eancias sofisticadas e, ao mesmo tempo, did\u00e1ticas.<\/p>\n","protected":false},"featured_media":3899,"template":"","meta":[],"product_brand":[],"product_cat":[459],"product_tag":[569,566,490,567,491,568,570],"class_list":{"0":"post-3897","1":"product","2":"type-product","3":"status-publish","4":"has-post-thumbnail","6":"product_cat-sem-categoria","7":"product_tag-ansiedade","8":"product_tag-curso-online","9":"product_tag-diagnostico","10":"product_tag-estudos-de-caso","11":"product_tag-ginecologia","12":"product_tag-queda-de-cabelo","13":"product_tag-tratamento","15":"first","16":"instock","17":"shipping-taxable","18":"purchasable","19":"product-type-simple"},"acf":[],"jetpack_sharing_enabled":true,"_links":{"self":[{"href":"https:\/\/www.terapiaschinesas.com.br\/index.php\/wp-json\/wp\/v2\/product\/3897","targetHints":{"allow":["GET"]}}],"collection":[{"href":"https:\/\/www.terapiaschinesas.com.br\/index.php\/wp-json\/wp\/v2\/product"}],"about":[{"href":"https:\/\/www.terapiaschinesas.com.br\/index.php\/wp-json\/wp\/v2\/types\/product"}],"wp:featuredmedia":[{"embeddable":true,"href":"https:\/\/www.terapiaschinesas.com.br\/index.php\/wp-json\/wp\/v2\/media\/3899"}],"wp:attachment":[{"href":"https:\/\/www.terapiaschinesas.com.br\/index.php\/wp-json\/wp\/v2\/media?parent=3897"}],"wp:term":[{"taxonomy":"product_brand","embeddable":true,"href":"https:\/\/www.terapiaschinesas.com.br\/index.php\/wp-json\/wp\/v2\/product_brand?post=3897"},{"taxonomy":"product_cat","embeddable":true,"href":"https:\/\/www.terapiaschinesas.com.br\/index.php\/wp-json\/wp\/v2\/product_cat?post=3897"},{"taxonomy":"product_tag","embeddable":true,"href":"https:\/\/www.terapiaschinesas.com.br\/index.php\/wp-json\/wp\/v2\/product_tag?post=3897"}],"curies":[{"name":"wp","href":"https:\/\/api.w.org\/{rel}","templated":true}]}}