{"id":3923,"date":"2025-11-18T16:50:07","date_gmt":"2025-11-18T19:50:07","guid":{"rendered":"https:\/\/www.terapiaschinesas.com.br\/?post_type=product&#038;p=3923"},"modified":"2025-11-18T16:56:57","modified_gmt":"2025-11-18T19:56:57","slug":"criando-uma-relacao-saudavel-com-o-oraculo-do-i-ching","status":"publish","type":"product","link":"https:\/\/www.terapiaschinesas.com.br\/index.php\/produto\/criando-uma-relacao-saudavel-com-o-oraculo-do-i-ching\/","title":{"rendered":"Criando uma rela\u00e7\u00e3o saud\u00e1vel com o or\u00e1culo do I Ching"},"content":{"rendered":"<p><img fetchpriority=\"high\" decoding=\"async\" class=\"alignleft size-medium wp-image-3924\" src=\"https:\/\/www.terapiaschinesas.com.br\/wp-content\/uploads\/2025\/11\/Copia-de-Copia-de-Copia-de-WORKSHOP-1000-x-1000-px-300x300.png\" alt=\"\" width=\"300\" height=\"300\" srcset=\"https:\/\/www.terapiaschinesas.com.br\/wp-content\/uploads\/2025\/11\/Copia-de-Copia-de-Copia-de-WORKSHOP-1000-x-1000-px-300x300.png 300w, https:\/\/www.terapiaschinesas.com.br\/wp-content\/uploads\/2025\/11\/Copia-de-Copia-de-Copia-de-WORKSHOP-1000-x-1000-px-150x150.png 150w, https:\/\/www.terapiaschinesas.com.br\/wp-content\/uploads\/2025\/11\/Copia-de-Copia-de-Copia-de-WORKSHOP-1000-x-1000-px-768x768.png 768w, https:\/\/www.terapiaschinesas.com.br\/wp-content\/uploads\/2025\/11\/Copia-de-Copia-de-Copia-de-WORKSHOP-1000-x-1000-px-75x75.png 75w, https:\/\/www.terapiaschinesas.com.br\/wp-content\/uploads\/2025\/11\/Copia-de-Copia-de-Copia-de-WORKSHOP-1000-x-1000-px-600x600.png 600w, https:\/\/www.terapiaschinesas.com.br\/wp-content\/uploads\/2025\/11\/Copia-de-Copia-de-Copia-de-WORKSHOP-1000-x-1000-px-100x100.png 100w, https:\/\/www.terapiaschinesas.com.br\/wp-content\/uploads\/2025\/11\/Copia-de-Copia-de-Copia-de-WORKSHOP-1000-x-1000-px.png 1000w\" sizes=\"(max-width: 300px) 100vw, 300px\" \/><\/p>\n<p>A pr\u00e1tica oracular do I Ching (Y\u00ec J\u012bng \u2013 \u6613\u7d93) \u00e9 uma das ferramentas mais importantes da viv\u00eancia da filosofia taoista no cotidiano. Quando bem conduzida, nos aproxima das leis da Natureza, trazendo os seus c\u00f3digos, imagens, textos e cen\u00e1rios para a aplica\u00e7\u00e3o direta nos nossos desafios reais. Pode nos orientar de maneira muito concreta para o que chamamos de \u201ctransmuta\u00e7\u00e3o\u201d \u2013 alterar um caminho desfavor\u00e1vel que se configura no nosso destino, para um novo, mais harm\u00f4nico, s\u00e1bio e luminoso.<\/p>\n<p>Para isso, a nossa rela\u00e7\u00e3o com essa ferramenta precisa de refinamento. Saber quando perguntar, o que perguntar, como perguntar e o que n\u00e3o perguntar, s\u00e3o aspectos nada \u00f3bvios e que precisam de profunda elabora\u00e7\u00e3o, troca e discuss\u00e3o.<\/p>\n<p>Tendo como princ\u00edpio transmitir o m\u00e1ximo da experi\u00eancia do Prof. Edgar Cantelli, nessa rela\u00e7\u00e3o com o or\u00e1culo, realizamos esse workshop no dia 4 de novembro de 2025, com 3 horas de dura\u00e7\u00e3o.<\/p>\n<p>Essa aula \u00e9 voltada para todos os interessados na pr\u00e1tica oracular do I Ching, iniciantes ou experientes.<\/p>\n<p>Edgar Cantelli \u00e9 professor e consultor de I Ching h\u00e1 20 anos, autor do livro \u201cO Tao da Mente na vis\u00e3o da Medicina Chinesa e do I Ching\u201d.<\/p>\n<p><strong>Professor:<\/strong>\u00a0<a href=\"https:\/\/www.terapiaschinesas.com.br\/index.php\/equipe\/\">Edgar Cantelli Gaspar<\/a><\/p>\n<h3>Investimento<\/h3>\n<ul>\n<li>R$150,00 via PagSeguro ou via pix \u2013 \u00a0<a href=\"https:\/\/api.whatsapp.com\/send?phone=5511994545359\"><strong>entre em contato para essa op\u00e7\u00e3o no Whatsapp: 11 99454-5359<\/strong><\/a><\/li>\n<\/ul>\n<h2>CURSO ONLINE \u2013 BENEF\u00cdCIOS<\/h2>\n<ul>\n<li><strong>Curso dispon\u00edvel na plataforma Google Classroom<\/strong>, muito f\u00e1cil e intuitiva de utilizar.<\/li>\n<li><strong>Acesso vital\u00edcio<\/strong>\u00a0(fa\u00e7a e refa\u00e7a as aulas quando quiser)<\/li>\n<\/ul>\n<p>Para d\u00favidas e informa\u00e7\u00f5es, escreva para\u00a0<a href=\"mailto:contato@terapiaschinesas.com.br\">contato@terapiaschinesas.com.br<\/a>\u00a0ou para o\u00a0<a href=\"https:\/\/api.whatsapp.com\/send?phone=5511994545359\"><strong>Whatsapp: 11 99454-5359<\/strong><\/a><\/p>\n","protected":false},"excerpt":{"rendered":"<p>A pr\u00e1tica oracular do I Ching (Y\u00ec J\u012bng \u2013 \u6613\u7d93) \u00e9 uma das ferramentas mais importantes da viv\u00eancia da filosofia taoista no cotidiano. Quando bem conduzida, nos aproxima das leis da Natureza, trazendo os seus c\u00f3digos, imagens, textos e cen\u00e1rios para a aplica\u00e7\u00e3o direta nos nossos desafios reais. Pode nos orientar de maneira muito concreta para o que chamamos de \u201ctransmuta\u00e7\u00e3o\u201d \u2013 alterar um caminho desfavor\u00e1vel que se configura no nosso destino, para um novo, mais harm\u00f4nico, s\u00e1bio e luminoso.<\/p>\n<p>Para isso, a nossa rela\u00e7\u00e3o com essa ferramenta precisa de refinamento. Saber quando perguntar, o que perguntar, como perguntar e o que n\u00e3o perguntar, s\u00e3o aspectos nada \u00f3bvios e que precisam de profunda elabora\u00e7\u00e3o, troca e discuss\u00e3o.<\/p>\n<p>Tendo como princ\u00edpio transmitir o m\u00e1ximo da experi\u00eancia do Prof. Edgar Cantelli, nessa rela\u00e7\u00e3o com o or\u00e1culo, realizamos esse workshop no dia 4 de novembro de 2025, com 3 horas de dura\u00e7\u00e3o.<\/p>\n","protected":false},"featured_media":3924,"template":"","meta":[],"product_brand":[],"product_cat":[459],"product_tag":[566,513,492,579,512,580,578],"class_list":{"0":"post-3923","1":"product","2":"type-product","3":"status-publish","4":"has-post-thumbnail","6":"product_cat-sem-categoria","7":"product_tag-curso-online","8":"product_tag-dao","9":"product_tag-i-ching","10":"product_tag-oraculo","11":"product_tag-tao","12":"product_tag-taoismo","13":"product_tag-yi-jing","15":"first","16":"instock","17":"shipping-taxable","18":"purchasable","19":"product-type-simple"},"jetpack_sharing_enabled":true,"acf":[],"_links":{"self":[{"href":"https:\/\/www.terapiaschinesas.com.br\/index.php\/wp-json\/wp\/v2\/product\/3923","targetHints":{"allow":["GET"]}}],"collection":[{"href":"https:\/\/www.terapiaschinesas.com.br\/index.php\/wp-json\/wp\/v2\/product"}],"about":[{"href":"https:\/\/www.terapiaschinesas.com.br\/index.php\/wp-json\/wp\/v2\/types\/product"}],"wp:featuredmedia":[{"embeddable":true,"href":"https:\/\/www.terapiaschinesas.com.br\/index.php\/wp-json\/wp\/v2\/media\/3924"}],"wp:attachment":[{"href":"https:\/\/www.terapiaschinesas.com.br\/index.php\/wp-json\/wp\/v2\/media?parent=3923"}],"wp:term":[{"taxonomy":"product_brand","embeddable":true,"href":"https:\/\/www.terapiaschinesas.com.br\/index.php\/wp-json\/wp\/v2\/product_brand?post=3923"},{"taxonomy":"product_cat","embeddable":true,"href":"https:\/\/www.terapiaschinesas.com.br\/index.php\/wp-json\/wp\/v2\/product_cat?post=3923"},{"taxonomy":"product_tag","embeddable":true,"href":"https:\/\/www.terapiaschinesas.com.br\/index.php\/wp-json\/wp\/v2\/product_tag?post=3923"}],"curies":[{"name":"wp","href":"https:\/\/api.w.org\/{rel}","templated":true}]}}