{"id":3943,"date":"2025-12-09T15:08:23","date_gmt":"2025-12-09T18:08:23","guid":{"rendered":"https:\/\/www.terapiaschinesas.com.br\/?post_type=product&#038;p=3943"},"modified":"2025-12-09T15:08:23","modified_gmt":"2025-12-09T18:08:23","slug":"principios-da-medicina-chinesa","status":"publish","type":"product","link":"https:\/\/www.terapiaschinesas.com.br\/index.php\/produto\/principios-da-medicina-chinesa\/","title":{"rendered":"Princ\u00edpios da Medicina Chinesa"},"content":{"rendered":"<p class=\"cvGsUA direction-ltr align-justify para-style-body\"><span class=\"a_GcMg font-feature-liga-off font-feature-clig-off font-feature-calt-off text-decoration-none text-strikethrough-none\"><img fetchpriority=\"high\" decoding=\"async\" class=\"alignleft size-medium wp-image-3944\" src=\"https:\/\/www.terapiaschinesas.com.br\/wp-content\/uploads\/2025\/12\/Principios-da-Medicina-Chinesa-curso-online-1000-x-1000-px-300x300.png\" alt=\"\" width=\"300\" height=\"300\" srcset=\"https:\/\/www.terapiaschinesas.com.br\/wp-content\/uploads\/2025\/12\/Principios-da-Medicina-Chinesa-curso-online-1000-x-1000-px-300x300.png 300w, https:\/\/www.terapiaschinesas.com.br\/wp-content\/uploads\/2025\/12\/Principios-da-Medicina-Chinesa-curso-online-1000-x-1000-px-150x150.png 150w, https:\/\/www.terapiaschinesas.com.br\/wp-content\/uploads\/2025\/12\/Principios-da-Medicina-Chinesa-curso-online-1000-x-1000-px-768x768.png 768w, https:\/\/www.terapiaschinesas.com.br\/wp-content\/uploads\/2025\/12\/Principios-da-Medicina-Chinesa-curso-online-1000-x-1000-px-75x75.png 75w, https:\/\/www.terapiaschinesas.com.br\/wp-content\/uploads\/2025\/12\/Principios-da-Medicina-Chinesa-curso-online-1000-x-1000-px-600x600.png 600w, https:\/\/www.terapiaschinesas.com.br\/wp-content\/uploads\/2025\/12\/Principios-da-Medicina-Chinesa-curso-online-1000-x-1000-px-100x100.png 100w, https:\/\/www.terapiaschinesas.com.br\/wp-content\/uploads\/2025\/12\/Principios-da-Medicina-Chinesa-curso-online-1000-x-1000-px.png 1000w\" sizes=\"(max-width: 300px) 100vw, 300px\" \/>Este curso online tem como princ\u00edpio introduzir ao aluno leigo os fundamentos da Medicina <\/span><span class=\"a_GcMg font-feature-liga-off font-feature-clig-off font-feature-calt-off text-decoration-none text-strikethrough-none\">Tradicional Chinesa, para que ele possa compreender o funcionamento do seu corpo e, a partir disso, ter uma rela\u00e7\u00e3o harm\u00f4nica com a natureza, aprendendo a cultivar a sua sa\u00fade e prevenindo adoecimentos. Ele n\u00e3o \u00e9 um curso profissionalizante, mas sim uma introdu\u00e7\u00e3o a essa sabedoria ancestral, que pode melhorar muito a nossa qualidade de vida e nossa consci\u00eancia sobre as din\u00e2micas da sa\u00fade.<\/span><\/p>\n<p>As aulas gravadas (10 horas) foram ministradas online em novembro de 2025 pelas professoras Adriana Ferreira e Joice Freire, com a coordena\u00e7\u00e3o do Prof. Edgar Cantelli.<\/p>\n<p>Temas do curso:<\/p>\n<ul>\n<li>Origem de Yin e Yang<\/li>\n<li>Origem l\u00f3gica no Y\u00ec J\u012bng (\u6613\u7d93) &#8211; I Ching<\/li>\n<li>Conceito de Qi<\/li>\n<li>5 Movimentos<\/li>\n<li>Tr\u00eas Tesouros (Ess\u00eancia, Energia e Mente)<\/li>\n<li>Subst\u00e2ncias Vitais<\/li>\n<li>Os 5 Aspectos da Mente<\/li>\n<li>\u00d3rg\u00e3os e V\u00edsceras<\/li>\n<li>Introdu\u00e7\u00e3o aos Canais<\/li>\n<li>Etiologia (origem das doen\u00e7as)<\/li>\n<li>Introdu\u00e7\u00e3o \u00e0 Dietoterapia Chinesa<\/li>\n<li>Introdu\u00e7\u00e3o ao Qi Gong<\/li>\n<\/ul>\n<p>&nbsp;<\/p>\n<p>&nbsp;<\/p>\n","protected":false},"excerpt":{"rendered":"<p><span class=\"a_GcMg font-feature-liga-off font-feature-clig-off font-feature-calt-off text-decoration-none text-strikethrough-none\">Este curso online tem como princ\u00edpio introduzir ao aluno leigo os fundamentos da Medicina <\/span><span class=\"a_GcMg font-feature-liga-off font-feature-clig-off font-feature-calt-off text-decoration-none text-strikethrough-none\">Tradicional Chinesa, para que ele possa compreender o funcionamento do seu corpo e, a partir disso, ter uma rela\u00e7\u00e3o harm\u00f4nica com a natureza, aprendendo a cultivar a sua sa\u00fade e prevenindo adoecimentos. Ele n\u00e3o \u00e9 um curso profissionalizante, mas sim uma introdu\u00e7\u00e3o a essa sabedoria ancestral, que pode melhorar muito a nossa qualidade de vida e nossa consci\u00eancia sobre as din\u00e2micas da sa\u00fade.<\/span><\/p>\n","protected":false},"featured_media":3944,"template":"","meta":[],"product_brand":[],"product_cat":[459],"product_tag":[],"class_list":{"0":"post-3943","1":"product","2":"type-product","3":"status-publish","4":"has-post-thumbnail","6":"product_cat-sem-categoria","8":"first","9":"instock","10":"shipping-taxable","11":"purchasable","12":"product-type-simple"},"jetpack_sharing_enabled":true,"acf":[],"_links":{"self":[{"href":"https:\/\/www.terapiaschinesas.com.br\/index.php\/wp-json\/wp\/v2\/product\/3943","targetHints":{"allow":["GET"]}}],"collection":[{"href":"https:\/\/www.terapiaschinesas.com.br\/index.php\/wp-json\/wp\/v2\/product"}],"about":[{"href":"https:\/\/www.terapiaschinesas.com.br\/index.php\/wp-json\/wp\/v2\/types\/product"}],"wp:featuredmedia":[{"embeddable":true,"href":"https:\/\/www.terapiaschinesas.com.br\/index.php\/wp-json\/wp\/v2\/media\/3944"}],"wp:attachment":[{"href":"https:\/\/www.terapiaschinesas.com.br\/index.php\/wp-json\/wp\/v2\/media?parent=3943"}],"wp:term":[{"taxonomy":"product_brand","embeddable":true,"href":"https:\/\/www.terapiaschinesas.com.br\/index.php\/wp-json\/wp\/v2\/product_brand?post=3943"},{"taxonomy":"product_cat","embeddable":true,"href":"https:\/\/www.terapiaschinesas.com.br\/index.php\/wp-json\/wp\/v2\/product_cat?post=3943"},{"taxonomy":"product_tag","embeddable":true,"href":"https:\/\/www.terapiaschinesas.com.br\/index.php\/wp-json\/wp\/v2\/product_tag?post=3943"}],"curies":[{"name":"wp","href":"https:\/\/api.w.org\/{rel}","templated":true}]}}